{"id":7202,"date":"2025-02-15T15:02:57","date_gmt":"2025-02-15T15:02:57","guid":{"rendered":"https:\/\/revnink.com\/?page_id=7202"},"modified":"2025-02-17T12:09:02","modified_gmt":"2025-02-17T12:09:02","slug":"cum-comand","status":"publish","type":"page","link":"https:\/\/revnink.com\/en\/cum-comand\/","title":{"rendered":"Cum comand?"},"content":{"rendered":"<div data-elementor-type=\"wp-page\" data-elementor-id=\"7202\" class=\"elementor elementor-7202\">\n\t\t\t\t<div class=\"elementor-element elementor-element-75db544 e-flex e-con-boxed e-con e-parent\" data-id=\"75db544\" data-element_type=\"container\" data-e-type=\"container\">\n\t\t\t\t\t<div class=\"e-con-inner\">\n\t\t\t\t<div class=\"elementor-element elementor-element-0312a88 elementor-widget elementor-widget-heading\" data-id=\"0312a88\" data-element_type=\"widget\" data-e-type=\"widget\" data-widget_type=\"heading.default\">\n\t\t\t\t<div class=\"elementor-widget-container\">\n\t\t\t\t\t<h1 class=\"elementor-heading-title elementor-size-default\">CUM COMAND?<\/h1>\t\t\t\t<\/div>\n\t\t\t\t<\/div>\n\t\t\t\t\t<\/div>\n\t\t\t\t<\/div>\n\t\t<div class=\"elementor-element elementor-element-7c48488 e-flex e-con-boxed e-con e-parent\" data-id=\"7c48488\" data-element_type=\"container\" data-e-type=\"container\">\n\t\t\t\t\t<div class=\"e-con-inner\">\n\t\t\t\t<div class=\"elementor-element elementor-element-83679a7 elementor-widget-divider--view-line_text elementor-widget-divider--element-align-center elementor-widget elementor-widget-divider\" data-id=\"83679a7\" data-element_type=\"widget\" data-e-type=\"widget\" data-widget_type=\"divider.default\">\n\t\t\t\t<div class=\"elementor-widget-container\">\n\t\t\t\t\t\t\t<div class=\"elementor-divider\">\n\t\t\t<span class=\"elementor-divider-separator\">\n\t\t\t\t\t\t\t<span class=\"elementor-divider__text elementor-divider__element\">\n\t\t\t\t\u2022 \u2022 \u2022\t\t\t\t<\/span>\n\t\t\t\t\t\t<\/span>\n\t\t<\/div>\n\t\t\t\t\t\t<\/div>\n\t\t\t\t<\/div>\n\t\t\t\t\t<\/div>\n\t\t\t\t<\/div>\n\t\t<div class=\"elementor-element elementor-element-8b5076e e-flex e-con-boxed e-con e-parent\" data-id=\"8b5076e\" data-element_type=\"container\" data-e-type=\"container\">\n\t\t\t\t\t<div class=\"e-con-inner\">\n\t\t\t\t<div class=\"elementor-element elementor-element-9001cd0 elementor-widget elementor-widget-heading\" data-id=\"9001cd0\" data-element_type=\"widget\" data-e-type=\"widget\" data-widget_type=\"heading.default\">\n\t\t\t\t<div class=\"elementor-widget-container\">\n\t\t\t\t\t<h2 class=\"elementor-heading-title elementor-size-default\">Ghidul Comenzii Tale Personalizate<\/h2>\t\t\t\t<\/div>\n\t\t\t\t<\/div>\n\t\t\t\t\t<\/div>\n\t\t\t\t<\/div>\n\t\t<div class=\"elementor-element elementor-element-de566e6 e-flex e-con-boxed e-con e-parent\" data-id=\"de566e6\" data-element_type=\"container\" data-e-type=\"container\">\n\t\t\t\t\t<div class=\"e-con-inner\">\n\t\t\t\t<div class=\"elementor-element elementor-element-e16714f elementor-widget elementor-widget-text-editor\" data-id=\"e16714f\" data-element_type=\"widget\" data-e-type=\"widget\" data-widget_type=\"text-editor.default\">\n\t\t\t\t<div class=\"elementor-widget-container\">\n\t\t\t\t\t\t\t\t\t<p>La <strong data-start=\"59\" data-end=\"70\">RevnInk<\/strong>, fiecare produs este unic \u0219i creat special pentru tine, de aceea procesul de comand\u0103 poate p\u0103rea diferit fa\u021b\u0103 de alte site-uri. Vrem s\u0103 \u00ee\u021bi explic\u0103m pas cu pas cum func\u021bioneaz\u0103, astfel \u00eenc\u00e2t s\u0103 ai o experien\u021b\u0103 simpl\u0103 \u0219i f\u0103r\u0103 stres.<\/p>\t\t\t\t\t\t\t\t<\/div>\n\t\t\t\t<\/div>\n\t\t\t\t\t<\/div>\n\t\t\t\t<\/div>\n\t\t<div class=\"elementor-element elementor-element-7594a24 e-flex e-con-boxed e-con e-parent\" data-id=\"7594a24\" data-element_type=\"container\" data-e-type=\"container\">\n\t\t\t\t\t<div class=\"e-con-inner\">\n\t\t\t\t<div class=\"elementor-element elementor-element-27089b9 elementor-widget elementor-widget-text-editor\" data-id=\"27089b9\" data-element_type=\"widget\" data-e-type=\"widget\" data-widget_type=\"text-editor.default\">\n\t\t\t\t<div class=\"elementor-widget-container\">\n\t\t\t\t\t\t\t\t\t<h4 data-start=\"311\" data-end=\"340\">1. <strong data-start=\"318\" data-end=\"338\">Ad\u0103ugarea \u00een Co\u0219<\/strong><\/h4>\n<p data-start=\"341\" data-end=\"607\">Chiar dac\u0103 vezi un co\u0219 de cump\u0103r\u0103turi pe site, acesta nu este folosit pentru procesarea pl\u0103\u021bii. Scopul s\u0103u este doar s\u0103 \u00ee\u021bi arate un estimat al costului final al comenzii. Astfel, vei putea s\u0103 \u00ee\u021bi formezi o viziune de ansamblu asupra pre\u021bului, at\u00e2t tu, c\u00e2t \u0219i noi.<\/p>\n<h4 data-start=\"614\" data-end=\"650\">2. <strong data-start=\"621\" data-end=\"648\">Pagina fiec\u0103rei Comenzi<\/strong><\/h4>\n<p data-start=\"651\" data-end=\"820\">Fiecare produs de pe site are detalii clare \u0219i complete pentru a te ajuta s\u0103 \u00een\u021belegi exact ce comanzi. Pe fiecare pagin\u0103 a produsului vei g\u0103si urm\u0103toarele informa\u021bii:<\/p>\n<ul data-start=\"822\" data-end=\"1523\">\n<li data-start=\"822\" data-end=\"896\"><strong data-start=\"824\" data-end=\"839\">Dimensiuni:<\/strong> Detalii despre dimensiunile disponibile pentru produs.<\/li>\n<li data-start=\"897\" data-end=\"970\"><strong data-start=\"899\" data-end=\"913\">Materiale:<\/strong> Tipul de material din care este confec\u021bionat produsul.<\/li>\n<li data-start=\"971\" data-end=\"1139\"><strong data-start=\"973\" data-end=\"997\">Timpul de produc\u021bie:<\/strong> Deoarece produsele sunt realizate pe comand\u0103, timpul de produc\u021bie variaz\u0103. Te vom informa clar despre acest timp \u00een pagina fiec\u0103rui produs.<\/li>\n<li data-start=\"1140\" data-end=\"1265\"><strong data-start=\"1142\" data-end=\"1161\">Pre\u021b estimativ:<\/strong> Pre\u021bul final poate suferi mici ajust\u0103ri, dar vei vedea un estimat de cost \u00eenainte de a plasa comanda.<\/li>\n<li data-start=\"1266\" data-end=\"1523\"><strong data-start=\"1268\" data-end=\"1291\">Link c\u0103tre stocuri:<\/strong> Fiecare produs include un link c\u0103tre pagina de stocuri, unde po\u021bi verifica disponibilitatea materialelor. Te rug\u0103m s\u0103 \u021bii cont c\u0103 aceast\u0103 pagin\u0103 nu este actualizat\u0103 automat, \u00eens\u0103 ne str\u0103duim s\u0103 o men\u021binem c\u00e2t mai precis\u0103 posibil.<\/li>\n<\/ul>\n<h4 data-start=\"1530\" data-end=\"1569\">3. <strong data-start=\"1537\" data-end=\"1567\">Completarea &#8222;Not\u0103 Comand\u0103&#8221;<\/strong><\/h4>\n<p data-start=\"1570\" data-end=\"1903\">\u00cen sec\u021biunea \u201eNot\u0103 la Comand\u0103\u201d, po\u021bi ad\u0103uga orice detalii suplimentare sau cerin\u021be speciale referitoare la produsul dorit. Dac\u0103 ai \u00eentreb\u0103ri sau specifica\u021bii detaliate, ne po\u021bi contacta \u0219i prin email, folosind formularul de contact disponibil pe site. \u00cen acest fel, vom putea clarifica orice nel\u0103muriri \u00eenainte de a merge mai departe.<\/p>\n<h4 data-start=\"1910\" data-end=\"1954\">4. <strong data-start=\"1917\" data-end=\"1952\">Confirmarea \u0219i Aprobarea Final\u0103<\/strong><\/h4>\n<p data-start=\"1955\" data-end=\"2179\">Dup\u0103 ce comunic\u0103m prin email \u0219i ajungem la o variant\u0103 final\u0103 a produsului care \u00ee\u021bi satisface cerin\u021bele, \u00ee\u021bi vom trimite o confirmare. Aceasta va include detaliile finale ale produsului, pre\u021bul exact \u0219i termenul de livrare.<\/p>\n<p data-start=\"2181\" data-end=\"2376\"><strong data-start=\"2181\" data-end=\"2195\">Important:<\/strong> Abia dup\u0103 ce dai OK-ul final asupra variantei de produs \u0219i confirmi detaliile, vom continua cu produc\u021bia. Vom emite o factur\u0103 proform\u0103 pe care \u021bi-o vom trimite pentru confirmare.&nbsp;V\u0103 inform\u0103m c\u0103 lansarea comenzii \u00een produc\u021bie se va face doar dup\u0103 primirea dovezii de plat\u0103 din partea dumneavoastr\u0103. Dup\u0103 ce vom verifica intrarea pl\u0103\u021bii, v\u0103 vom confirma \u00een scris c\u0103 produc\u021bia a fost demarat\u0103. P\u00e2n\u0103 la confirmarea pl\u0103\u021bii, comanda va r\u0103m\u00e2ne \u00een a\u0219teptare.<\/p>\n<h4 data-start=\"2383\" data-end=\"2410\">5. <strong data-start=\"2390\" data-end=\"2408\">Plata Comenzii<\/strong><\/h4>\n<p data-start=\"2411\" data-end=\"2658\">Pentru a \u00eencepe produc\u021bia, avem nevoie de confirmarea pl\u0103\u021bii integrale. Dup\u0103 ce prime\u0219ti factura proform\u0103, te rug\u0103m s\u0103 efectuezi plata \u0219i s\u0103 ne trimi\u021bi dovada pl\u0103\u021bii. Doar dup\u0103 primirea dovezii pl\u0103\u021bii integrale, vom \u00eencepe procesul de produc\u021bie.<\/p>\n<p data-start=\"2660\" data-end=\"2891\"><strong data-start=\"2660\" data-end=\"2680\">Not\u0103 important\u0103:<\/strong> Av\u00e2nd \u00een vedere c\u0103 produsele noastre sunt personalizate, nu putem modifica sau returna produsele odat\u0103 ce produc\u021bia a \u00eenceput. De aceea, asigur\u0103-te c\u0103 toate detaliile sunt corecte \u00eenainte de a da OK-ul final.<\/p>\n<h4 data-start=\"2898\" data-end=\"2932\">6. <strong data-start=\"2905\" data-end=\"2930\">Produc\u021bia \u0219i Livrarea<\/strong><\/h4>\n<p data-start=\"2933\" data-end=\"3180\">Dup\u0103 ce plata este confirmat\u0103, vom \u00eencepe producerea produsului. Vei fi informat pe parcurs cu privire la stadiul comenzii. Timpul de produc\u021bie variaz\u0103 \u00een func\u021bie de complexitatea produsului, dar te vom \u021bine la curent cu orice detaliu important.<\/p>\n<h4 data-start=\"3187\" data-end=\"3220\"><strong data-start=\"3191\" data-end=\"3218\">De ce s\u0103 alegi RevnInk?<\/strong><\/h4>\n<ul data-start=\"3221\" data-end=\"3554\">\n<li data-start=\"3221\" data-end=\"3331\"><strong data-start=\"3223\" data-end=\"3254\">Produse personalizate unice<\/strong> \u2013 Fiecare produs este realizat special pentru tine, cu aten\u021bie la detalii.<\/li>\n<li data-start=\"3332\" data-end=\"3445\"><strong data-start=\"3334\" data-end=\"3357\">Transparen\u021b\u0103 total\u0103<\/strong> \u2013 Te inform\u0103m despre fiecare etap\u0103 a procesului, astfel \u00eenc\u00e2t s\u0103 fii mereu la curent.<\/li>\n<li data-start=\"3446\" data-end=\"3554\"><strong data-start=\"3448\" data-end=\"3466\">Suport dedicat<\/strong> \u2013 Dac\u0103 ai orice \u00eentrebare sau nel\u0103murire, echipa noastr\u0103 este aici pentru a te ajuta.<\/li>\n<\/ul>\n<p data-start=\"3561\" data-end=\"3657\" data-is-last-node=\"\"><strong data-start=\"3561\" data-end=\"3597\">\u00ce\u021bi mul\u021bumim c\u0103 ai ales RevnInk!<\/strong><br data-start=\"3597\" data-end=\"3600\">Suntem aici pentru a transforma ideile tale \u00een realitate.<\/p>\t\t\t\t\t\t\t\t<\/div>\n\t\t\t\t<\/div>\n\t\t\t\t\t<\/div>\n\t\t\t\t<\/div>\n\t\t<div class=\"elementor-element elementor-element-6105f13 e-flex e-con-boxed e-con e-parent\" data-id=\"6105f13\" data-element_type=\"container\" data-e-type=\"container\">\n\t\t\t\t\t<div class=\"e-con-inner\">\n\t\t\t\t<div class=\"elementor-element elementor-element-76a3de5 elementor-widget elementor-widget-text-editor\" data-id=\"76a3de5\" data-element_type=\"widget\" data-e-type=\"widget\" data-widget_type=\"text-editor.default\">\n\t\t\t\t<div class=\"elementor-widget-container\">\n\t\t\t\t\t\t\t\t\t<h4><strong>Ai \u00eentreb\u0103ri?<\/strong><\/h4><p>Te \u00eencuraj\u0103m s\u0103 consul\u021bi sec\u021biunea noastr\u0103 de <a href=\"https:\/\/revnink.com\/en\/contact\/\"><span style=\"color: #800000;\"><strong>\u00centreb\u0103ri \u0219i R\u0103spunsuri<\/strong><\/span><\/a> de pe pagina de <a href=\"https:\/\/revnink.com\/en\/contact\/\"><strong>Contact<\/strong><\/a>. Acolo vei g\u0103si informa\u021bii utile care te-ar putea ajuta s\u0103 ob\u021bii rapid clarific\u0103rile de care ai nevoie.<\/p><p>Iar pentru orice alte nel\u0103muriri, nu ezita s\u0103 ne contactezi la adresa de email <strong>office@revnink.com<\/strong> .\u00a0<\/p>\t\t\t\t\t\t\t\t<\/div>\n\t\t\t\t<\/div>\n\t\t\t\t<div class=\"elementor-element elementor-element-65abefb elementor-widget elementor-widget-spacer\" data-id=\"65abefb\" data-element_type=\"widget\" data-e-type=\"widget\" data-widget_type=\"spacer.default\">\n\t\t\t\t<div class=\"elementor-widget-container\">\n\t\t\t\t\t\t\t<div class=\"elementor-spacer\">\n\t\t\t<div class=\"elementor-spacer-inner\"><\/div>\n\t\t<\/div>\n\t\t\t\t\t\t<\/div>\n\t\t\t\t<\/div>\n\t\t\t\t\t<\/div>\n\t\t\t\t<\/div>\n\t\t<div class=\"elementor-element elementor-element-7283729 e-flex e-con-boxed e-con e-parent\" data-id=\"7283729\" data-element_type=\"container\" data-e-type=\"container\">\n\t\t\t\t\t<div class=\"e-con-inner\">\n\t\t\t\t<div class=\"elementor-element elementor-element-9a48153 elementor-widget elementor-widget-spacer\" data-id=\"9a48153\" data-element_type=\"widget\" data-e-type=\"widget\" data-widget_type=\"spacer.default\">\n\t\t\t\t<div class=\"elementor-widget-container\">\n\t\t\t\t\t\t\t<div class=\"elementor-spacer\">\n\t\t\t<div class=\"elementor-spacer-inner\"><\/div>\n\t\t<\/div>\n\t\t\t\t\t\t<\/div>\n\t\t\t\t<\/div>\n\t\t\t\t\t<\/div>\n\t\t\t\t<\/div>\n\t\t\t\t<\/div>","protected":false},"excerpt":{"rendered":"<p>CUM COMAND? \u2022 \u2022 \u2022 Ghidul Comenzii Tale Personalizate La RevnInk, fiecare produs este unic \u0219i creat special pentru tine, de aceea procesul de comand\u0103 poate p\u0103rea diferit fa\u021b\u0103 de alte site-uri. Vrem s\u0103 \u00ee\u021bi explic\u0103m pas cu pas cum func\u021bioneaz\u0103, astfel \u00eenc\u00e2t s\u0103 ai o experien\u021b\u0103 simpl\u0103 \u0219i f\u0103r\u0103 stres. 1. Ad\u0103ugarea \u00een Co\u0219 [&hellip;]<\/p>\n","protected":false},"author":1,"featured_media":0,"parent":0,"menu_order":0,"comment_status":"closed","ping_status":"closed","template":"","meta":{"site-sidebar-layout":"no-sidebar","site-content-layout":"page-builder","ast-site-content-layout":"full-width-container","site-content-style":"default","site-sidebar-style":"default","ast-global-header-display":"","ast-banner-title-visibility":"","ast-main-header-display":"","ast-hfb-above-header-display":"","ast-hfb-below-header-display":"","ast-hfb-mobile-header-display":"","site-post-title":"disabled","ast-breadcrumbs-content":"","ast-featured-img":"disabled","footer-sml-layout":"","ast-disable-related-posts":"","theme-transparent-header-meta":"","adv-header-id-meta":"","stick-header-meta":"","header-above-stick-meta":"","header-main-stick-meta":"","header-below-stick-meta":"","astra-migrate-meta-layouts":"set","ast-page-background-enabled":"default","ast-page-background-meta":{"desktop":{"background-color":"","background-image":"","background-repeat":"repeat","background-position":"center center","background-size":"auto","background-attachment":"scroll","background-type":"","background-media":"","overlay-type":"","overlay-color":"","overlay-opacity":"","overlay-gradient":""},"tablet":{"background-color":"","background-image":"","background-repeat":"repeat","background-position":"center center","background-size":"auto","background-attachment":"scroll","background-type":"","background-media":"","overlay-type":"","overlay-color":"","overlay-opacity":"","overlay-gradient":""},"mobile":{"background-color":"","background-image":"","background-repeat":"repeat","background-position":"center center","background-size":"auto","background-attachment":"scroll","background-type":"","background-media":"","overlay-type":"","overlay-color":"","overlay-opacity":"","overlay-gradient":""}},"ast-content-background-meta":{"desktop":{"background-color":"var(--ast-global-color-5)","background-image":"","background-repeat":"repeat","background-position":"center center","background-size":"auto","background-attachment":"scroll","background-type":"","background-media":"","overlay-type":"","overlay-color":"","overlay-opacity":"","overlay-gradient":""},"tablet":{"background-color":"var(--ast-global-color-5)","background-image":"","background-repeat":"repeat","background-position":"center center","background-size":"auto","background-attachment":"scroll","background-type":"","background-media":"","overlay-type":"","overlay-color":"","overlay-opacity":"","overlay-gradient":""},"mobile":{"background-color":"var(--ast-global-color-5)","background-image":"","background-repeat":"repeat","background-position":"center center","background-size":"auto","background-attachment":"scroll","background-type":"","background-media":"","overlay-type":"","overlay-color":"","overlay-opacity":"","overlay-gradient":""}},"footnotes":""},"class_list":["post-7202","page","type-page","status-publish","hentry"],"_links":{"self":[{"href":"https:\/\/revnink.com\/en\/wp-json\/wp\/v2\/pages\/7202","targetHints":{"allow":["GET"]}}],"collection":[{"href":"https:\/\/revnink.com\/en\/wp-json\/wp\/v2\/pages"}],"about":[{"href":"https:\/\/revnink.com\/en\/wp-json\/wp\/v2\/types\/page"}],"author":[{"embeddable":true,"href":"https:\/\/revnink.com\/en\/wp-json\/wp\/v2\/users\/1"}],"replies":[{"embeddable":true,"href":"https:\/\/revnink.com\/en\/wp-json\/wp\/v2\/comments?post=7202"}],"version-history":[{"count":0,"href":"https:\/\/revnink.com\/en\/wp-json\/wp\/v2\/pages\/7202\/revisions"}],"wp:attachment":[{"href":"https:\/\/revnink.com\/en\/wp-json\/wp\/v2\/media?parent=7202"}],"curies":[{"name":"wp","href":"https:\/\/api.w.org\/{rel}","templated":true}]}}