{"id":7776,"date":"2025-03-20T17:50:03","date_gmt":"2025-03-20T17:50:03","guid":{"rendered":"https:\/\/revnink.com\/?page_id=7776"},"modified":"2025-03-20T18:20:28","modified_gmt":"2025-03-20T18:20:28","slug":"servicii-print-dtf","status":"publish","type":"page","link":"https:\/\/revnink.com\/en\/servicii-print-dtf\/","title":{"rendered":"Servicii &#8211; Print DTF"},"content":{"rendered":"\t\t<div data-elementor-type=\"wp-page\" data-elementor-id=\"7776\" class=\"elementor elementor-7776\">\n\t\t\t\t<div class=\"elementor-element elementor-element-1802172 e-flex e-con-boxed e-con e-parent\" data-id=\"1802172\" data-element_type=\"container\" data-e-type=\"container\">\n\t\t\t\t\t<div class=\"e-con-inner\">\n\t\t<div class=\"elementor-element elementor-element-9afd51e e-con-full e-flex e-con e-child\" data-id=\"9afd51e\" data-element_type=\"container\" data-e-type=\"container\">\n\t\t\t\t<div class=\"elementor-element elementor-element-eeb6e20 elementor-widget elementor-widget-heading\" data-id=\"eeb6e20\" data-element_type=\"widget\" data-e-type=\"widget\" data-widget_type=\"heading.default\">\n\t\t\t\t<div class=\"elementor-widget-container\">\n\t\t\t\t\t<h2 class=\"elementor-heading-title elementor-size-default\">Servicii - PRINT DTF<\/h2>\t\t\t\t<\/div>\n\t\t\t\t<\/div>\n\t\t\t\t<\/div>\n\t\t\t\t\t<\/div>\n\t\t\t\t<\/div>\n\t\t<div class=\"elementor-element elementor-element-3b6dca2 e-flex e-con-boxed e-con e-parent\" data-id=\"3b6dca2\" data-element_type=\"container\" data-e-type=\"container\">\n\t\t\t\t\t<div class=\"e-con-inner\">\n\t\t<div class=\"elementor-element elementor-element-3cea5ac e-con-full e-flex e-con e-child\" data-id=\"3cea5ac\" data-element_type=\"container\" data-e-type=\"container\">\n\t\t\t\t<div class=\"elementor-element elementor-element-ac7515e elementor-widget-divider--view-line elementor-widget elementor-widget-divider\" data-id=\"ac7515e\" data-element_type=\"widget\" data-e-type=\"widget\" data-widget_type=\"divider.default\">\n\t\t\t\t<div class=\"elementor-widget-container\">\n\t\t\t\t\t\t\t<div class=\"elementor-divider\">\n\t\t\t<span class=\"elementor-divider-separator\">\n\t\t\t\t\t\t<\/span>\n\t\t<\/div>\n\t\t\t\t\t\t<\/div>\n\t\t\t\t<\/div>\n\t\t\t\t<\/div>\n\t\t\t\t\t<\/div>\n\t\t\t\t<\/div>\n\t\t<div class=\"elementor-element elementor-element-fd895d1 e-flex e-con-boxed e-con e-parent\" data-id=\"fd895d1\" data-element_type=\"container\" data-e-type=\"container\">\n\t\t\t\t\t<div class=\"e-con-inner\">\n\t\t<div class=\"elementor-element elementor-element-1b21206 e-con-full e-flex e-con e-child\" data-id=\"1b21206\" data-element_type=\"container\" data-e-type=\"container\">\n\t\t\t\t<div class=\"elementor-element elementor-element-6a6a2d4 elementor-widget elementor-widget-text-editor\" data-id=\"6a6a2d4\" data-element_type=\"widget\" data-e-type=\"widget\" data-widget_type=\"text-editor.default\">\n\t\t\t\t<div class=\"elementor-widget-container\">\n\t\t\t\t\t\t\t\t\t<h5 style=\"text-align: center;\">Dac\u0103 dori\u021bi doar folia\u00a0 DTF printat\u0103 cu grafica proprie v\u0103 putem ajuta \u0219i cu acest serviciu.<\/h5>\t\t\t\t\t\t\t\t<\/div>\n\t\t\t\t<\/div>\n\t\t\t\t<\/div>\n\t\t\t\t\t<\/div>\n\t\t\t\t<\/div>\n\t\t<div class=\"elementor-element elementor-element-ec2d573 e-flex e-con-boxed e-con e-parent\" data-id=\"ec2d573\" data-element_type=\"container\" data-e-type=\"container\">\n\t\t\t\t\t<div class=\"e-con-inner\">\n\t\t<div class=\"elementor-element elementor-element-af8359a e-con-full e-flex e-con e-child\" data-id=\"af8359a\" data-element_type=\"container\" data-e-type=\"container\">\n\t\t<div class=\"elementor-element elementor-element-be28a90 e-con-full e-flex e-con e-child\" data-id=\"be28a90\" data-element_type=\"container\" data-e-type=\"container\">\n\t\t\t\t<div class=\"elementor-element elementor-element-977ee50 elementor-widget elementor-widget-text-editor\" data-id=\"977ee50\" data-element_type=\"widget\" data-e-type=\"widget\" data-widget_type=\"text-editor.default\">\n\t\t\t\t<div class=\"elementor-widget-container\">\n\t\t\t\t\t\t\t\t\t<p style=\"text-align: left;\" data-start=\"66\" data-end=\"237\">Prin serviciul de imprimare <strong data-start=\"94\" data-end=\"118\">DTF (Direct to Film)<\/strong>, v\u0103 oferim printuri, care pot fi aplicate pe propria \u00eembr\u0103c\u0103minte cu ajutorul unei prese termice.<\/p><ul style=\"text-align: left;\" data-start=\"270\" data-end=\"1160\"><li data-start=\"270\" data-end=\"473\"><p data-start=\"272\" data-end=\"473\"><strong data-start=\"272\" data-end=\"290\">Comand\u0103 minim\u0103<\/strong> \u2013 Pentru serviciul de imprimare DTF, comanda minim\u0103 este de <strong data-start=\"351\" data-end=\"369\">1 metru liniar<\/strong>. Grafica trebuie \u00eencadrat\u0103 pe o suprafa\u021b\u0103 de <strong data-start=\"415\" data-end=\"428\">28\u00d7100 cm<\/strong> (28 cm fiind l\u0103\u021bimea maxim\u0103 de imprimare).<\/p><\/li><li data-start=\"475\" data-end=\"902\"><p data-start=\"477\" data-end=\"585\"><strong data-start=\"477\" data-end=\"498\">Preg\u0103tire grafic\u0103<\/strong> \u2013 Indiferent de programul folosit, este esen\u021bial ca grafica s\u0103 fie preg\u0103tit\u0103 corect:<\/p><ul data-start=\"588\" data-end=\"902\"><li data-start=\"588\" data-end=\"624\">s\u0103 fie la <strong data-start=\"600\" data-end=\"621\">dimensiunea real\u0103<\/strong>;<\/li><li data-start=\"627\" data-end=\"678\">s\u0103 utilizeze imagini <strong data-start=\"650\" data-end=\"675\">de calitate (300 dpi)<\/strong>;<\/li><li data-start=\"681\" data-end=\"755\">s\u0103 fie realizat\u0103 \u00een <strong data-start=\"703\" data-end=\"752\">paleta de culori corespunz\u0103toare (CMYK \/ RGB)<\/strong>;<\/li><li data-start=\"758\" data-end=\"830\">s\u0103 <strong data-start=\"763\" data-end=\"787\">se evite gradientele<\/strong> sau elementele cu <strong data-start=\"806\" data-end=\"827\">opacitate sc\u0103zut\u0103<\/strong>;<\/li><li data-start=\"833\" data-end=\"902\">s\u0103 se foloseasc\u0103 <strong data-start=\"852\" data-end=\"875\">elemente vectoriale<\/strong> acolo unde este posibil.<br \/><br \/><\/li><\/ul><\/li><li data-start=\"904\" data-end=\"1160\"><p data-start=\"906\" data-end=\"1160\"><strong data-start=\"906\" data-end=\"923\">Export fi\u0219ier<\/strong> \u2013 Formatul acceptat este <strong data-start=\"949\" data-end=\"979\">.PNG cu fundal transparent<\/strong>. Dac\u0103 se lucreaz\u0103 cu vectori, fi\u0219ierul trebuie s\u0103 fie \u00een format <strong data-start=\"1044\" data-end=\"1051\">PDF<\/strong>, cu toate elementele convertite la curbe (<strong data-start=\"1094\" data-end=\"1110\">nededitabile<\/strong>), <strong data-start=\"1113\" data-end=\"1131\">f\u0103r\u0103 oglindire<\/strong> sau alte formate speciale.<\/p><\/li><\/ul><h3 style=\"text-align: left;\" data-start=\"1162\" data-end=\"1195\"><strong data-start=\"1166\" data-end=\"1193\">Transmiterea fi\u0219ierelor<\/strong><\/h3><p style=\"text-align: left;\" data-start=\"1197\" data-end=\"1231\">Fi\u0219ierul poate fi transmis prin:<\/p><ul data-start=\"1233\" data-end=\"1359\" data-is-last-node=\"\" data-is-only-node=\"\"><li style=\"text-align: left;\" data-start=\"1233\" data-end=\"1281\"><strong data-start=\"1235\" data-end=\"1245\">E-mail<\/strong>: la adresa <strong data-start=\"1257\" data-end=\"1279\"><a rel=\"noopener\" data-start=\"1259\" data-end=\"1277\">office@revnink.com<\/a><\/strong><\/li><li style=\"text-align: left;\" data-start=\"1282\" data-end=\"1359\" data-is-last-node=\"\"><strong data-start=\"1284\" data-end=\"1307\">Formular de comand\u0103<\/strong>: prin ata\u0219area unui link de desc\u0103rcare a fi\u0219ierului<\/li><\/ul>\t\t\t\t\t\t\t\t<\/div>\n\t\t\t\t<\/div>\n\t\t\t\t<\/div>\n\t\t<div class=\"elementor-element elementor-element-20c0581 e-con-full e-flex e-con e-child\" data-id=\"20c0581\" data-element_type=\"container\" data-e-type=\"container\">\n\t\t\t\t<div class=\"elementor-element elementor-element-8c62827 elementor-widget__width-initial elementor-widget elementor-widget-wpforms\" data-id=\"8c62827\" data-element_type=\"widget\" data-e-type=\"widget\" data-widget_type=\"wpforms.default\">\n\t\t\t\t<div class=\"elementor-widget-container\">\n\t\t\t\t\t<div class=\"wpforms-container \" id=\"wpforms-7789\"><form id=\"wpforms-form-7789\" class=\"wpforms-validate wpforms-form wpforms-ajax-form\" data-formid=\"7789\" method=\"post\" enctype=\"multipart\/form-data\" action=\"\/en\/wp-json\/wp\/v2\/pages\/7776\" data-token=\"0637479a880da7bb1f5b651cb2c327d0\" data-token-time=\"1776441027\"><noscript class=\"wpforms-error-noscript\">Please enable JavaScript in your browser to complete this form.<\/noscript><div class=\"wpforms-field-container\">\t\t<div id=\"wpforms-7789-field_1-container\"\n\t\t\tclass=\"wpforms-field wpforms-field-text\"\n\t\t\tdata-field-type=\"text\"\n\t\t\tdata-field-id=\"1\"\n\t\t\t>\n\t\t\t<label class=\"wpforms-field-label\" for=\"wpforms-7789-field_1\" >desc\u0103rcare fi\u0219ier Link<\/label>\n\t\t\t<input type=\"text\" id=\"wpforms-7789-field_1\" class=\"wpforms-field-medium\" name=\"wpforms[fields][1]\" >\n\t\t<\/div>\n\t\t<div id=\"wpforms-7789-field_2-container\" class=\"wpforms-field wpforms-field-text\" data-field-id=\"2\"><label class=\"wpforms-field-label\" for=\"wpforms-7789-field_2\">Nume <span class=\"wpforms-required-label\">*<\/span><\/label><input type=\"text\" id=\"wpforms-7789-field_2\" class=\"wpforms-field-medium wpforms-field-required\" name=\"wpforms[fields][2]\" required><\/div><div id=\"wpforms-7789-field_5-container\" class=\"wpforms-field wpforms-field-text\" data-field-id=\"5\"><label class=\"wpforms-field-label\" for=\"wpforms-7789-field_5\">Firm\u0103<\/label><input type=\"text\" id=\"wpforms-7789-field_5\" class=\"wpforms-field-medium\" name=\"wpforms[fields][5]\" ><\/div><div id=\"wpforms-7789-field_3-container\" class=\"wpforms-field wpforms-field-email\" data-field-id=\"3\"><label class=\"wpforms-field-label\" for=\"wpforms-7789-field_3\">Email <span class=\"wpforms-required-label\">*<\/span><\/label><input type=\"email\" id=\"wpforms-7789-field_3\" class=\"wpforms-field-medium wpforms-field-required\" name=\"wpforms[fields][3]\" spellcheck=\"false\" required><\/div><div id=\"wpforms-7789-field_7-container\" class=\"wpforms-field wpforms-field-text\" data-field-id=\"7\"><label class=\"wpforms-field-label\" for=\"wpforms-7789-field_7\">Link desc\u0103rcare fi\u0219ier<\/label><input type=\"text\" id=\"wpforms-7789-field_7\" class=\"wpforms-field-medium\" name=\"wpforms[fields][7]\" ><div class=\"wpforms-field-description\">\u00cencarc\u0103 fi\u0219ierul pe o platform\u0103 de distribuire (ex: wetransfer.com) copiaz\u0103 link-ul \u0219i plaseaz\u0103-l \u00een acest c\u00e2mp.<\/div><\/div><div id=\"wpforms-7789-field_6-container\" class=\"wpforms-field wpforms-field-textarea\" data-field-id=\"6\"><label class=\"wpforms-field-label\" for=\"wpforms-7789-field_6\">Mesaj <span class=\"wpforms-required-label\">*<\/span><\/label><textarea id=\"wpforms-7789-field_6\" class=\"wpforms-field-medium wpforms-field-required\" name=\"wpforms[fields][6]\" required><\/textarea><div class=\"wpforms-field-description\">Informa\u021biile furnizate \u00een comand\u0103 (cantitate, dimensiune, etc.) trebuie s\u0103 fie clare \u0219i relevante, pentru a putea calcula corect oferta de pre\u021b \u0219i pentru a evita erori sau \u00eent\u00e2rzieri \u00een procesul de produc\u021bie \u0219i livrare. <\/div><\/div><div id=\"wpforms-7789-field_9-container\" class=\"wpforms-field wpforms-field-payment-checkbox\" data-field-id=\"9\"><label class=\"wpforms-field-label\">Important! <span class=\"wpforms-required-label\">*<\/span><\/label><ul id=\"wpforms-7789-field_9\" class=\"wpforms-field-required\"><li class=\"choice-1\"><input type=\"checkbox\" id=\"wpforms-7789-field_9_1\" class=\"wpforms-payment-price\" data-amount=\"0.00\" name=\"wpforms[fields][9][]\" value=\"1\" required ><label class=\"wpforms-field-label-inline\" for=\"wpforms-7789-field_9_1\">Am citit \u0219i sunt de acord cu <a href=\"https:\/\/revnink.com\/ro\/termene-si-conditii\/\" target=\"_blank\">termenele \u0219i condi\u021biile<\/a> de colaborare.<\/label><\/li><\/ul><\/div><script>\n\t\t\t\t( function() {\n\t\t\t\t\tconst style = document.createElement( 'style' );\n\t\t\t\t\tstyle.appendChild( document.createTextNode( '#wpforms-7789-field_1-container { position: absolute !important; overflow: hidden !important; display: inline !important; height: 1px !important; width: 1px !important; z-index: -1000 !important; padding: 0 !important; } #wpforms-7789-field_1-container input { visibility: hidden; } #wpforms-conversational-form-page #wpforms-7789-field_1-container label { counter-increment: none; }' ) );\n\t\t\t\t\tdocument.head.appendChild( style );\n\t\t\t\t\tdocument.currentScript?.remove();\n\t\t\t\t} )();\n\t\t\t<\/script><\/div><!-- .wpforms-field-container --><div class=\"wpforms-submit-container\" ><input type=\"hidden\" name=\"wpforms[id]\" value=\"7789\"><input type=\"hidden\" name=\"page_title\" value=\"\"><input type=\"hidden\" name=\"page_url\" value=\"https:\/\/revnink.com\/en\/wp-json\/wp\/v2\/pages\/7776\"><input type=\"hidden\" name=\"url_referer\" value=\"\"><button type=\"submit\" name=\"wpforms[submit]\" id=\"wpforms-submit-7789\" class=\"wpforms-submit\" data-alt-text=\"Se trimite...\" data-submit-text=\"Trimite\" aria-live=\"assertive\" value=\"wpforms-submit\">Trimite<\/button><img decoding=\"async\" src=\"https:\/\/revnink.com\/wp-content\/plugins\/wpforms-lite\/assets\/images\/submit-spin.svg\" class=\"wpforms-submit-spinner\" style=\"display: none;\" width=\"26\" height=\"26\" alt=\"Loading\"><\/div><\/form><\/div>  <!-- .wpforms-container -->\t\t\t\t<\/div>\n\t\t\t\t<\/div>\n\t\t\t\t<\/div>\n\t\t\t\t<\/div>\n\t\t\t\t\t<\/div>\n\t\t\t\t<\/div>\n\t\t<div class=\"elementor-element elementor-element-5a23d6d e-flex e-con-boxed e-con e-parent\" data-id=\"5a23d6d\" data-element_type=\"container\" data-e-type=\"container\">\n\t\t\t\t\t<div class=\"e-con-inner\">\n\t\t<div class=\"elementor-element elementor-element-7213226 e-con-full e-flex e-con e-child\" data-id=\"7213226\" data-element_type=\"container\" data-e-type=\"container\">\n\t\t\t\t<div class=\"elementor-element elementor-element-2090f69 elementor-widget elementor-widget-heading\" data-id=\"2090f69\" data-element_type=\"widget\" data-e-type=\"widget\" data-widget_type=\"heading.default\">\n\t\t\t\t<div class=\"elementor-widget-container\">\n\t\t\t\t\t<h2 class=\"elementor-heading-title elementor-size-default\">Informa\u021bii suplimentare<\/h2>\t\t\t\t<\/div>\n\t\t\t\t<\/div>\n\t\t\t\t<\/div>\n\t\t\t\t\t<\/div>\n\t\t\t\t<\/div>\n\t\t<div class=\"elementor-element elementor-element-dba9973 e-flex e-con-boxed e-con e-parent\" data-id=\"dba9973\" data-element_type=\"container\" data-e-type=\"container\">\n\t\t\t\t\t<div class=\"e-con-inner\">\n\t\t<div class=\"elementor-element elementor-element-50db789 e-con-full e-flex e-con e-child\" data-id=\"50db789\" data-element_type=\"container\" data-e-type=\"container\">\n\t\t\t\t<div class=\"elementor-element elementor-element-603a17e e-n-tabs-mobile elementor-widget elementor-widget-n-tabs\" data-id=\"603a17e\" data-element_type=\"widget\" data-e-type=\"widget\" data-settings=\"{&quot;horizontal_scroll&quot;:&quot;disable&quot;}\" data-widget_type=\"nested-tabs.default\">\n\t\t\t\t<div class=\"elementor-widget-container\">\n\t\t\t\t\t\t\t<div class=\"e-n-tabs\" data-widget-number=\"100901246\" aria-label=\"Tabs. Open items with Enter or Space, close with Escape and navigate using the Arrow keys.\">\n\t\t\t<div class=\"e-n-tabs-heading\" role=\"tablist\">\n\t\t\t\t\t<button id=\"e-n-tab-title-1009012461\" data-tab-title-id=\"e-n-tab-title-1009012461\" class=\"e-n-tab-title\" aria-selected=\"true\" data-tab-index=\"1\" role=\"tab\" tabindex=\"0\" aria-controls=\"e-n-tab-content-1009012461\" style=\"--n-tabs-title-order: 1;\">\n\t\t\t\t\t\t<span class=\"e-n-tab-title-text\">\n\t\t\t\tDespre serviciul de PRINT DTF:\t\t\t<\/span>\n\t\t<\/button>\n\t\t\t\t\t<\/div>\n\t\t\t<div class=\"e-n-tabs-content\">\n\t\t\t\t<div id=\"e-n-tab-content-1009012461\" role=\"tabpanel\" aria-labelledby=\"e-n-tab-title-1009012461\" data-tab-index=\"1\" style=\"--n-tabs-title-order: 1;\" class=\"e-active elementor-element elementor-element-941ab74 e-con-full e-flex e-con e-child\" data-id=\"941ab74\" data-element_type=\"container\" data-e-type=\"container\">\n\t\t\t\t<div class=\"elementor-element elementor-element-a43cbca elementor-widget elementor-widget-text-editor\" data-id=\"a43cbca\" data-element_type=\"widget\" data-e-type=\"widget\" data-widget_type=\"text-editor.default\">\n\t\t\t\t<div class=\"elementor-widget-container\">\n\t\t\t\t\t\t\t\t\t<p style=\"text-align: left;\">C\u00e2nd preg\u0103ti\u021bi grafica, recomand\u0103m s\u0103 <strong>lucra\u021bi scar\u0103 1:1<\/strong>, astfel evit\u00e2nd necesitatea redimension\u0103rii \u0219i riscul pierderii calit\u0103\u021bii printului. Elementele s\u0103 fie pozi\u021bionate astfel \u00eenc\u00e2t s\u0103 v\u0103 permit\u0103 t\u0103ierea buc\u0103\u021bilor dorite f\u0103r\u0103 riscuri.<\/p><p style=\"text-align: left;\"><strong>Transferul<\/strong>\u00a0imprim\u0103rii de pe film se realizeaz\u0103 cu ajutorul unei\u00a0<strong>prese termice<\/strong>\u00a0dedicate acestui procedeu. Mai \u00eent\u00e2i, lua\u021bi tricoul curat \u0219i c\u0103lcat (f\u0103r\u0103 cute), \u00eel pozi\u021biona\u021bi pe platanul presei, iar deasupra pune\u021bi filmul imprimat \u00een zona dorit\u0103.\u00a0<\/p><p style=\"text-align: left;\"><strong>Seta\u021bi presa<\/strong>\u00a0la\u00a0<strong>130\u00b0C<\/strong>\u00a0\u0219i\u00a0<strong>8 secunde<\/strong>, plasa\u021bi o\u00a0<strong>foaie de copt<\/strong>\u00a0pentru protec\u021bie \u0219i efectua\u021bi prima presare. Dup\u0103 presare,<strong>\u00a0l\u0103sa\u021bi s\u0103 se r\u0103ceasc\u0103<\/strong>, \u00eendep\u0103rta\u021bi filmul \u0219i\u00a0<strong>efectua\u021bi o a doua presare timp de 3-4 secunde<\/strong>\u00a0la aceea\u0219i temperatur\u0103.<\/p><p style=\"text-align: left;\"><strong>Pentru o rezisten\u021b\u0103 crescut\u0103 \u00een timp, recomand\u0103m ca sp\u0103larea s\u0103 se fac\u0103 pe dos \u0219i la o temperatur\u0103 de maxim 30\u00b0C.<\/strong><\/p>\t\t\t\t\t\t\t\t<\/div>\n\t\t\t\t<\/div>\n\t\t\t\t<\/div>\n\t\t\t\t\t<\/div>\n\t\t<\/div>\n\t\t\t\t\t\t<\/div>\n\t\t\t\t<\/div>\n\t\t\t\t<\/div>\n\t\t\t\t\t<\/div>\n\t\t\t\t<\/div>\n\t\t<div class=\"elementor-element elementor-element-49807dc e-flex e-con-boxed e-con e-parent\" data-id=\"49807dc\" data-element_type=\"container\" data-e-type=\"container\">\n\t\t\t\t\t<div class=\"e-con-inner\">\n\t\t<div class=\"elementor-element elementor-element-c75056a e-con-full e-flex e-con e-child\" data-id=\"c75056a\" data-element_type=\"container\" data-e-type=\"container\">\n\t\t\t\t<div class=\"elementor-element elementor-element-33569a5 elementor-widget elementor-widget-text-editor\" data-id=\"33569a5\" data-element_type=\"widget\" data-e-type=\"widget\" data-widget_type=\"text-editor.default\">\n\t\t\t\t<div class=\"elementor-widget-container\">\n\t\t\t\t\t\t\t\t\t<p><strong>Aten\u021bionare privind condi\u021biile de colaborare pentru acest serviciu!<\/strong><\/p><p>Men\u021bin\u0103m faptul c\u0103 DTF <strong><span style=\"color: #800000;\">nu se poate aplica pe orice tip de material<\/span>.<\/strong>\u00a0V\u0103 sf\u0103tuim s\u0103 v\u0103 asigura\u021bi c\u0103 articolul vestimentar este compatibil cu aceast\u0103 tehnologie \u0219i s\u0103 efectua\u021bi un test pe un produs similar \u00eenainte de aplicarea pe produsul finit. De asemenea tehnologia are anumite limit\u0103ri \u0219i nu se poate printa orice tip de grafic\u0103.<\/p><p>RevnInk SRL ofer\u0103 o serie de servicii suplimentare (directe sau prin parteneriate) \u00een completarea activit\u0103\u021bii principale de v\u00e2nzare a produselor. Aceste servicii se desf\u0103\u0219oar\u0103 \u00een condi\u021bii distincte, iar pre\u021burile, termenele de execu\u021bie \u0219i livrare pot varia \u00een func\u021bie de specificul fiec\u0103rei comenzi \u0219i de anumi\u021bi factori particulari fiec\u0103rui proiect. Iar acestea se achit\u0103 100% \u00een avans.<\/p><p>Prin apelarea la aceste servicii, clientul \u00ee\u0219i exprim\u0103 acordul de a colabora \u00een conformitate cu termenii, condi\u021biile \u0219i regulamentul intern stabilit de RevnInk SRL. Totodat\u0103, compania \u00ee\u0219i rezerv\u0103 dreptul de a selecta clientela \u0219i de a refuza comenzile care nu se aliniaz\u0103 politicii \u0219i criteriilor noastre de colaborare.<\/p>\t\t\t\t\t\t\t\t<\/div>\n\t\t\t\t<\/div>\n\t\t\t\t<\/div>\n\t\t\t\t\t<\/div>\n\t\t\t\t<\/div>\n\t\t\t\t<\/div>\n\t\t","protected":false},"excerpt":{"rendered":"<p>Servicii &#8211; PRINT DTF Dac\u0103 dori\u021bi doar folia\u00a0 DTF printat\u0103 cu grafica proprie v\u0103 putem ajuta \u0219i cu acest serviciu. Prin serviciul de imprimare DTF (Direct to Film), v\u0103 oferim printuri, care pot fi aplicate pe propria \u00eembr\u0103c\u0103minte cu ajutorul unei prese termice. Comand\u0103 minim\u0103 \u2013 Pentru serviciul de imprimare DTF, comanda minim\u0103 este de [&hellip;]<\/p>\n","protected":false},"author":1,"featured_media":0,"parent":0,"menu_order":0,"comment_status":"closed","ping_status":"closed","template":"","meta":{"site-sidebar-layout":"no-sidebar","site-content-layout":"page-builder","ast-site-content-layout":"full-width-container","site-content-style":"default","site-sidebar-style":"default","ast-global-header-display":"","ast-banner-title-visibility":"","ast-main-header-display":"","ast-hfb-above-header-display":"","ast-hfb-below-header-display":"","ast-hfb-mobile-header-display":"","site-post-title":"disabled","ast-breadcrumbs-content":"","ast-featured-img":"disabled","footer-sml-layout":"","ast-disable-related-posts":"","theme-transparent-header-meta":"","adv-header-id-meta":"","stick-header-meta":"","header-above-stick-meta":"","header-main-stick-meta":"","header-below-stick-meta":"","astra-migrate-meta-layouts":"set","ast-page-background-enabled":"default","ast-page-background-meta":{"desktop":{"background-color":"","background-image":"","background-repeat":"repeat","background-position":"center center","background-size":"auto","background-attachment":"scroll","background-type":"","background-media":"","overlay-type":"","overlay-color":"","overlay-opacity":"","overlay-gradient":""},"tablet":{"background-color":"","background-image":"","background-repeat":"repeat","background-position":"center center","background-size":"auto","background-attachment":"scroll","background-type":"","background-media":"","overlay-type":"","overlay-color":"","overlay-opacity":"","overlay-gradient":""},"mobile":{"background-color":"","background-image":"","background-repeat":"repeat","background-position":"center center","background-size":"auto","background-attachment":"scroll","background-type":"","background-media":"","overlay-type":"","overlay-color":"","overlay-opacity":"","overlay-gradient":""}},"ast-content-background-meta":{"desktop":{"background-color":"var(--ast-global-color-5)","background-image":"","background-repeat":"repeat","background-position":"center center","background-size":"auto","background-attachment":"scroll","background-type":"","background-media":"","overlay-type":"","overlay-color":"","overlay-opacity":"","overlay-gradient":""},"tablet":{"background-color":"var(--ast-global-color-5)","background-image":"","background-repeat":"repeat","background-position":"center center","background-size":"auto","background-attachment":"scroll","background-type":"","background-media":"","overlay-type":"","overlay-color":"","overlay-opacity":"","overlay-gradient":""},"mobile":{"background-color":"var(--ast-global-color-5)","background-image":"","background-repeat":"repeat","background-position":"center center","background-size":"auto","background-attachment":"scroll","background-type":"","background-media":"","overlay-type":"","overlay-color":"","overlay-opacity":"","overlay-gradient":""}},"footnotes":""},"class_list":["post-7776","page","type-page","status-publish","hentry"],"_links":{"self":[{"href":"https:\/\/revnink.com\/en\/wp-json\/wp\/v2\/pages\/7776","targetHints":{"allow":["GET"]}}],"collection":[{"href":"https:\/\/revnink.com\/en\/wp-json\/wp\/v2\/pages"}],"about":[{"href":"https:\/\/revnink.com\/en\/wp-json\/wp\/v2\/types\/page"}],"author":[{"embeddable":true,"href":"https:\/\/revnink.com\/en\/wp-json\/wp\/v2\/users\/1"}],"replies":[{"embeddable":true,"href":"https:\/\/revnink.com\/en\/wp-json\/wp\/v2\/comments?post=7776"}],"version-history":[{"count":0,"href":"https:\/\/revnink.com\/en\/wp-json\/wp\/v2\/pages\/7776\/revisions"}],"wp:attachment":[{"href":"https:\/\/revnink.com\/en\/wp-json\/wp\/v2\/media?parent=7776"}],"curies":[{"name":"wp","href":"https:\/\/api.w.org\/{rel}","templated":true}]}}