{"id":7812,"date":"2025-03-20T19:05:30","date_gmt":"2025-03-20T19:05:30","guid":{"rendered":"https:\/\/revnink.com\/?page_id=7812"},"modified":"2025-03-20T19:16:24","modified_gmt":"2025-03-20T19:16:24","slug":"servicii-design-grafic","status":"publish","type":"page","link":"https:\/\/revnink.com\/en\/servicii-design-grafic\/","title":{"rendered":"Servicii &#8211; Design Grafic"},"content":{"rendered":"\t\t<div data-elementor-type=\"wp-page\" data-elementor-id=\"7812\" class=\"elementor elementor-7812\">\n\t\t\t\t<div class=\"elementor-element elementor-element-a09a20d e-flex e-con-boxed e-con e-parent\" data-id=\"a09a20d\" data-element_type=\"container\" data-e-type=\"container\">\n\t\t\t\t\t<div class=\"e-con-inner\">\n\t\t<div class=\"elementor-element elementor-element-34f9625 e-con-full e-flex e-con e-child\" data-id=\"34f9625\" data-element_type=\"container\" data-e-type=\"container\">\n\t\t\t\t<div class=\"elementor-element elementor-element-69248dc elementor-widget elementor-widget-heading\" data-id=\"69248dc\" data-element_type=\"widget\" data-e-type=\"widget\" data-widget_type=\"heading.default\">\n\t\t\t\t<div class=\"elementor-widget-container\">\n\t\t\t\t\t<h2 class=\"elementor-heading-title elementor-size-default\">Servicii - DESIGN GRAFIC<\/h2>\t\t\t\t<\/div>\n\t\t\t\t<\/div>\n\t\t\t\t<\/div>\n\t\t\t\t\t<\/div>\n\t\t\t\t<\/div>\n\t\t<div class=\"elementor-element elementor-element-4a66ae2 e-flex e-con-boxed e-con e-parent\" data-id=\"4a66ae2\" data-element_type=\"container\" data-e-type=\"container\">\n\t\t\t\t\t<div class=\"e-con-inner\">\n\t\t<div class=\"elementor-element elementor-element-1758c55 e-con-full e-flex e-con e-child\" data-id=\"1758c55\" data-element_type=\"container\" data-e-type=\"container\">\n\t\t<div class=\"elementor-element elementor-element-a9e5e09 e-con-full e-flex e-con e-child\" data-id=\"a9e5e09\" data-element_type=\"container\" data-e-type=\"container\">\n\t\t\t\t<div class=\"elementor-element elementor-element-9a7b4a4 elementor-widget-divider--view-line elementor-widget elementor-widget-divider\" data-id=\"9a7b4a4\" data-element_type=\"widget\" data-e-type=\"widget\" data-widget_type=\"divider.default\">\n\t\t\t\t<div class=\"elementor-widget-container\">\n\t\t\t\t\t\t\t<div class=\"elementor-divider\">\n\t\t\t<span class=\"elementor-divider-separator\">\n\t\t\t\t\t\t<\/span>\n\t\t<\/div>\n\t\t\t\t\t\t<\/div>\n\t\t\t\t<\/div>\n\t\t\t\t<\/div>\n\t\t\t\t<\/div>\n\t\t\t\t\t<\/div>\n\t\t\t\t<\/div>\n\t\t<div class=\"elementor-element elementor-element-368ef60 e-flex e-con-boxed e-con e-parent\" data-id=\"368ef60\" data-element_type=\"container\" data-e-type=\"container\">\n\t\t\t\t\t<div class=\"e-con-inner\">\n\t\t<div class=\"elementor-element elementor-element-7142afd e-con-full e-flex e-con e-child\" data-id=\"7142afd\" data-element_type=\"container\" data-e-type=\"container\">\n\t\t\t\t<div class=\"elementor-element elementor-element-7f811f4 elementor-widget elementor-widget-text-editor\" data-id=\"7f811f4\" data-element_type=\"widget\" data-e-type=\"widget\" data-widget_type=\"text-editor.default\">\n\t\t\t\t<div class=\"elementor-widget-container\">\n\t\t\t\t\t\t\t\t\t<h5 style=\"text-align: center;\">Dac\u0103 ai nevoie de ajutor cu orice fel de design grafic, \u00ee\u021bi st\u0103m la dispozi\u021bie.<\/h5>\t\t\t\t\t\t\t\t<\/div>\n\t\t\t\t<\/div>\n\t\t\t\t<\/div>\n\t\t\t\t\t<\/div>\n\t\t\t\t<\/div>\n\t\t<div class=\"elementor-element elementor-element-c274259 e-flex e-con-boxed e-con e-parent\" data-id=\"c274259\" data-element_type=\"container\" data-e-type=\"container\">\n\t\t\t\t\t<div class=\"e-con-inner\">\n\t\t<div class=\"elementor-element elementor-element-6d52c76 e-con-full e-flex e-con e-child\" data-id=\"6d52c76\" data-element_type=\"container\" data-e-type=\"container\">\n\t\t<div class=\"elementor-element elementor-element-107848c e-con-full e-flex e-con e-child\" data-id=\"107848c\" data-element_type=\"container\" data-e-type=\"container\">\n\t\t\t\t<div class=\"elementor-element elementor-element-ac510fa elementor-widget elementor-widget-text-editor\" data-id=\"ac510fa\" data-element_type=\"widget\" data-e-type=\"widget\" data-widget_type=\"text-editor.default\">\n\t\t\t\t<div class=\"elementor-widget-container\">\n\t\t\t\t\t\t\t\t\t<p style=\"text-align: left;\"><strong>\u00a0 \u00a0 Designul grafic<\/strong>\u00a0este serviciul de creare a materialelor vizuale care comunic\u0103 mesaje \u0219i valori specifice unui\u00a0<strong>brand<\/strong>\u00a0sau unei idei\u00a0<strong>personale<\/strong>, at\u00e2t \u00een mediul\u00a0<strong>online<\/strong>\u00a0(pentru social media, site-uri web, aplica\u021bii etc.) c\u00e2t \u0219i\u00a0<strong>offline<\/strong>\u00a0(materiale tip\u0103rite precum afi\u0219e, pliante, bannere, roll-up-uri, c\u0103r\u021bi de vizit\u0103, meniuri, bro\u0219uri etc.). Acesta asigur\u0103 o estetic\u0103 atractiv\u0103 \u0219i coerent\u0103, adaptat\u0103 fiec\u0103rei platforme, pentru a captiva publicul \u0219i a transmite eficient mesajul dorit.<\/p><p style=\"text-align: left;\">\u00a0 \u00a0 V\u0103 putem oferi asisten\u021b\u0103 at\u00e2t pentru grafica necesar\u0103 <strong>personaliz\u0103rii unui tricou<\/strong>, c\u00e2t \u0219i pentru orice alt tip de design grafic utilizabil \u00een alte contexte care nu implic\u0103 produc\u021bie din partea noastr\u0103. A\u0219adar, fie c\u0103 ave\u021bi nevoie de\u00a0<strong>crearea unui brand<\/strong>\u00a0de la zero, un simplu<strong>\u00a0logo<\/strong>\u00a0sau\u00a0<strong>editarea<\/strong>\u00a0anumitor fi\u0219iere grafice\u00a0<strong>(\u00een limita posibilit\u0103\u021bilor editoriale ale programelor \u0219i fi\u0219ierelor trimise)<\/strong>, pute\u021bi apela la serviciile noastre.\u00a0<\/p><p style=\"text-align: left;\">\u00a0 \u00a0 Este important de men\u021bionat c\u0103 acest tip de serviciu <strong>se achit\u0103 \u00een avans<\/strong>, iar pre\u021bul \u0219i durata de execu\u021bie pot varia \u00een func\u021bie de num\u0103rul de modific\u0103ri solicitate. Fi\u0219ierele finale vor fi predate clientului \u00een format digital, iar\u00a0<strong>acesta va avea responsabilitatea de a le p\u0103stra \u00een siguran\u021b\u0103<\/strong>, \u00eentruc\u00e2t nu oferim servicii de hosting pentru grafici; fi\u0219ierele vor fi \u0219terse din sistemul nostru. \u00cen cazul \u00een care dore\u0219te modific\u0103ri ulterioare sau aplicarea graficii pe anumite produse din gama noastr\u0103, acesta va trebui s\u0103 ne furnizeze din nou fi\u0219ierul original.<\/p><h3 style=\"text-align: left;\" data-start=\"1162\" data-end=\"1195\"><strong data-start=\"1166\" data-end=\"1193\">Transmiterea fi\u0219ierelor<\/strong><\/h3><p style=\"text-align: left;\" data-start=\"1197\" data-end=\"1231\">Fi\u0219ierul poate fi transmis prin:<\/p><ul data-start=\"1233\" data-end=\"1359\" data-is-last-node=\"\" data-is-only-node=\"\"><li style=\"text-align: left;\" data-start=\"1233\" data-end=\"1281\"><strong data-start=\"1235\" data-end=\"1245\">E-mail<\/strong>: la adresa <strong data-start=\"1257\" data-end=\"1279\"><a rel=\"noopener\" data-start=\"1259\" data-end=\"1277\">office@revnink.com<\/a><\/strong><\/li><li style=\"text-align: left;\" data-start=\"1282\" data-end=\"1359\" data-is-last-node=\"\"><strong data-start=\"1284\" data-end=\"1307\">Formular de comand\u0103<\/strong>: prin ata\u0219area unui link de desc\u0103rcare a fi\u0219ierului<\/li><\/ul>\t\t\t\t\t\t\t\t<\/div>\n\t\t\t\t<\/div>\n\t\t\t\t<\/div>\n\t\t<div class=\"elementor-element elementor-element-6ffc03a e-con-full e-flex e-con e-child\" data-id=\"6ffc03a\" data-element_type=\"container\" data-e-type=\"container\">\n\t\t\t\t<div class=\"elementor-element elementor-element-2ee0bbd elementor-widget__width-initial elementor-widget elementor-widget-wpforms\" data-id=\"2ee0bbd\" data-element_type=\"widget\" data-e-type=\"widget\" data-widget_type=\"wpforms.default\">\n\t\t\t\t<div class=\"elementor-widget-container\">\n\t\t\t\t\t<div class=\"wpforms-container \" id=\"wpforms-7803\"><form id=\"wpforms-form-7803\" class=\"wpforms-validate wpforms-form wpforms-ajax-form\" data-formid=\"7803\" method=\"post\" enctype=\"multipart\/form-data\" action=\"\/en\/wp-json\/wp\/v2\/pages\/7812\" data-token=\"6f5a0ce4ba19ec117f99784bd2aa1740\" data-token-time=\"1776441091\"><noscript class=\"wpforms-error-noscript\">Please enable JavaScript in your browser to complete this form.<\/noscript><div class=\"wpforms-field-container\">\t\t<div id=\"wpforms-7803-field_1-container\"\n\t\t\tclass=\"wpforms-field wpforms-field-text\"\n\t\t\tdata-field-type=\"text\"\n\t\t\tdata-field-id=\"1\"\n\t\t\t>\n\t\t\t<label class=\"wpforms-field-label\" for=\"wpforms-7803-field_1\" >desc\u0103rcare Mesaj fi\u0219ier<\/label>\n\t\t\t<input type=\"text\" id=\"wpforms-7803-field_1\" class=\"wpforms-field-medium\" name=\"wpforms[fields][1]\" >\n\t\t<\/div>\n\t\t<div id=\"wpforms-7803-field_2-container\" class=\"wpforms-field wpforms-field-text\" data-field-id=\"2\"><label class=\"wpforms-field-label\" for=\"wpforms-7803-field_2\">Nume <span class=\"wpforms-required-label\">*<\/span><\/label><input type=\"text\" id=\"wpforms-7803-field_2\" class=\"wpforms-field-medium wpforms-field-required\" name=\"wpforms[fields][2]\" required><\/div><div id=\"wpforms-7803-field_5-container\" class=\"wpforms-field wpforms-field-text\" data-field-id=\"5\"><label class=\"wpforms-field-label\" for=\"wpforms-7803-field_5\">Firm\u0103<\/label><input type=\"text\" id=\"wpforms-7803-field_5\" class=\"wpforms-field-medium\" name=\"wpforms[fields][5]\" ><\/div><div id=\"wpforms-7803-field_3-container\" class=\"wpforms-field wpforms-field-email\" data-field-id=\"3\"><label class=\"wpforms-field-label\" for=\"wpforms-7803-field_3\">Email <span class=\"wpforms-required-label\">*<\/span><\/label><input type=\"email\" id=\"wpforms-7803-field_3\" class=\"wpforms-field-medium wpforms-field-required\" name=\"wpforms[fields][3]\" spellcheck=\"false\" required><\/div><div id=\"wpforms-7803-field_7-container\" class=\"wpforms-field wpforms-field-text\" data-field-id=\"7\"><label class=\"wpforms-field-label\" for=\"wpforms-7803-field_7\">Link desc\u0103rcare fi\u0219ier<\/label><input type=\"text\" id=\"wpforms-7803-field_7\" class=\"wpforms-field-medium\" name=\"wpforms[fields][7]\" ><div class=\"wpforms-field-description\">\u00cencarc\u0103 fi\u0219ierul pe o platform\u0103 de distribuire (ex: wetransfer.com) copiaz\u0103 link-ul \u0219i plaseaz\u0103-l \u00een acest c\u00e2mp.<\/div><\/div><div id=\"wpforms-7803-field_6-container\" class=\"wpforms-field wpforms-field-textarea\" data-field-id=\"6\"><label class=\"wpforms-field-label\" for=\"wpforms-7803-field_6\">Mesaj <span class=\"wpforms-required-label\">*<\/span><\/label><textarea id=\"wpforms-7803-field_6\" class=\"wpforms-field-medium wpforms-field-required\" name=\"wpforms[fields][6]\" required><\/textarea><div class=\"wpforms-field-description\">Informa\u021biile furnizate \u00een comand\u0103 trebuie s\u0103 fie clare \u0219i relevante, pentru a putea calcula corect oferta de pre\u021b \u0219i pentru a evita erori sau \u00eent\u00e2rzieri \u00een procesul de produc\u021bie \u0219i livrare. <\/div><\/div><div id=\"wpforms-7803-field_9-container\" class=\"wpforms-field wpforms-field-payment-checkbox\" data-field-id=\"9\"><label class=\"wpforms-field-label\">Important! <span class=\"wpforms-required-label\">*<\/span><\/label><ul id=\"wpforms-7803-field_9\" class=\"wpforms-field-required\"><li class=\"choice-1\"><input type=\"checkbox\" id=\"wpforms-7803-field_9_1\" class=\"wpforms-payment-price\" data-amount=\"0.00\" name=\"wpforms[fields][9][]\" value=\"1\" required ><label class=\"wpforms-field-label-inline\" for=\"wpforms-7803-field_9_1\">Am citit \u0219i sunt de acord cu <a href=\"https:\/\/revnink.com\/ro\/termene-si-conditii\/\" target=\"_blank\">termenele \u0219i condi\u021biile<\/a> de colaborare.<\/label><\/li><\/ul><\/div><script>\n\t\t\t\t( function() {\n\t\t\t\t\tconst style = document.createElement( 'style' );\n\t\t\t\t\tstyle.appendChild( document.createTextNode( '#wpforms-7803-field_1-container { position: absolute !important; overflow: hidden !important; display: inline !important; height: 1px !important; width: 1px !important; z-index: -1000 !important; padding: 0 !important; } #wpforms-7803-field_1-container input { visibility: hidden; } #wpforms-conversational-form-page #wpforms-7803-field_1-container label { counter-increment: none; }' ) );\n\t\t\t\t\tdocument.head.appendChild( style );\n\t\t\t\t\tdocument.currentScript?.remove();\n\t\t\t\t} )();\n\t\t\t<\/script><\/div><!-- .wpforms-field-container --><div class=\"wpforms-submit-container\" ><input type=\"hidden\" name=\"wpforms[id]\" value=\"7803\"><input type=\"hidden\" name=\"page_title\" value=\"\"><input type=\"hidden\" name=\"page_url\" value=\"https:\/\/revnink.com\/en\/wp-json\/wp\/v2\/pages\/7812\"><input type=\"hidden\" name=\"url_referer\" value=\"\"><button type=\"submit\" name=\"wpforms[submit]\" id=\"wpforms-submit-7803\" class=\"wpforms-submit\" data-alt-text=\"Se trimite...\" data-submit-text=\"Trimite\" aria-live=\"assertive\" value=\"wpforms-submit\">Trimite<\/button><img decoding=\"async\" src=\"https:\/\/revnink.com\/wp-content\/plugins\/wpforms-lite\/assets\/images\/submit-spin.svg\" class=\"wpforms-submit-spinner\" style=\"display: none;\" width=\"26\" height=\"26\" alt=\"Loading\"><\/div><\/form><\/div>  <!-- .wpforms-container -->\t\t\t\t<\/div>\n\t\t\t\t<\/div>\n\t\t\t\t<\/div>\n\t\t\t\t<\/div>\n\t\t\t\t\t<\/div>\n\t\t\t\t<\/div>\n\t\t<div class=\"elementor-element elementor-element-eb557d5 e-flex e-con-boxed e-con e-parent\" data-id=\"eb557d5\" data-element_type=\"container\" data-e-type=\"container\">\n\t\t\t\t\t<div class=\"e-con-inner\">\n\t\t<div class=\"elementor-element elementor-element-776df54 e-con-full e-flex e-con e-child\" data-id=\"776df54\" data-element_type=\"container\" data-e-type=\"container\">\n\t\t\t\t<div class=\"elementor-element elementor-element-1fe9e2a elementor-widget elementor-widget-text-editor\" data-id=\"1fe9e2a\" data-element_type=\"widget\" data-e-type=\"widget\" data-widget_type=\"text-editor.default\">\n\t\t\t\t<div class=\"elementor-widget-container\">\n\t\t\t\t\t\t\t\t\t<p><strong>Aten\u021bionare privind condi\u021biile de colaborare pentru acest serviciu!<\/strong><\/p><p>RevnInk SRL ofer\u0103 o serie de servicii suplimentare (directe sau prin parteneriate) \u00een completarea activit\u0103\u021bii principale de v\u00e2nzare a produselor. Aceste servicii se desf\u0103\u0219oar\u0103 \u00een condi\u021bii distincte, iar pre\u021burile, termenele de execu\u021bie \u0219i livrare pot varia \u00een func\u021bie de specificul fiec\u0103rei comenzi \u0219i de anumi\u021bi factori particulari fiec\u0103rui proiect. Iar acestea se achit\u0103 100% \u00een avans.<\/p><p>Prin apelarea la aceste servicii, clientul \u00ee\u0219i exprim\u0103 acordul de a colabora \u00een conformitate cu termenii, condi\u021biile \u0219i regulamentul intern stabilit de RevnInk SRL. Totodat\u0103, compania \u00ee\u0219i rezerv\u0103 dreptul de a selecta clientela \u0219i de a refuza comenzile care nu se aliniaz\u0103 politicii \u0219i criteriilor noastre de colaborare.<\/p>\t\t\t\t\t\t\t\t<\/div>\n\t\t\t\t<\/div>\n\t\t\t\t<\/div>\n\t\t\t\t\t<\/div>\n\t\t\t\t<\/div>\n\t\t\t\t<\/div>\n\t\t","protected":false},"excerpt":{"rendered":"<p>Servicii &#8211; DESIGN GRAFIC Dac\u0103 ai nevoie de ajutor cu orice fel de design grafic, \u00ee\u021bi st\u0103m la dispozi\u021bie. \u00a0 \u00a0 Designul grafic\u00a0este serviciul de creare a materialelor vizuale care comunic\u0103 mesaje \u0219i valori specifice unui\u00a0brand\u00a0sau unei idei\u00a0personale, at\u00e2t \u00een mediul\u00a0online\u00a0(pentru social media, site-uri web, aplica\u021bii etc.) c\u00e2t \u0219i\u00a0offline\u00a0(materiale tip\u0103rite precum afi\u0219e, pliante, bannere, roll-up-uri, [&hellip;]<\/p>\n","protected":false},"author":1,"featured_media":0,"parent":0,"menu_order":0,"comment_status":"closed","ping_status":"closed","template":"","meta":{"site-sidebar-layout":"no-sidebar","site-content-layout":"page-builder","ast-site-content-layout":"full-width-container","site-content-style":"default","site-sidebar-style":"default","ast-global-header-display":"","ast-banner-title-visibility":"","ast-main-header-display":"","ast-hfb-above-header-display":"","ast-hfb-below-header-display":"","ast-hfb-mobile-header-display":"","site-post-title":"disabled","ast-breadcrumbs-content":"","ast-featured-img":"disabled","footer-sml-layout":"","ast-disable-related-posts":"","theme-transparent-header-meta":"","adv-header-id-meta":"","stick-header-meta":"","header-above-stick-meta":"","header-main-stick-meta":"","header-below-stick-meta":"","astra-migrate-meta-layouts":"set","ast-page-background-enabled":"default","ast-page-background-meta":{"desktop":{"background-color":"","background-image":"","background-repeat":"repeat","background-position":"center center","background-size":"auto","background-attachment":"scroll","background-type":"","background-media":"","overlay-type":"","overlay-color":"","overlay-opacity":"","overlay-gradient":""},"tablet":{"background-color":"","background-image":"","background-repeat":"repeat","background-position":"center center","background-size":"auto","background-attachment":"scroll","background-type":"","background-media":"","overlay-type":"","overlay-color":"","overlay-opacity":"","overlay-gradient":""},"mobile":{"background-color":"","background-image":"","background-repeat":"repeat","background-position":"center center","background-size":"auto","background-attachment":"scroll","background-type":"","background-media":"","overlay-type":"","overlay-color":"","overlay-opacity":"","overlay-gradient":""}},"ast-content-background-meta":{"desktop":{"background-color":"var(--ast-global-color-5)","background-image":"","background-repeat":"repeat","background-position":"center center","background-size":"auto","background-attachment":"scroll","background-type":"","background-media":"","overlay-type":"","overlay-color":"","overlay-opacity":"","overlay-gradient":""},"tablet":{"background-color":"var(--ast-global-color-5)","background-image":"","background-repeat":"repeat","background-position":"center center","background-size":"auto","background-attachment":"scroll","background-type":"","background-media":"","overlay-type":"","overlay-color":"","overlay-opacity":"","overlay-gradient":""},"mobile":{"background-color":"var(--ast-global-color-5)","background-image":"","background-repeat":"repeat","background-position":"center center","background-size":"auto","background-attachment":"scroll","background-type":"","background-media":"","overlay-type":"","overlay-color":"","overlay-opacity":"","overlay-gradient":""}},"footnotes":""},"class_list":["post-7812","page","type-page","status-publish","hentry"],"_links":{"self":[{"href":"https:\/\/revnink.com\/en\/wp-json\/wp\/v2\/pages\/7812","targetHints":{"allow":["GET"]}}],"collection":[{"href":"https:\/\/revnink.com\/en\/wp-json\/wp\/v2\/pages"}],"about":[{"href":"https:\/\/revnink.com\/en\/wp-json\/wp\/v2\/types\/page"}],"author":[{"embeddable":true,"href":"https:\/\/revnink.com\/en\/wp-json\/wp\/v2\/users\/1"}],"replies":[{"embeddable":true,"href":"https:\/\/revnink.com\/en\/wp-json\/wp\/v2\/comments?post=7812"}],"version-history":[{"count":0,"href":"https:\/\/revnink.com\/en\/wp-json\/wp\/v2\/pages\/7812\/revisions"}],"wp:attachment":[{"href":"https:\/\/revnink.com\/en\/wp-json\/wp\/v2\/media?parent=7812"}],"curies":[{"name":"wp","href":"https:\/\/api.w.org\/{rel}","templated":true}]}}