{"id":6748,"date":"2025-01-05T22:07:54","date_gmt":"2025-01-05T22:07:54","guid":{"rendered":"https:\/\/revnink.com\/?post_type=product&#038;p=6748"},"modified":"2026-03-30T17:58:56","modified_gmt":"2026-03-30T17:58:56","slug":"buchet-de-trandafiri-handmade","status":"publish","type":"product","link":"https:\/\/revnink.com\/en\/product\/buchet-de-trandafiri-handmade\/","title":{"rendered":"Buchet de Trandafiri Handmade"},"content":{"rendered":"<p>Acest buchet impresionant de trandafiri handmade este realizat cu m\u0103iestrie din material textil, fiind un exemplu perfect de artizanat deosebit \u0219i o alegere ideal\u0103 pentru cei care doresc flori permanente, ce nu se ofilesc niciodat\u0103.<br data-start=\"144\" data-end=\"147\" \/>Trandafirii sunt confec\u021biona\u021bi din panglici satinate de calitate, av\u00e2nd culori vibrante \u2013 alb imaculat, mov regal \u0219i un trandafir central \u00eentr-o nuan\u021b\u0103 elegant\u0103 de albastru \u00eenchis.<br data-start=\"327\" data-end=\"330\" \/>Aranjamentul este armonios \u00eencadrat de h\u00e2rtie creponat\u0103 verde \u0219i un fundal delicat roz-lila, ceea ce eviden\u021biaz\u0103 rafinamentul fiec\u0103rui detaliu.<br data-start=\"473\" data-end=\"476\" \/>Acest buchet reprezint\u0103 o alegere ideal\u0103 pentru a oferi un cadou unic \u0219i memorabil, simboliz\u00e2nd elegan\u021b\u0103, rafinament \u0219i durabilitate, fiind o alternativ\u0103 perfect\u0103 la florile naturale.<\/p>","protected":false},"excerpt":{"rendered":"<p>Buchet de trandafiri handmade realizat cu m\u0103iestrie din material textil, fiind un exemplu perfect de artizanat deosebit.<\/p>\n<p><strong>Alte detalii:<br \/>\n<\/strong>Buchetul con\u021bine <strong>21 trandafiri.<\/strong><br \/>\n<strong>Pre\u021bul afi\u0219at<\/strong> este pentru buchetul \u00een configura\u021bia prezentat\u0103.<br \/>\nPentru modific\u0103ri (culori, num\u0103r de trandafiri etc), <a style=\"color: #808000; font-weight: bold;\" href=\"https:\/\/revnink.com\/en\/contact\/\">solicita\u021bi o ofert\u0103 de pre\u021b<\/a>.<br \/>\n<span style=\"color: #800000; font-size: 13px;\">*<span style=\"color: #808080;\">Imaginea este cu titlu informativ \u0219i poate s\u0103 difere fa\u021b\u0103 de produsul final.<\/span>*<\/span><\/p>","protected":false},"featured_media":6759,"template":"","meta":{"site-sidebar-layout":"no-sidebar","site-content-layout":"","ast-site-content-layout":"default","site-content-style":"default","site-sidebar-style":"default","ast-global-header-display":"","ast-banner-title-visibility":"","ast-main-header-display":"","ast-hfb-above-header-display":"","ast-hfb-below-header-display":"","ast-hfb-mobile-header-display":"","site-post-title":"","ast-breadcrumbs-content":"","ast-featured-img":"","footer-sml-layout":"","ast-disable-related-posts":"","theme-transparent-header-meta":"default","adv-header-id-meta":"","stick-header-meta":"","header-above-stick-meta":"","header-main-stick-meta":"","header-below-stick-meta":"","astra-migrate-meta-layouts":"set","ast-page-background-enabled":"default","ast-page-background-meta":{"desktop":{"background-color":"","background-image":"","background-repeat":"repeat","background-position":"center center","background-size":"auto","background-attachment":"scroll","background-type":"","background-media":"","overlay-type":"","overlay-color":"","overlay-opacity":"","overlay-gradient":""},"tablet":{"background-color":"","background-image":"","background-repeat":"repeat","background-position":"center center","background-size":"auto","background-attachment":"scroll","background-type":"","background-media":"","overlay-type":"","overlay-color":"","overlay-opacity":"","overlay-gradient":""},"mobile":{"background-color":"","background-image":"","background-repeat":"repeat","background-position":"center center","background-size":"auto","background-attachment":"scroll","background-type":"","background-media":"","overlay-type":"","overlay-color":"","overlay-opacity":"","overlay-gradient":""}},"ast-content-background-meta":{"desktop":{"background-color":"var(--ast-global-color-5)","background-image":"","background-repeat":"repeat","background-position":"center center","background-size":"auto","background-attachment":"scroll","background-type":"","background-media":"","overlay-type":"","overlay-color":"","overlay-opacity":"","overlay-gradient":""},"tablet":{"background-color":"var(--ast-global-color-5)","background-image":"","background-repeat":"repeat","background-position":"center center","background-size":"auto","background-attachment":"scroll","background-type":"","background-media":"","overlay-type":"","overlay-color":"","overlay-opacity":"","overlay-gradient":""},"mobile":{"background-color":"var(--ast-global-color-5)","background-image":"","background-repeat":"repeat","background-position":"center center","background-size":"auto","background-attachment":"scroll","background-type":"","background-media":"","overlay-type":"","overlay-color":"","overlay-opacity":"","overlay-gradient":""}}},"product_brand":[],"product_cat":[28],"product_tag":[114,148,107,151,152,150,149,115],"class_list":{"0":"post-6748","1":"product","2":"type-product","3":"status-publish","4":"has-post-thumbnail","6":"product_cat-diverse","7":"product_tag-buchet","8":"product_tag-flori","9":"product_tag-handmade","10":"product_tag-nunta","11":"product_tag-ocazii-speciale","12":"product_tag-panglica","13":"product_tag-satin","14":"product_tag-trandafiri","15":"desktop-align-center","16":"tablet-align-center","17":"mobile-align-center","18":"wcpa_has_options","20":"first","21":"instock","22":"featured","23":"shipping-taxable","24":"purchasable","25":"product-type-simple"},"_links":{"self":[{"href":"https:\/\/revnink.com\/en\/wp-json\/wp\/v2\/product\/6748","targetHints":{"allow":["GET"]}}],"collection":[{"href":"https:\/\/revnink.com\/en\/wp-json\/wp\/v2\/product"}],"about":[{"href":"https:\/\/revnink.com\/en\/wp-json\/wp\/v2\/types\/product"}],"wp:featuredmedia":[{"embeddable":true,"href":"https:\/\/revnink.com\/en\/wp-json\/wp\/v2\/media\/6759"}],"wp:attachment":[{"href":"https:\/\/revnink.com\/en\/wp-json\/wp\/v2\/media?parent=6748"}],"wp:term":[{"taxonomy":"product_brand","embeddable":true,"href":"https:\/\/revnink.com\/en\/wp-json\/wp\/v2\/product_brand?post=6748"},{"taxonomy":"product_cat","embeddable":true,"href":"https:\/\/revnink.com\/en\/wp-json\/wp\/v2\/product_cat?post=6748"},{"taxonomy":"product_tag","embeddable":true,"href":"https:\/\/revnink.com\/en\/wp-json\/wp\/v2\/product_tag?post=6748"}],"curies":[{"name":"wp","href":"https:\/\/api.w.org\/{rel}","templated":true}]}}