{"id":7006,"date":"2025-01-18T11:39:14","date_gmt":"2025-01-18T11:39:14","guid":{"rendered":"https:\/\/revnink.com\/?post_type=product&#038;p=7006"},"modified":"2025-03-20T13:37:02","modified_gmt":"2025-03-20T13:37:02","slug":"hanorac-unisex-personalizat","status":"publish","type":"product","link":"https:\/\/revnink.com\/en\/product\/hanorac-unisex-personalizat\/","title":{"rendered":".Hanorac Unisex Personalizat"},"content":{"rendered":"<p>Aceste hanorace personalizabile sunt solu\u021bia perfect\u0103 pentru cei care doresc s\u0103-\u0219i exprime stilul unic sau s\u0103 creeze un impact memorabil \u00een diverse contexte. Realizate din material de \u00eenalt\u0103 calitate, asigur\u0103 confort termic \u0219i o rezisten\u021b\u0103 remarcabil\u0103 \u00een timp, fiind ideale pentru utilizare frecvent\u0103.<\/p>\n<p>Hanoracele pot fi personalizate cu orice design, text sau logo.<\/p>\n<p><strong>Avantaje:<\/strong><\/p>\n<ul>\n<li><strong>Versatilitate:<\/strong> Posibilitatea de personalizare face ca aceste hanorace s\u0103 fie ideale pentru o gam\u0103 larg\u0103 de utiliz\u0103ri, de la uniforme pentru echipe, \u021binute casual personalizate, p\u00e2n\u0103 la cadouri memorabile sau suveniruri pentru evenimente speciale.<\/li>\n<li><strong>Promovare:<\/strong> Hanoracele personalizate sunt un instrument de marketing excelent, perfecte pentru promovarea brandului, campanii publicitare sau evenimente corporate.<\/li>\n<li><strong>Practicitate:<\/strong> Designul confortabil cu glug\u0103 \u0219i buzunar tip &#8222;marsupiu&#8221; combin\u0103 func\u021bionalitatea cu un aspect modern.<\/li>\n<li><strong>Creativitate:<\/strong> Libertatea de a alege \u0219i crea un design unic care s\u0103 reflecte perfect mesajul, brandul sau stilul personal.<\/li>\n<\/ul>\n<p><strong>Utiliz\u0103ri:<\/strong><\/p>\n<ul>\n<li>Uniforme pentru echipe corporate sau sportive<\/li>\n<li>Cadouri personalizate pentru prieteni, familie sau parteneri de afaceri<\/li>\n<li>Campanii de promovare \u0219i publicitate<\/li>\n<li>Suveniruri pentru evenimente speciale, cum ar fi festivaluri sau conferin\u021be<\/li>\n<li>\u021ainute casual personalizate pentru grupuri, \u0219coli sau cluburi<\/li>\n<\/ul>\n<p>Fie c\u0103 dore\u0219ti s\u0103 promovezi brandul t\u0103u, s\u0103 creezi un cadou personalizat sau s\u0103 aduci un plus de stil echipei tale, aceste hanorace personalizabile sunt alegerea ideal\u0103 pentru a-\u021bi transforma ideile \u00een realitate!<\/p>","protected":false},"excerpt":{"rendered":"<p><span style=\"color: #800000;\">Orice interven\u021bie asupra graficii sau necesitatea de<br \/>\n<\/span><span style=\"color: #800000;\">concep\u021bie grafic\u0103 se taxeaz\u0103 suplimentar.<br \/>\n<\/span><strong>Pentru a plasa comanda:<\/strong><br \/>\n\u2022 Selecteaz\u0103 culoarea, m\u0103rimea \u0219i zona de personalizare.<br \/>\n\u2022 Adaug\u0103 detalii relevante \u00een c\u00e2mpul &#8216;Not\u0103 la comand\u0103&#8217;.<br \/>\n\u2022 \u00cencarc\u0103 grafica dorit\u0103 pentru personalizare tricoului.<br \/>\n\u2022 Selecteaz\u0103 cantitatea \u0219i apas\u0103 \u201eAdaug\u0103 \u00een co\u0219\u201d.<\/p>","protected":false},"featured_media":7049,"template":"","meta":{"site-sidebar-layout":"no-sidebar","site-content-layout":"","ast-site-content-layout":"default","site-content-style":"default","site-sidebar-style":"default","ast-global-header-display":"","ast-banner-title-visibility":"","ast-main-header-display":"","ast-hfb-above-header-display":"","ast-hfb-below-header-display":"","ast-hfb-mobile-header-display":"","site-post-title":"","ast-breadcrumbs-content":"","ast-featured-img":"","footer-sml-layout":"","ast-disable-related-posts":"","theme-transparent-header-meta":"default","adv-header-id-meta":"","stick-header-meta":"","header-above-stick-meta":"","header-main-stick-meta":"","header-below-stick-meta":"","astra-migrate-meta-layouts":"set","ast-page-background-enabled":"default","ast-page-background-meta":{"desktop":{"background-color":"","background-image":"","background-repeat":"repeat","background-position":"center center","background-size":"auto","background-attachment":"scroll","background-type":"","background-media":"","overlay-type":"","overlay-color":"","overlay-opacity":"","overlay-gradient":""},"tablet":{"background-color":"","background-image":"","background-repeat":"repeat","background-position":"center center","background-size":"auto","background-attachment":"scroll","background-type":"","background-media":"","overlay-type":"","overlay-color":"","overlay-opacity":"","overlay-gradient":""},"mobile":{"background-color":"","background-image":"","background-repeat":"repeat","background-position":"center center","background-size":"auto","background-attachment":"scroll","background-type":"","background-media":"","overlay-type":"","overlay-color":"","overlay-opacity":"","overlay-gradient":""}},"ast-content-background-meta":{"desktop":{"background-color":"var(--ast-global-color-5)","background-image":"","background-repeat":"repeat","background-position":"center center","background-size":"auto","background-attachment":"scroll","background-type":"","background-media":"","overlay-type":"","overlay-color":"","overlay-opacity":"","overlay-gradient":""},"tablet":{"background-color":"var(--ast-global-color-5)","background-image":"","background-repeat":"repeat","background-position":"center center","background-size":"auto","background-attachment":"scroll","background-type":"","background-media":"","overlay-type":"","overlay-color":"","overlay-opacity":"","overlay-gradient":""},"mobile":{"background-color":"var(--ast-global-color-5)","background-image":"","background-repeat":"repeat","background-position":"center center","background-size":"auto","background-attachment":"scroll","background-type":"","background-media":"","overlay-type":"","overlay-color":"","overlay-opacity":"","overlay-gradient":""}}},"product_brand":[],"product_cat":[27],"product_tag":[123,125,89,124],"class_list":{"0":"post-7006","1":"product","2":"type-product","3":"status-publish","4":"has-post-thumbnail","6":"product_cat-imbracaminte","7":"product_tag-hanorac","8":"product_tag-hoodie","9":"product_tag-personalizat","10":"product_tag-unisex","11":"pa_culori-alb","12":"pa_culori-negru","13":"pa_pozitionare-grafica-fata","14":"pa_pozitionare-grafica-fata-spate","15":"pa_pozitionare-grafica-spate","16":"desktop-align-center","17":"tablet-align-center","18":"mobile-align-center","19":"wcpa_has_options","21":"first","22":"instock","23":"featured","24":"shipping-taxable","25":"purchasable","26":"product-type-variable"},"_links":{"self":[{"href":"https:\/\/revnink.com\/en\/wp-json\/wp\/v2\/product\/7006","targetHints":{"allow":["GET"]}}],"collection":[{"href":"https:\/\/revnink.com\/en\/wp-json\/wp\/v2\/product"}],"about":[{"href":"https:\/\/revnink.com\/en\/wp-json\/wp\/v2\/types\/product"}],"wp:featuredmedia":[{"embeddable":true,"href":"https:\/\/revnink.com\/en\/wp-json\/wp\/v2\/media\/7049"}],"wp:attachment":[{"href":"https:\/\/revnink.com\/en\/wp-json\/wp\/v2\/media?parent=7006"}],"wp:term":[{"taxonomy":"product_brand","embeddable":true,"href":"https:\/\/revnink.com\/en\/wp-json\/wp\/v2\/product_brand?post=7006"},{"taxonomy":"product_cat","embeddable":true,"href":"https:\/\/revnink.com\/en\/wp-json\/wp\/v2\/product_cat?post=7006"},{"taxonomy":"product_tag","embeddable":true,"href":"https:\/\/revnink.com\/en\/wp-json\/wp\/v2\/product_tag?post=7006"}],"curies":[{"name":"wp","href":"https:\/\/api.w.org\/{rel}","templated":true}]}}