{"id":7067,"date":"2025-02-03T10:03:18","date_gmt":"2025-02-03T10:03:18","guid":{"rendered":"https:\/\/revnink.com\/?post_type=product&#038;p=7067"},"modified":"2026-04-01T16:52:55","modified_gmt":"2026-04-01T16:52:55","slug":"set-breloc-h-p","status":"publish","type":"product","link":"https:\/\/revnink.com\/en\/product\/set-breloc-h-p\/","title":{"rendered":"Set Breloc &#8211; H.P."},"content":{"rendered":"<div class=\"flex max-w-full flex-col flex-grow\">\n<div class=\"min-h-[20px] text-message flex w-full flex-col items-end gap-2 break-words [.text-message+&amp;]:mt-5 overflow-x-auto whitespace-normal\" dir=\"auto\" data-message-author-role=\"assistant\" data-message-id=\"b71a7d39-f7dc-4e05-894e-cc0728735dc8\">\n<div class=\"flex w-full flex-col gap-1 empty:hidden first:pt-[3px]\">\n<div class=\"markdown prose w-full break-words dark:prose-invert dark\">\n<p>Breloc realizat prin imprimare 3D, prezint\u0103 un design elegant inspirat de universul magic al <strong>Harry Potter<\/strong>.<br \/>\nCu o form\u0103 de scut \u0219i ini\u021bialele stilizate \u201eHP\u201d, acest accesoriu este perfect pentru fanii seriei care doresc s\u0103 \u00ee\u0219i exprime pasiunea \u00eentr-un mod discret, dar elegant.<br \/>\nRealizat cu grij\u0103 din materiale durabile, brelocul adaug\u0103 o not\u0103 de originalitate \u0219i stil fiec\u0103rui set de chei sau rucsac.<br \/>\nPerfect pentru a fi oferit cadou sau pentru a-\u021bi personaliza lucrurile, acest breloc este un must-have pentru orice pasionat de acest fandom!<\/p>\n<\/div>\n<\/div>\n<\/div>\n<\/div>\n<div class=\"mt-1 flex gap-3 empty:hidden -ml-2\">\n<div class=\"items-center justify-start rounded-xl p-1 flex\">\n<div class=\"flex items-center\">\n<div class=\"flex items-center pb-0\">\n<div class=\"[&amp;_svg]:h-full [&amp;_svg]:w-full icon-md h-4 w-4\"><\/div>\n<\/div>\n<\/div>\n<\/div>\n<\/div>\n","protected":false},"excerpt":{"rendered":"<p>Breloc \u201eH.P.\u201d\u00a0 inspirat din universul Harry Potter.<br \/>\nSetul con\u021bine 2 brelocuri identice.<\/p>\n<p><span style=\"color: #800000;\"><span style=\"color: #333333;\"><strong>Alte detalii:<br \/>\n<\/strong>Produsele sunt realizate \u00een culorile standard: <strong>alb sau negru<\/strong>.<\/span><br \/>\n<span style=\"color: #333333;\">Pentru alte culori,<\/span> <a style=\"color: #808000; font-weight: bold;\" href=\"https:\/\/revnink.com\/en\/contact\/\">solicita\u021bi o ofert\u0103 de pre\u021b<\/a><span style=\"color: #808000;\">.<\/span><br \/>\n<span style=\"color: #800000; font-size: 13px;\">*<span style=\"color: #808080;\">Imaginea este cu titlu informativ \u0219i poate s\u0103 difere fa\u021b\u0103 de produsul final.<\/span>*<\/span><\/span><\/p>","protected":false},"featured_media":7070,"template":"","meta":{"site-sidebar-layout":"no-sidebar","site-content-layout":"","ast-site-content-layout":"default","site-content-style":"default","site-sidebar-style":"default","ast-global-header-display":"","ast-banner-title-visibility":"","ast-main-header-display":"","ast-hfb-above-header-display":"","ast-hfb-below-header-display":"","ast-hfb-mobile-header-display":"","site-post-title":"","ast-breadcrumbs-content":"","ast-featured-img":"","footer-sml-layout":"","ast-disable-related-posts":"","theme-transparent-header-meta":"default","adv-header-id-meta":"","stick-header-meta":"","header-above-stick-meta":"","header-main-stick-meta":"","header-below-stick-meta":"","astra-migrate-meta-layouts":"set","ast-page-background-enabled":"default","ast-page-background-meta":{"desktop":{"background-color":"","background-image":"","background-repeat":"repeat","background-position":"center center","background-size":"auto","background-attachment":"scroll","background-type":"","background-media":"","overlay-type":"","overlay-color":"","overlay-opacity":"","overlay-gradient":""},"tablet":{"background-color":"","background-image":"","background-repeat":"repeat","background-position":"center center","background-size":"auto","background-attachment":"scroll","background-type":"","background-media":"","overlay-type":"","overlay-color":"","overlay-opacity":"","overlay-gradient":""},"mobile":{"background-color":"","background-image":"","background-repeat":"repeat","background-position":"center center","background-size":"auto","background-attachment":"scroll","background-type":"","background-media":"","overlay-type":"","overlay-color":"","overlay-opacity":"","overlay-gradient":""}},"ast-content-background-meta":{"desktop":{"background-color":"var(--ast-global-color-5)","background-image":"","background-repeat":"repeat","background-position":"center center","background-size":"auto","background-attachment":"scroll","background-type":"","background-media":"","overlay-type":"","overlay-color":"","overlay-opacity":"","overlay-gradient":""},"tablet":{"background-color":"var(--ast-global-color-5)","background-image":"","background-repeat":"repeat","background-position":"center center","background-size":"auto","background-attachment":"scroll","background-type":"","background-media":"","overlay-type":"","overlay-color":"","overlay-opacity":"","overlay-gradient":""},"mobile":{"background-color":"var(--ast-global-color-5)","background-image":"","background-repeat":"repeat","background-position":"center center","background-size":"auto","background-attachment":"scroll","background-type":"","background-media":"","overlay-type":"","overlay-color":"","overlay-opacity":"","overlay-gradient":""}}},"product_brand":[],"product_cat":[29],"product_tag":[66,126,127,128],"class_list":{"0":"post-7067","1":"product","2":"type-product","3":"status-publish","4":"has-post-thumbnail","6":"product_cat-print3d","7":"product_tag-3d","8":"product_tag-breloc","9":"product_tag-harry-potter","10":"product_tag-hp","11":"pa_culori-3d-alb-negru","12":"pa_culori-3d-alte-culori","13":"desktop-align-center","14":"tablet-align-center","15":"mobile-align-center","16":"wcpa_has_options","18":"first","19":"instock","20":"featured","21":"shipping-taxable","22":"purchasable","23":"product-type-simple"},"_links":{"self":[{"href":"https:\/\/revnink.com\/en\/wp-json\/wp\/v2\/product\/7067","targetHints":{"allow":["GET"]}}],"collection":[{"href":"https:\/\/revnink.com\/en\/wp-json\/wp\/v2\/product"}],"about":[{"href":"https:\/\/revnink.com\/en\/wp-json\/wp\/v2\/types\/product"}],"wp:featuredmedia":[{"embeddable":true,"href":"https:\/\/revnink.com\/en\/wp-json\/wp\/v2\/media\/7070"}],"wp:attachment":[{"href":"https:\/\/revnink.com\/en\/wp-json\/wp\/v2\/media?parent=7067"}],"wp:term":[{"taxonomy":"product_brand","embeddable":true,"href":"https:\/\/revnink.com\/en\/wp-json\/wp\/v2\/product_brand?post=7067"},{"taxonomy":"product_cat","embeddable":true,"href":"https:\/\/revnink.com\/en\/wp-json\/wp\/v2\/product_cat?post=7067"},{"taxonomy":"product_tag","embeddable":true,"href":"https:\/\/revnink.com\/en\/wp-json\/wp\/v2\/product_tag?post=7067"}],"curies":[{"name":"wp","href":"https:\/\/api.w.org\/{rel}","templated":true}]}}