{"id":7075,"date":"2025-02-03T10:15:52","date_gmt":"2025-02-03T10:15:52","guid":{"rendered":"https:\/\/revnink.com\/?post_type=product&#038;p=7075"},"modified":"2026-04-01T16:48:02","modified_gmt":"2026-04-01T16:48:02","slug":"set-suport-de-cabluri","status":"publish","type":"product","link":"https:\/\/revnink.com\/en\/product\/set-suport-de-cabluri\/","title":{"rendered":"Set &#8211; Suport de cabluri"},"content":{"rendered":"<p>Suport pentru organizarea cablurilor.<br \/>\nSetul con\u021bine 3 suporturi identice.<\/p>\n<p>Acest suport de cablu, realizat prin imprimare 3D, este o solu\u021bie practic\u0103 \u0219i elegant\u0103 pentru organizarea cablurilor aparatelor electrocasnice.<br \/>\nProiectat pentru a se fixa u\u0219or pe suprafe\u021be netede, suportul permite \u00eenf\u0103\u0219urarea ordonat\u0103 a cablului, economisind spa\u021biu \u0219i prevenind \u00eencurcarea acestuia.<br \/>\nDatorit\u0103 designului s\u0103u minimalist \u0219i func\u021bional, este ideal pentru aparate precum mixere, blendere sau alte electrocasnice de buc\u0103t\u0103rie.<br \/>\nFabricat dintr-un material durabil \u0219i rezistent, acest accesoriu \u00eembin\u0103 utilitatea cu o estetic\u0103 modern\u0103, aduc\u00e2nd un plus de organizare \u0219i confort \u00een utilizarea zilnic\u0103.<\/p>","protected":false},"excerpt":{"rendered":"<p>Suport pentru organizarea cablurilor.<br \/>\nSetul con\u021bine 3 suporturi identice.<\/p>\n<p><span style=\"color: #800000;\"><span style=\"color: #333333;\"><strong>Alte detalii:<br \/>\n<\/strong>Produsele sunt realizate \u00een culorile standard: <strong>alb sau negru<\/strong>.<\/span><br \/>\n<span style=\"color: #333333;\">Pentru alte culori,<\/span> <a style=\"color: #808000; font-weight: bold;\" href=\"https:\/\/revnink.com\/en\/contact\/\">solicita\u021bi o ofert\u0103 de pre\u021b<\/a><span style=\"color: #808000;\">.<\/span><br \/>\n<span style=\"color: #800000; font-size: 13px;\">*<span style=\"color: #808080;\">Imaginea este cu titlu informativ \u0219i poate s\u0103 difere fa\u021b\u0103 de produsul final.<\/span>*<\/span><\/span><\/p>","protected":false},"featured_media":7079,"template":"","meta":{"site-sidebar-layout":"no-sidebar","site-content-layout":"","ast-site-content-layout":"default","site-content-style":"default","site-sidebar-style":"default","ast-global-header-display":"","ast-banner-title-visibility":"","ast-main-header-display":"","ast-hfb-above-header-display":"","ast-hfb-below-header-display":"","ast-hfb-mobile-header-display":"","site-post-title":"","ast-breadcrumbs-content":"","ast-featured-img":"","footer-sml-layout":"","ast-disable-related-posts":"","theme-transparent-header-meta":"default","adv-header-id-meta":"","stick-header-meta":"","header-above-stick-meta":"","header-main-stick-meta":"","header-below-stick-meta":"","astra-migrate-meta-layouts":"set","ast-page-background-enabled":"default","ast-page-background-meta":{"desktop":{"background-color":"","background-image":"","background-repeat":"repeat","background-position":"center center","background-size":"auto","background-attachment":"scroll","background-type":"","background-media":"","overlay-type":"","overlay-color":"","overlay-opacity":"","overlay-gradient":""},"tablet":{"background-color":"","background-image":"","background-repeat":"repeat","background-position":"center center","background-size":"auto","background-attachment":"scroll","background-type":"","background-media":"","overlay-type":"","overlay-color":"","overlay-opacity":"","overlay-gradient":""},"mobile":{"background-color":"","background-image":"","background-repeat":"repeat","background-position":"center center","background-size":"auto","background-attachment":"scroll","background-type":"","background-media":"","overlay-type":"","overlay-color":"","overlay-opacity":"","overlay-gradient":""}},"ast-content-background-meta":{"desktop":{"background-color":"var(--ast-global-color-5)","background-image":"","background-repeat":"repeat","background-position":"center center","background-size":"auto","background-attachment":"scroll","background-type":"","background-media":"","overlay-type":"","overlay-color":"","overlay-opacity":"","overlay-gradient":""},"tablet":{"background-color":"var(--ast-global-color-5)","background-image":"","background-repeat":"repeat","background-position":"center center","background-size":"auto","background-attachment":"scroll","background-type":"","background-media":"","overlay-type":"","overlay-color":"","overlay-opacity":"","overlay-gradient":""},"mobile":{"background-color":"var(--ast-global-color-5)","background-image":"","background-repeat":"repeat","background-position":"center center","background-size":"auto","background-attachment":"scroll","background-type":"","background-media":"","overlay-type":"","overlay-color":"","overlay-opacity":"","overlay-gradient":""}}},"product_brand":[],"product_cat":[29],"product_tag":[66,129,130,63],"class_list":{"0":"post-7075","1":"product","2":"type-product","3":"status-publish","4":"has-post-thumbnail","6":"product_cat-print3d","7":"product_tag-3d","8":"product_tag-cabluri","9":"product_tag-ergonomic","10":"product_tag-suport","11":"pa_culori-3d-alb-jade","12":"pa_culori-3d-alte-culori","13":"pa_culori-3d-negru","14":"desktop-align-center","15":"tablet-align-center","16":"mobile-align-center","17":"wcpa_has_options","19":"first","20":"instock","21":"featured","22":"shipping-taxable","23":"purchasable","24":"product-type-simple"},"_links":{"self":[{"href":"https:\/\/revnink.com\/en\/wp-json\/wp\/v2\/product\/7075","targetHints":{"allow":["GET"]}}],"collection":[{"href":"https:\/\/revnink.com\/en\/wp-json\/wp\/v2\/product"}],"about":[{"href":"https:\/\/revnink.com\/en\/wp-json\/wp\/v2\/types\/product"}],"wp:featuredmedia":[{"embeddable":true,"href":"https:\/\/revnink.com\/en\/wp-json\/wp\/v2\/media\/7079"}],"wp:attachment":[{"href":"https:\/\/revnink.com\/en\/wp-json\/wp\/v2\/media?parent=7075"}],"wp:term":[{"taxonomy":"product_brand","embeddable":true,"href":"https:\/\/revnink.com\/en\/wp-json\/wp\/v2\/product_brand?post=7075"},{"taxonomy":"product_cat","embeddable":true,"href":"https:\/\/revnink.com\/en\/wp-json\/wp\/v2\/product_cat?post=7075"},{"taxonomy":"product_tag","embeddable":true,"href":"https:\/\/revnink.com\/en\/wp-json\/wp\/v2\/product_tag?post=7075"}],"curies":[{"name":"wp","href":"https:\/\/api.w.org\/{rel}","templated":true}]}}