{"id":7109,"date":"2025-02-03T12:20:41","date_gmt":"2025-02-03T12:20:41","guid":{"rendered":"https:\/\/revnink.com\/?post_type=product&#038;p=7109"},"modified":"2025-02-15T12:53:06","modified_gmt":"2025-02-15T12:53:06","slug":"recipient-din-pasta-modelatoare","status":"publish","type":"product","link":"https:\/\/revnink.com\/en\/product\/recipient-din-pasta-modelatoare\/","title":{"rendered":"Recipient &#8211; Turnat &#8211; Pudr\u0103 Ceramic\u0103"},"content":{"rendered":"<p data-start=\"43\" data-end=\"243\">Acest recipient elegant, turnat manual din pudr\u0103 ceramic\u0103, este o pies\u0103 versatil\u0103 \u0219i modern\u0103, conceput\u0103 nu doar pentru organizarea spa\u021biului \u00eentr-un mod estetic, ci \u0219i pentru utiliz\u0103ri mai speciale.<\/p>\n<p data-start=\"245\" data-end=\"638\">Fiind rezistent la c\u0103ldur\u0103, acest recipient este perfect pentru turnarea de cear\u0103 de lum\u00e2n\u0103ri, devenind un aliat indispensabil pentru companii sau persoane fizice care creeaz\u0103 lum\u00e2n\u0103ri decorative.<br \/>\nCu un finisaj lucios \u0219i un design minimalist, acesta ofer\u0103 un suport practic \u0219i rafinat, integr\u00e2ndu-se armonios \u00een orice decor, fie pentru uz personal, fie ca pies\u0103 central\u0103 \u00een produsele finite.<\/p>\n<p data-start=\"640\" data-end=\"728\" data-is-last-node=\"\">Un produs ideal pentru cei care caut\u0103 func\u021bionalitate \u0219i estetic\u0103 \u00eentr-un singur obiect!<\/p>","protected":false},"excerpt":{"rendered":"<p>Recipient elegant, turnat manual din pudr\u0103 ceramic\u0103.<br \/>\nPerfect pentru depozitarea obiectelor sau pentru turnarea de cear\u0103 de lum\u00e2n\u0103ri.<\/p>","protected":false},"featured_media":7116,"template":"","meta":{"site-sidebar-layout":"no-sidebar","site-content-layout":"","ast-site-content-layout":"default","site-content-style":"default","site-sidebar-style":"default","ast-global-header-display":"","ast-banner-title-visibility":"","ast-main-header-display":"","ast-hfb-above-header-display":"","ast-hfb-below-header-display":"","ast-hfb-mobile-header-display":"","site-post-title":"","ast-breadcrumbs-content":"","ast-featured-img":"","footer-sml-layout":"","ast-disable-related-posts":"","theme-transparent-header-meta":"default","adv-header-id-meta":"","stick-header-meta":"","header-above-stick-meta":"","header-main-stick-meta":"","header-below-stick-meta":"","astra-migrate-meta-layouts":"set","ast-page-background-enabled":"default","ast-page-background-meta":{"desktop":{"background-color":"","background-image":"","background-repeat":"repeat","background-position":"center center","background-size":"auto","background-attachment":"scroll","background-type":"","background-media":"","overlay-type":"","overlay-color":"","overlay-opacity":"","overlay-gradient":""},"tablet":{"background-color":"","background-image":"","background-repeat":"repeat","background-position":"center center","background-size":"auto","background-attachment":"scroll","background-type":"","background-media":"","overlay-type":"","overlay-color":"","overlay-opacity":"","overlay-gradient":""},"mobile":{"background-color":"","background-image":"","background-repeat":"repeat","background-position":"center center","background-size":"auto","background-attachment":"scroll","background-type":"","background-media":"","overlay-type":"","overlay-color":"","overlay-opacity":"","overlay-gradient":""}},"ast-content-background-meta":{"desktop":{"background-color":"var(--ast-global-color-5)","background-image":"","background-repeat":"repeat","background-position":"center center","background-size":"auto","background-attachment":"scroll","background-type":"","background-media":"","overlay-type":"","overlay-color":"","overlay-opacity":"","overlay-gradient":""},"tablet":{"background-color":"var(--ast-global-color-5)","background-image":"","background-repeat":"repeat","background-position":"center center","background-size":"auto","background-attachment":"scroll","background-type":"","background-media":"","overlay-type":"","overlay-color":"","overlay-opacity":"","overlay-gradient":""},"mobile":{"background-color":"var(--ast-global-color-5)","background-image":"","background-repeat":"repeat","background-position":"center center","background-size":"auto","background-attachment":"scroll","background-type":"","background-media":"","overlay-type":"","overlay-color":"","overlay-opacity":"","overlay-gradient":""}}},"product_brand":[],"product_cat":[28],"product_tag":[107,155,153,116,154],"class_list":{"0":"post-7109","1":"product","2":"type-product","3":"status-publish","4":"has-post-thumbnail","6":"product_cat-diverse","7":"product_tag-handmade","8":"product_tag-lumanari","9":"product_tag-pudra-ceramica","10":"product_tag-recipient","11":"product_tag-turnare","12":"desktop-align-center","13":"tablet-align-center","14":"mobile-align-center","15":"wcpa_has_options","17":"first","18":"instock","19":"featured","20":"shipping-taxable","21":"purchasable","22":"product-type-simple"},"_links":{"self":[{"href":"https:\/\/revnink.com\/en\/wp-json\/wp\/v2\/product\/7109","targetHints":{"allow":["GET"]}}],"collection":[{"href":"https:\/\/revnink.com\/en\/wp-json\/wp\/v2\/product"}],"about":[{"href":"https:\/\/revnink.com\/en\/wp-json\/wp\/v2\/types\/product"}],"wp:featuredmedia":[{"embeddable":true,"href":"https:\/\/revnink.com\/en\/wp-json\/wp\/v2\/media\/7116"}],"wp:attachment":[{"href":"https:\/\/revnink.com\/en\/wp-json\/wp\/v2\/media?parent=7109"}],"wp:term":[{"taxonomy":"product_brand","embeddable":true,"href":"https:\/\/revnink.com\/en\/wp-json\/wp\/v2\/product_brand?post=7109"},{"taxonomy":"product_cat","embeddable":true,"href":"https:\/\/revnink.com\/en\/wp-json\/wp\/v2\/product_cat?post=7109"},{"taxonomy":"product_tag","embeddable":true,"href":"https:\/\/revnink.com\/en\/wp-json\/wp\/v2\/product_tag?post=7109"}],"curies":[{"name":"wp","href":"https:\/\/api.w.org\/{rel}","templated":true}]}}