{"id":7128,"date":"2025-02-10T09:20:42","date_gmt":"2025-02-10T09:20:42","guid":{"rendered":"https:\/\/revnink.com\/?post_type=product&#038;p=7128"},"modified":"2026-03-30T17:36:17","modified_gmt":"2026-03-30T17:36:17","slug":"set-cutter-stationary-plastelina","status":"publish","type":"product","link":"https:\/\/revnink.com\/en\/product\/set-cutter-stationary-plastelina\/","title":{"rendered":"Set Cuttere \u0219i \u0218tan\u021be &#8211; Stationary &#8211; Lut Polimeric"},"content":{"rendered":"<p>\u2728 Set Cuttere \u0219i \u0218tan\u021be \u201eStationary\u201d pentru Plastilin\u0103 \u2728<\/p>\n<p>Descoper\u0103 un set elegant \u0219i versatil, creat special pentru iubitorii de modelaj!<br \/>\nAcest set include 2 cutter-e pentru forme precise \u0219i 2 \u0219tan\u021be pentru detalii rafinate, perfecte pentru a ad\u0103uga un plus de profunzime \u0219i textur\u0103 crea\u021biilor tale.<br \/>\nInspirat de liniile echilibrate ale designului minimalist, acest set este ideal pentru arti\u0219ti, educatori \u0219i pasiona\u021bii de modelaj care caut\u0103 precizie \u0219i armonie.<br \/>\nFiecare pies\u0103 este conceput\u0103 pentru t\u0103ieturi curate \u0219i detalii impecabile, oferind rezultate profesionale de fiecare dat\u0103.<br \/>\nUn must-have pentru orice atelier creativ!<\/p>","protected":false},"excerpt":{"rendered":"<p>Set cutter-e pentru decuparea plastilinei, lutului polimeric, aluatului sau altor materiale maleabile. Setul este format din 4 obiecte cu forme diferite.<\/p>\n<p><strong>Alte detalii:<br \/>\n<\/strong>Produsele sunt realizate \u00een culorile standard: <strong>alb sau negru<\/strong> (aleatoriu).<br \/>\nPentru alte culori, <a style=\"color: #808000; font-weight: bold;\" href=\"https:\/\/revnink.com\/en\/contact\/\">solicita\u021bi o ofert\u0103 de pre\u021b<\/a>.<br \/>\n<span style=\"color: #800000; font-size: 13px;\">*<span style=\"color: #808080;\">Imaginea este cu titlu informativ \u0219i poate s\u0103 difere fa\u021b\u0103 de produsul final.<\/span>*<\/span><\/p>","protected":false},"featured_media":7132,"template":"","meta":{"site-sidebar-layout":"no-sidebar","site-content-layout":"","ast-site-content-layout":"default","site-content-style":"default","site-sidebar-style":"default","ast-global-header-display":"","ast-banner-title-visibility":"","ast-main-header-display":"","ast-hfb-above-header-display":"","ast-hfb-below-header-display":"","ast-hfb-mobile-header-display":"","site-post-title":"","ast-breadcrumbs-content":"","ast-featured-img":"","footer-sml-layout":"","ast-disable-related-posts":"","theme-transparent-header-meta":"default","adv-header-id-meta":"","stick-header-meta":"","header-above-stick-meta":"","header-main-stick-meta":"","header-below-stick-meta":"","astra-migrate-meta-layouts":"set","ast-page-background-enabled":"default","ast-page-background-meta":{"desktop":{"background-color":"","background-image":"","background-repeat":"repeat","background-position":"center center","background-size":"auto","background-attachment":"scroll","background-type":"","background-media":"","overlay-type":"","overlay-color":"","overlay-opacity":"","overlay-gradient":""},"tablet":{"background-color":"","background-image":"","background-repeat":"repeat","background-position":"center center","background-size":"auto","background-attachment":"scroll","background-type":"","background-media":"","overlay-type":"","overlay-color":"","overlay-opacity":"","overlay-gradient":""},"mobile":{"background-color":"","background-image":"","background-repeat":"repeat","background-position":"center center","background-size":"auto","background-attachment":"scroll","background-type":"","background-media":"","overlay-type":"","overlay-color":"","overlay-opacity":"","overlay-gradient":""}},"ast-content-background-meta":{"desktop":{"background-color":"var(--ast-global-color-5)","background-image":"","background-repeat":"repeat","background-position":"center center","background-size":"auto","background-attachment":"scroll","background-type":"","background-media":"","overlay-type":"","overlay-color":"","overlay-opacity":"","overlay-gradient":""},"tablet":{"background-color":"var(--ast-global-color-5)","background-image":"","background-repeat":"repeat","background-position":"center center","background-size":"auto","background-attachment":"scroll","background-type":"","background-media":"","overlay-type":"","overlay-color":"","overlay-opacity":"","overlay-gradient":""},"mobile":{"background-color":"var(--ast-global-color-5)","background-image":"","background-repeat":"repeat","background-position":"center center","background-size":"auto","background-attachment":"scroll","background-type":"","background-media":"","overlay-type":"","overlay-color":"","overlay-opacity":"","overlay-gradient":""}}},"product_brand":[],"product_cat":[170,29],"product_tag":[66,146,135,136,144,145,143],"class_list":{"0":"post-7128","1":"product","2":"type-product","3":"status-publish","4":"has-post-thumbnail","6":"product_cat-cutters","7":"product_cat-print3d","8":"product_tag-3d","9":"product_tag-cernit","10":"product_tag-cutter","11":"product_tag-fimo","12":"product_tag-pasta-polimerica","13":"product_tag-plastilina","14":"product_tag-sculpey","15":"pa_culori-3d-alb-jade","16":"pa_culori-3d-alte-culori","17":"pa_culori-3d-negru","18":"desktop-align-center","19":"tablet-align-center","20":"mobile-align-center","21":"wcpa_has_options","23":"first","24":"instock","25":"featured","26":"shipping-taxable","27":"purchasable","28":"product-type-simple"},"_links":{"self":[{"href":"https:\/\/revnink.com\/en\/wp-json\/wp\/v2\/product\/7128","targetHints":{"allow":["GET"]}}],"collection":[{"href":"https:\/\/revnink.com\/en\/wp-json\/wp\/v2\/product"}],"about":[{"href":"https:\/\/revnink.com\/en\/wp-json\/wp\/v2\/types\/product"}],"wp:featuredmedia":[{"embeddable":true,"href":"https:\/\/revnink.com\/en\/wp-json\/wp\/v2\/media\/7132"}],"wp:attachment":[{"href":"https:\/\/revnink.com\/en\/wp-json\/wp\/v2\/media?parent=7128"}],"wp:term":[{"taxonomy":"product_brand","embeddable":true,"href":"https:\/\/revnink.com\/en\/wp-json\/wp\/v2\/product_brand?post=7128"},{"taxonomy":"product_cat","embeddable":true,"href":"https:\/\/revnink.com\/en\/wp-json\/wp\/v2\/product_cat?post=7128"},{"taxonomy":"product_tag","embeddable":true,"href":"https:\/\/revnink.com\/en\/wp-json\/wp\/v2\/product_tag?post=7128"}],"curies":[{"name":"wp","href":"https:\/\/api.w.org\/{rel}","templated":true}]}}