{"id":7820,"date":"2025-03-21T16:58:03","date_gmt":"2025-03-21T16:58:03","guid":{"rendered":"https:\/\/revnink.com\/?post_type=product&#038;p=7820"},"modified":"2025-03-21T17:03:39","modified_gmt":"2025-03-21T17:03:39","slug":"tricou-cross-puls","status":"publish","type":"product","link":"https:\/\/revnink.com\/en\/product\/tricou-cross-puls\/","title":{"rendered":"Tricou &#8211; CROSS PULS"},"content":{"rendered":"<p data-start=\"60\" data-end=\"173\">Tricou cu un design minimalist \u0219i simbolic, reprezent\u00e2nd credin\u021ba printr-o cruce integrat\u0103 \u00eentr-un puls grafic.<\/p>\n<p data-start=\"175\" data-end=\"299\">Mesajul vizual transmite ideea c\u0103 <strong data-start=\"209\" data-end=\"240\">credin\u021ba este esen\u021ba vie\u021bii<\/strong>, fiind o expresie subtil\u0103 \u0219i profund\u0103 a spiritualit\u0103\u021bii.<\/p>\n<p data-start=\"301\" data-end=\"438\"><strong data-start=\"301\" data-end=\"328\">Disponibil \u00een culorile:<\/strong> negru \u0219i alb<br data-start=\"341\" data-end=\"344\" \/><strong data-start=\"344\" data-end=\"361\">Ideal pentru:<\/strong> evenimente religioase, purtare zilnic\u0103, cadou pentru persoane credincioase<\/p>\n<p data-start=\"440\" data-end=\"571\">Acest tricou este perfect pentru cei care \u00ee\u0219i doresc s\u0103 poarte un simbol discret, dar puternic al credin\u021bei \u00een via\u021ba de zi cu zi.<\/p>","protected":false},"excerpt":{"rendered":"<p>Tricou cu tematica cre\u0219tin\u0103!<br \/>\n<strong>Pentru a plasa comanda:<\/strong><br \/>\n\u2022 Selecteaz\u0103 culoarea, modelul \u0219i m\u0103rimea;<br \/>\n\u2022 La nevoie adaug\u0103 detalii relevante \u00een c\u00e2mpul &#8216;Not\u0103 la comand\u0103&#8217;.<br \/>\n\u2022 Selecteaz\u0103 cantitatea \u0219i apas\u0103 \u201eAdaug\u0103 \u00een co\u0219\u201d.<\/p>","protected":false},"featured_media":7846,"template":"","meta":{"site-sidebar-layout":"no-sidebar","site-content-layout":"","ast-site-content-layout":"default","site-content-style":"default","site-sidebar-style":"default","ast-global-header-display":"","ast-banner-title-visibility":"","ast-main-header-display":"","ast-hfb-above-header-display":"","ast-hfb-below-header-display":"","ast-hfb-mobile-header-display":"","site-post-title":"","ast-breadcrumbs-content":"","ast-featured-img":"","footer-sml-layout":"","ast-disable-related-posts":"","theme-transparent-header-meta":"default","adv-header-id-meta":"","stick-header-meta":"","header-above-stick-meta":"","header-main-stick-meta":"","header-below-stick-meta":"","astra-migrate-meta-layouts":"set","ast-page-background-enabled":"default","ast-page-background-meta":{"desktop":{"background-color":"","background-image":"","background-repeat":"repeat","background-position":"center center","background-size":"auto","background-attachment":"scroll","background-type":"","background-media":"","overlay-type":"","overlay-color":"","overlay-opacity":"","overlay-gradient":""},"tablet":{"background-color":"","background-image":"","background-repeat":"repeat","background-position":"center center","background-size":"auto","background-attachment":"scroll","background-type":"","background-media":"","overlay-type":"","overlay-color":"","overlay-opacity":"","overlay-gradient":""},"mobile":{"background-color":"","background-image":"","background-repeat":"repeat","background-position":"center center","background-size":"auto","background-attachment":"scroll","background-type":"","background-media":"","overlay-type":"","overlay-color":"","overlay-opacity":"","overlay-gradient":""}},"ast-content-background-meta":{"desktop":{"background-color":"var(--ast-global-color-5)","background-image":"","background-repeat":"repeat","background-position":"center center","background-size":"auto","background-attachment":"scroll","background-type":"","background-media":"","overlay-type":"","overlay-color":"","overlay-opacity":"","overlay-gradient":""},"tablet":{"background-color":"var(--ast-global-color-5)","background-image":"","background-repeat":"repeat","background-position":"center center","background-size":"auto","background-attachment":"scroll","background-type":"","background-media":"","overlay-type":"","overlay-color":"","overlay-opacity":"","overlay-gradient":""},"mobile":{"background-color":"var(--ast-global-color-5)","background-image":"","background-repeat":"repeat","background-position":"center center","background-size":"auto","background-attachment":"scroll","background-type":"","background-media":"","overlay-type":"","overlay-color":"","overlay-opacity":"","overlay-gradient":""}}},"product_brand":[],"product_cat":[27],"product_tag":[161,157,165,164,90,156,167,87],"class_list":{"0":"post-7820","1":"product","2":"type-product","3":"status-publish","4":"has-post-thumbnail","6":"product_cat-imbracaminte","7":"product_tag-barbat","8":"product_tag-crestin","9":"product_tag-cross","10":"product_tag-cruce","11":"product_tag-dama","12":"product_tag-paste","13":"product_tag-puls","14":"product_tag-tricou","15":"pa_culori-alb","16":"pa_culori-negru","17":"desktop-align-center","18":"tablet-align-center","19":"mobile-align-center","20":"wcpa_has_options","22":"first","23":"instock","24":"featured","25":"shipping-taxable","26":"purchasable","27":"product-type-variable"},"_links":{"self":[{"href":"https:\/\/revnink.com\/en\/wp-json\/wp\/v2\/product\/7820","targetHints":{"allow":["GET"]}}],"collection":[{"href":"https:\/\/revnink.com\/en\/wp-json\/wp\/v2\/product"}],"about":[{"href":"https:\/\/revnink.com\/en\/wp-json\/wp\/v2\/types\/product"}],"wp:featuredmedia":[{"embeddable":true,"href":"https:\/\/revnink.com\/en\/wp-json\/wp\/v2\/media\/7846"}],"wp:attachment":[{"href":"https:\/\/revnink.com\/en\/wp-json\/wp\/v2\/media?parent=7820"}],"wp:term":[{"taxonomy":"product_brand","embeddable":true,"href":"https:\/\/revnink.com\/en\/wp-json\/wp\/v2\/product_brand?post=7820"},{"taxonomy":"product_cat","embeddable":true,"href":"https:\/\/revnink.com\/en\/wp-json\/wp\/v2\/product_cat?post=7820"},{"taxonomy":"product_tag","embeddable":true,"href":"https:\/\/revnink.com\/en\/wp-json\/wp\/v2\/product_tag?post=7820"}],"curies":[{"name":"wp","href":"https:\/\/api.w.org\/{rel}","templated":true}]}}