{"id":7851,"date":"2025-03-21T17:06:07","date_gmt":"2025-03-21T17:06:07","guid":{"rendered":"https:\/\/revnink.com\/?post_type=product&#038;p=7851"},"modified":"2025-03-21T17:09:17","modified_gmt":"2025-03-21T17:09:17","slug":"tricou-faith","status":"publish","type":"product","link":"https:\/\/revnink.com\/en\/product\/tricou-faith\/","title":{"rendered":"Tricou &#8211; FAITH"},"content":{"rendered":"<p data-start=\"631\" data-end=\"771\">Tricou cu un design simplu, dar puternic, av\u00e2nd inscrip\u021bionat cuv\u00e2ntul <strong data-start=\"702\" data-end=\"711\">FAITH<\/strong> \u00eentr-un cadru minimalist, al\u0103turi de un simbol al crucii.<\/p>\n<p data-start=\"773\" data-end=\"915\">Acest design exprim\u0103 clar \u0219i elegant <strong data-start=\"810\" data-end=\"829\">for\u021ba credin\u021bei<\/strong>, potrivit pentru oricine dore\u0219te s\u0103 \u00ee\u0219i exprime convingerile printr-un stil modern.<\/p>\n<p data-start=\"917\" data-end=\"1060\"><strong data-start=\"917\" data-end=\"944\">Disponibil \u00een culorile:<\/strong> negru \u0219i alb<br data-start=\"957\" data-end=\"960\" \/><strong data-start=\"960\" data-end=\"977\">Ideal pentru:<\/strong> evenimente religioase, \u00eent\u00e2lniri de grup, purtare zilnic\u0103 ca simbol al credin\u021bei<\/p>\n<p data-start=\"1062\" data-end=\"1169\">Un tricou perfect pentru cei care doresc s\u0103 \u00ee\u0219i exprime spiritualitatea \u00eentr-un mod discret, dar vizibil.<\/p>","protected":false},"excerpt":{"rendered":"<p>Tricou cu tematica FAITH!<br \/>\n<strong>Pentru a plasa comanda:<\/strong><br \/>\n\u2022 Selecteaz\u0103 culoarea, modelul \u0219i m\u0103rimea;<br \/>\n\u2022 La nevoie adaug\u0103 detalii relevante \u00een c\u00e2mpul &#8216;Not\u0103 la comand\u0103&#8217;.<br \/>\n\u2022 Selecteaz\u0103 cantitatea \u0219i apas\u0103 \u201eAdaug\u0103 \u00een co\u0219\u201d.<\/p>","protected":false},"featured_media":7848,"template":"","meta":{"site-sidebar-layout":"no-sidebar","site-content-layout":"","ast-site-content-layout":"default","site-content-style":"default","site-sidebar-style":"default","ast-global-header-display":"","ast-banner-title-visibility":"","ast-main-header-display":"","ast-hfb-above-header-display":"","ast-hfb-below-header-display":"","ast-hfb-mobile-header-display":"","site-post-title":"","ast-breadcrumbs-content":"","ast-featured-img":"","footer-sml-layout":"","ast-disable-related-posts":"","theme-transparent-header-meta":"default","adv-header-id-meta":"","stick-header-meta":"","header-above-stick-meta":"","header-main-stick-meta":"","header-below-stick-meta":"","astra-migrate-meta-layouts":"set","ast-page-background-enabled":"default","ast-page-background-meta":{"desktop":{"background-color":"","background-image":"","background-repeat":"repeat","background-position":"center center","background-size":"auto","background-attachment":"scroll","background-type":"","background-media":"","overlay-type":"","overlay-color":"","overlay-opacity":"","overlay-gradient":""},"tablet":{"background-color":"","background-image":"","background-repeat":"repeat","background-position":"center center","background-size":"auto","background-attachment":"scroll","background-type":"","background-media":"","overlay-type":"","overlay-color":"","overlay-opacity":"","overlay-gradient":""},"mobile":{"background-color":"","background-image":"","background-repeat":"repeat","background-position":"center center","background-size":"auto","background-attachment":"scroll","background-type":"","background-media":"","overlay-type":"","overlay-color":"","overlay-opacity":"","overlay-gradient":""}},"ast-content-background-meta":{"desktop":{"background-color":"var(--ast-global-color-5)","background-image":"","background-repeat":"repeat","background-position":"center center","background-size":"auto","background-attachment":"scroll","background-type":"","background-media":"","overlay-type":"","overlay-color":"","overlay-opacity":"","overlay-gradient":""},"tablet":{"background-color":"var(--ast-global-color-5)","background-image":"","background-repeat":"repeat","background-position":"center center","background-size":"auto","background-attachment":"scroll","background-type":"","background-media":"","overlay-type":"","overlay-color":"","overlay-opacity":"","overlay-gradient":""},"mobile":{"background-color":"var(--ast-global-color-5)","background-image":"","background-repeat":"repeat","background-position":"center center","background-size":"auto","background-attachment":"scroll","background-type":"","background-media":"","overlay-type":"","overlay-color":"","overlay-opacity":"","overlay-gradient":""}}},"product_brand":[],"product_cat":[27],"product_tag":[161,157,90,168,156,87],"class_list":{"0":"post-7851","1":"product","2":"type-product","3":"status-publish","4":"has-post-thumbnail","6":"product_cat-imbracaminte","7":"product_tag-barbat","8":"product_tag-crestin","9":"product_tag-dama","10":"product_tag-faith","11":"product_tag-paste","12":"product_tag-tricou","13":"pa_culori-alb","14":"pa_culori-negru","15":"desktop-align-center","16":"tablet-align-center","17":"mobile-align-center","18":"wcpa_has_options","20":"first","21":"instock","22":"featured","23":"shipping-taxable","24":"purchasable","25":"product-type-variable"},"_links":{"self":[{"href":"https:\/\/revnink.com\/en\/wp-json\/wp\/v2\/product\/7851","targetHints":{"allow":["GET"]}}],"collection":[{"href":"https:\/\/revnink.com\/en\/wp-json\/wp\/v2\/product"}],"about":[{"href":"https:\/\/revnink.com\/en\/wp-json\/wp\/v2\/types\/product"}],"wp:featuredmedia":[{"embeddable":true,"href":"https:\/\/revnink.com\/en\/wp-json\/wp\/v2\/media\/7848"}],"wp:attachment":[{"href":"https:\/\/revnink.com\/en\/wp-json\/wp\/v2\/media?parent=7851"}],"wp:term":[{"taxonomy":"product_brand","embeddable":true,"href":"https:\/\/revnink.com\/en\/wp-json\/wp\/v2\/product_brand?post=7851"},{"taxonomy":"product_cat","embeddable":true,"href":"https:\/\/revnink.com\/en\/wp-json\/wp\/v2\/product_cat?post=7851"},{"taxonomy":"product_tag","embeddable":true,"href":"https:\/\/revnink.com\/en\/wp-json\/wp\/v2\/product_tag?post=7851"}],"curies":[{"name":"wp","href":"https:\/\/api.w.org\/{rel}","templated":true}]}}