{"id":7876,"date":"2025-03-21T17:10:13","date_gmt":"2025-03-21T17:10:13","guid":{"rendered":"https:\/\/revnink.com\/?post_type=product&#038;p=7876"},"modified":"2025-03-21T17:12:07","modified_gmt":"2025-03-21T17:12:07","slug":"tricou-freedom","status":"publish","type":"product","link":"https:\/\/revnink.com\/en\/product\/tricou-freedom\/","title":{"rendered":"Tricou &#8211; FREEDOM"},"content":{"rendered":"<p data-start=\"1231\" data-end=\"1364\">Tricou cu un design artistic realizat \u00een stil de linie continu\u0103, reprezent\u00e2nd un avion de h\u00e2rtie \u0219i cuv\u00e2ntul \u201eFreedom\u201d (Libertate).<\/p>\n<p data-start=\"1366\" data-end=\"1530\">Mesajul vizual simbolizeaz\u0103 <strong data-start=\"1394\" data-end=\"1454\">libertatea, visurile \u0219i dorin\u021ba de a explora f\u0103r\u0103 limite<\/strong>, fiind ideal pentru cei care apreciaz\u0103 un stil de via\u021b\u0103 liber \u0219i creativ.<\/p>\n<p data-start=\"1532\" data-end=\"1684\"><strong data-start=\"1532\" data-end=\"1559\">Disponibil \u00een culorile:<\/strong> negru \u0219i alb<br data-start=\"1572\" data-end=\"1575\" \/><strong data-start=\"1575\" data-end=\"1592\">Ideal pentru:<\/strong> persoane cu spirit liber, iubitori de c\u0103l\u0103torii, pasiona\u021bi de minimalism \u0219i design modern<\/p>\n<p data-start=\"1686\" data-end=\"1833\" data-is-last-node=\"\" data-is-only-node=\"\">Acest tricou este perfect pentru cei care \u00ee\u0219i doresc s\u0103 exprime dorin\u021ba de libertate \u0219i aventur\u0103 printr-un design simplu, dar plin de semnifica\u021bie.<\/p>","protected":false},"excerpt":{"rendered":"<p>Tricou cu tematica FREEDOM!<br \/>\n<strong>Pentru a plasa comanda:<\/strong><br \/>\n\u2022 Selecteaz\u0103 culoarea, modelul \u0219i m\u0103rimea;<br \/>\n\u2022 La nevoie adaug\u0103 detalii relevante \u00een c\u00e2mpul &#8216;Not\u0103 la comand\u0103&#8217;.<br \/>\n\u2022 Selecteaz\u0103 cantitatea \u0219i apas\u0103 \u201eAdaug\u0103 \u00een co\u0219\u201d.<\/p>","protected":false},"featured_media":7850,"template":"","meta":{"site-sidebar-layout":"no-sidebar","site-content-layout":"","ast-site-content-layout":"default","site-content-style":"default","site-sidebar-style":"default","ast-global-header-display":"","ast-banner-title-visibility":"","ast-main-header-display":"","ast-hfb-above-header-display":"","ast-hfb-below-header-display":"","ast-hfb-mobile-header-display":"","site-post-title":"","ast-breadcrumbs-content":"","ast-featured-img":"","footer-sml-layout":"","ast-disable-related-posts":"","theme-transparent-header-meta":"default","adv-header-id-meta":"","stick-header-meta":"","header-above-stick-meta":"","header-main-stick-meta":"","header-below-stick-meta":"","astra-migrate-meta-layouts":"set","ast-page-background-enabled":"default","ast-page-background-meta":{"desktop":{"background-color":"","background-image":"","background-repeat":"repeat","background-position":"center center","background-size":"auto","background-attachment":"scroll","background-type":"","background-media":"","overlay-type":"","overlay-color":"","overlay-opacity":"","overlay-gradient":""},"tablet":{"background-color":"","background-image":"","background-repeat":"repeat","background-position":"center center","background-size":"auto","background-attachment":"scroll","background-type":"","background-media":"","overlay-type":"","overlay-color":"","overlay-opacity":"","overlay-gradient":""},"mobile":{"background-color":"","background-image":"","background-repeat":"repeat","background-position":"center center","background-size":"auto","background-attachment":"scroll","background-type":"","background-media":"","overlay-type":"","overlay-color":"","overlay-opacity":"","overlay-gradient":""}},"ast-content-background-meta":{"desktop":{"background-color":"var(--ast-global-color-5)","background-image":"","background-repeat":"repeat","background-position":"center center","background-size":"auto","background-attachment":"scroll","background-type":"","background-media":"","overlay-type":"","overlay-color":"","overlay-opacity":"","overlay-gradient":""},"tablet":{"background-color":"var(--ast-global-color-5)","background-image":"","background-repeat":"repeat","background-position":"center center","background-size":"auto","background-attachment":"scroll","background-type":"","background-media":"","overlay-type":"","overlay-color":"","overlay-opacity":"","overlay-gradient":""},"mobile":{"background-color":"var(--ast-global-color-5)","background-image":"","background-repeat":"repeat","background-position":"center center","background-size":"auto","background-attachment":"scroll","background-type":"","background-media":"","overlay-type":"","overlay-color":"","overlay-opacity":"","overlay-gradient":""}}},"product_brand":[],"product_cat":[27],"product_tag":[161,157,90,169,87],"class_list":{"0":"post-7876","1":"product","2":"type-product","3":"status-publish","4":"has-post-thumbnail","6":"product_cat-imbracaminte","7":"product_tag-barbat","8":"product_tag-crestin","9":"product_tag-dama","10":"product_tag-freedom","11":"product_tag-tricou","12":"pa_culori-alb","13":"pa_culori-negru","14":"desktop-align-center","15":"tablet-align-center","16":"mobile-align-center","17":"wcpa_has_options","19":"first","20":"instock","21":"featured","22":"shipping-taxable","23":"purchasable","24":"product-type-variable"},"_links":{"self":[{"href":"https:\/\/revnink.com\/en\/wp-json\/wp\/v2\/product\/7876","targetHints":{"allow":["GET"]}}],"collection":[{"href":"https:\/\/revnink.com\/en\/wp-json\/wp\/v2\/product"}],"about":[{"href":"https:\/\/revnink.com\/en\/wp-json\/wp\/v2\/types\/product"}],"wp:featuredmedia":[{"embeddable":true,"href":"https:\/\/revnink.com\/en\/wp-json\/wp\/v2\/media\/7850"}],"wp:attachment":[{"href":"https:\/\/revnink.com\/en\/wp-json\/wp\/v2\/media?parent=7876"}],"wp:term":[{"taxonomy":"product_brand","embeddable":true,"href":"https:\/\/revnink.com\/en\/wp-json\/wp\/v2\/product_brand?post=7876"},{"taxonomy":"product_cat","embeddable":true,"href":"https:\/\/revnink.com\/en\/wp-json\/wp\/v2\/product_cat?post=7876"},{"taxonomy":"product_tag","embeddable":true,"href":"https:\/\/revnink.com\/en\/wp-json\/wp\/v2\/product_tag?post=7876"}],"curies":[{"name":"wp","href":"https:\/\/api.w.org\/{rel}","templated":true}]}}