{"id":7974,"date":"2025-03-28T11:14:07","date_gmt":"2025-03-28T11:14:07","guid":{"rendered":"https:\/\/revnink.com\/?post_type=product&#038;p=7974"},"modified":"2026-04-01T16:26:44","modified_gmt":"2026-04-01T16:26:44","slug":"macheta-anatomica-plexul-lombar","status":"publish","type":"product","link":"https:\/\/revnink.com\/en\/product\/macheta-anatomica-plexul-lombar\/","title":{"rendered":"Machet\u0103 anatomic\u0103 &#8211; PLEXUL LOMBAR"},"content":{"rendered":"<p class=\"\" data-start=\"101\" data-end=\"326\">Machet\u0103 anatomic\u0103 a plexului lombar, realizat prin imprimare 3D, este o reprezentare anatomic\u0103 detaliat\u0103 a plexului lombar uman.<br data-start=\"216\" data-end=\"219\" \/>Ideal pentru uz educa\u021bional, explicarea traseelor nervoase sau ca element decorativ cu valoare \u0219tiin\u021bific\u0103.<br \/>\n<span style=\"font-size: 16px;\">Cu un design modern, relief clar \u0219i etichete anatomice lizibile, acest model este perfect pentru profesori, studen\u021bi sau cadre medicale care doresc un suport vizual clar \u0219i atr\u0103g\u0103tor.<br \/>\n<\/span><span style=\"font-size: 16px;\">Acest model 3D este alegerea ideal\u0103 pentru oricine caut\u0103 un obiect educa\u021bional func\u021bional, estetic \u0219i inspirat din lumea medical\u0103 \u2013 fie pentru catedr\u0103, cabinet sau colec\u021bie personal\u0103.<\/span><\/p>","protected":false},"excerpt":{"rendered":"<p>Machet\u0103 anatomic\u0103 a plexului lombar, cu suport, realizat\u0103 prin imprimare 3D.<\/p>\n<p>Acest produs poate fi achizi\u021bionat \u0219i ca set:<br \/>\n\u2022<a href=\"https:\/\/revnink.com\/en\/?post_type=product&amp;p=7987&amp;preview=true\"> Set anatomic &#8211; <strong>PLEXUL BRAHIAL &amp; LOMBAR<\/strong><\/a><\/p>\n<p><span style=\"color: #800000;\"><span style=\"color: #333333;\"><strong>Alte detalii:<br \/>\n<\/strong>Produsele sunt realizate \u00een culorile standard: <strong>alb sau negru<\/strong>.<\/span><br \/>\n<span style=\"color: #333333;\">Pentru alte culori,<\/span> <a style=\"color: #808000; font-weight: bold;\" href=\"https:\/\/revnink.com\/en\/contact\/\">solicita\u021bi o ofert\u0103 de pre\u021b<\/a><span style=\"color: #808000;\">.<\/span><br \/>\n<span style=\"color: #800000; font-size: 13px;\">*<span style=\"color: #808080;\">Imaginea este cu titlu informativ \u0219i poate s\u0103 difere fa\u021b\u0103 de produsul final.<\/span>*<\/span><\/span><\/p>","protected":false},"featured_media":7978,"template":"","meta":{"site-sidebar-layout":"no-sidebar","site-content-layout":"","ast-site-content-layout":"default","site-content-style":"default","site-sidebar-style":"default","ast-global-header-display":"","ast-banner-title-visibility":"","ast-main-header-display":"","ast-hfb-above-header-display":"","ast-hfb-below-header-display":"","ast-hfb-mobile-header-display":"","site-post-title":"","ast-breadcrumbs-content":"","ast-featured-img":"","footer-sml-layout":"","ast-disable-related-posts":"","theme-transparent-header-meta":"default","adv-header-id-meta":"","stick-header-meta":"","header-above-stick-meta":"","header-main-stick-meta":"","header-below-stick-meta":"","astra-migrate-meta-layouts":"set","ast-page-background-enabled":"default","ast-page-background-meta":{"desktop":{"background-color":"","background-image":"","background-repeat":"repeat","background-position":"center center","background-size":"auto","background-attachment":"scroll","background-type":"","background-media":"","overlay-type":"","overlay-color":"","overlay-opacity":"","overlay-gradient":""},"tablet":{"background-color":"","background-image":"","background-repeat":"repeat","background-position":"center center","background-size":"auto","background-attachment":"scroll","background-type":"","background-media":"","overlay-type":"","overlay-color":"","overlay-opacity":"","overlay-gradient":""},"mobile":{"background-color":"","background-image":"","background-repeat":"repeat","background-position":"center center","background-size":"auto","background-attachment":"scroll","background-type":"","background-media":"","overlay-type":"","overlay-color":"","overlay-opacity":"","overlay-gradient":""}},"ast-content-background-meta":{"desktop":{"background-color":"var(--ast-global-color-5)","background-image":"","background-repeat":"repeat","background-position":"center center","background-size":"auto","background-attachment":"scroll","background-type":"","background-media":"","overlay-type":"","overlay-color":"","overlay-opacity":"","overlay-gradient":""},"tablet":{"background-color":"var(--ast-global-color-5)","background-image":"","background-repeat":"repeat","background-position":"center center","background-size":"auto","background-attachment":"scroll","background-type":"","background-media":"","overlay-type":"","overlay-color":"","overlay-opacity":"","overlay-gradient":""},"mobile":{"background-color":"var(--ast-global-color-5)","background-image":"","background-repeat":"repeat","background-position":"center center","background-size":"auto","background-attachment":"scroll","background-type":"","background-media":"","overlay-type":"","overlay-color":"","overlay-opacity":"","overlay-gradient":""}}},"product_brand":[],"product_cat":[171,29],"product_tag":[66,173,175,172,174,177],"class_list":{"0":"post-7974","1":"product","2":"type-product","3":"status-publish","4":"has-post-thumbnail","6":"product_cat-educationale","7":"product_cat-print3d","8":"product_tag-3d","9":"product_tag-anatomie","10":"product_tag-educativ","11":"product_tag-macheta","12":"product_tag-medical","13":"product_tag-plexul-lombar","14":"pa_culori-3d-alb-negru","15":"pa_culori-3d-alte-culori","16":"desktop-align-center","17":"tablet-align-center","18":"mobile-align-center","19":"wcpa_has_options","21":"first","22":"instock","23":"featured","24":"shipping-taxable","25":"purchasable","26":"product-type-simple"},"_links":{"self":[{"href":"https:\/\/revnink.com\/en\/wp-json\/wp\/v2\/product\/7974","targetHints":{"allow":["GET"]}}],"collection":[{"href":"https:\/\/revnink.com\/en\/wp-json\/wp\/v2\/product"}],"about":[{"href":"https:\/\/revnink.com\/en\/wp-json\/wp\/v2\/types\/product"}],"wp:featuredmedia":[{"embeddable":true,"href":"https:\/\/revnink.com\/en\/wp-json\/wp\/v2\/media\/7978"}],"wp:attachment":[{"href":"https:\/\/revnink.com\/en\/wp-json\/wp\/v2\/media?parent=7974"}],"wp:term":[{"taxonomy":"product_brand","embeddable":true,"href":"https:\/\/revnink.com\/en\/wp-json\/wp\/v2\/product_brand?post=7974"},{"taxonomy":"product_cat","embeddable":true,"href":"https:\/\/revnink.com\/en\/wp-json\/wp\/v2\/product_cat?post=7974"},{"taxonomy":"product_tag","embeddable":true,"href":"https:\/\/revnink.com\/en\/wp-json\/wp\/v2\/product_tag?post=7974"}],"curies":[{"name":"wp","href":"https:\/\/api.w.org\/{rel}","templated":true}]}}