{"id":7990,"date":"2025-03-28T12:54:31","date_gmt":"2025-03-28T12:54:31","guid":{"rendered":"https:\/\/revnink.com\/?post_type=product&#038;p=7990"},"modified":"2026-04-01T16:18:20","modified_gmt":"2026-04-01T16:18:20","slug":"suport-modular-organizator","status":"publish","type":"product","link":"https:\/\/revnink.com\/en\/product\/suport-modular-organizator\/","title":{"rendered":"Suport modular organizator"},"content":{"rendered":"<p>Suportul modular de baie, realizat prin imprimare 3D, este solu\u021bia ideal\u0103 pentru a-\u021bi organiza eficient produsele de igien\u0103 \u0219i \u00eengrijire personal\u0103.<br \/>\nIdeal pentru periu\u021be de din\u021bi, cosmetice, dischete demachiante, be\u021bi\u0219oare de urechi \u0219i alte articole esen\u021biale.<br \/>\n<span style=\"font-size: 16px;\">Cu un design modern, compartimentare inteligent\u0103 \u0219i textur\u0103 elegant\u0103, acest organizator este perfect pentru baie, m\u0103su\u021ba de toalet\u0103 sau spa\u021biile de beauty.<br \/>\n<\/span><span style=\"font-size: 16px;\">Acest suport este alegerea perfect\u0103 pentru oricine \u00ee\u0219i dore\u0219te un accesoriu practic, estetic \u0219i versatil pentru organizarea zilnic\u0103!<\/span><\/p>","protected":false},"excerpt":{"rendered":"<p>Set suport modular ideal pentru a-\u021bi organiza eficient produsele de igien\u0103 \u0219i \u00eengrijire personal\u0103.<\/p>\n<p><span style=\"color: #800000;\"><span style=\"color: #333333;\"><strong>Alte detalii:<br \/>\n<\/strong>Produsele sunt realizate \u00een culorile standard: <strong>alb sau negru<\/strong>.<\/span><br \/>\n<span style=\"color: #333333;\">Pentru alte culori,<\/span> <a style=\"color: #808000; font-weight: bold;\" href=\"https:\/\/revnink.com\/en\/contact\/\">solicita\u021bi o ofert\u0103 de pre\u021b<\/a><span style=\"color: #808000;\">.<\/span><br \/>\n<span style=\"color: #800000; font-size: 13px;\">*<span style=\"color: #808080;\">Imaginea este cu titlu informativ \u0219i poate s\u0103 difere fa\u021b\u0103 de produsul final.<\/span>*<br \/>\n*<span style=\"color: #808080;\">Produsul con\u021bine doar componentele printate 3D \u0219i nu vine cu alte accesorii.<\/span>*<br \/>\n<\/span><\/span><\/p>","protected":false},"featured_media":7993,"template":"","meta":{"site-sidebar-layout":"no-sidebar","site-content-layout":"","ast-site-content-layout":"default","site-content-style":"default","site-sidebar-style":"default","ast-global-header-display":"","ast-banner-title-visibility":"","ast-main-header-display":"","ast-hfb-above-header-display":"","ast-hfb-below-header-display":"","ast-hfb-mobile-header-display":"","site-post-title":"","ast-breadcrumbs-content":"","ast-featured-img":"","footer-sml-layout":"","ast-disable-related-posts":"","theme-transparent-header-meta":"default","adv-header-id-meta":"","stick-header-meta":"","header-above-stick-meta":"","header-main-stick-meta":"","header-below-stick-meta":"","astra-migrate-meta-layouts":"set","ast-page-background-enabled":"default","ast-page-background-meta":{"desktop":{"background-color":"","background-image":"","background-repeat":"repeat","background-position":"center center","background-size":"auto","background-attachment":"scroll","background-type":"","background-media":"","overlay-type":"","overlay-color":"","overlay-opacity":"","overlay-gradient":""},"tablet":{"background-color":"","background-image":"","background-repeat":"repeat","background-position":"center center","background-size":"auto","background-attachment":"scroll","background-type":"","background-media":"","overlay-type":"","overlay-color":"","overlay-opacity":"","overlay-gradient":""},"mobile":{"background-color":"","background-image":"","background-repeat":"repeat","background-position":"center center","background-size":"auto","background-attachment":"scroll","background-type":"","background-media":"","overlay-type":"","overlay-color":"","overlay-opacity":"","overlay-gradient":""}},"ast-content-background-meta":{"desktop":{"background-color":"var(--ast-global-color-5)","background-image":"","background-repeat":"repeat","background-position":"center center","background-size":"auto","background-attachment":"scroll","background-type":"","background-media":"","overlay-type":"","overlay-color":"","overlay-opacity":"","overlay-gradient":""},"tablet":{"background-color":"var(--ast-global-color-5)","background-image":"","background-repeat":"repeat","background-position":"center center","background-size":"auto","background-attachment":"scroll","background-type":"","background-media":"","overlay-type":"","overlay-color":"","overlay-opacity":"","overlay-gradient":""},"mobile":{"background-color":"var(--ast-global-color-5)","background-image":"","background-repeat":"repeat","background-position":"center center","background-size":"auto","background-attachment":"scroll","background-type":"","background-media":"","overlay-type":"","overlay-color":"","overlay-opacity":"","overlay-gradient":""}}},"product_brand":[],"product_cat":[181,29],"product_tag":[66,179,117,118,180,63],"class_list":{"0":"post-7990","1":"product","2":"type-product","3":"status-publish","4":"has-post-thumbnail","6":"product_cat-premium","7":"product_cat-print3d","8":"product_tag-3d","9":"product_tag-baie","10":"product_tag-modular","11":"product_tag-organizator","12":"product_tag-produse-cosmetice","13":"product_tag-suport","14":"pa_culori-3d-alb-negru","15":"pa_culori-3d-alte-culori","16":"desktop-align-center","17":"tablet-align-center","18":"mobile-align-center","19":"wcpa_has_options","21":"first","22":"instock","23":"featured","24":"shipping-taxable","25":"purchasable","26":"product-type-simple"},"_links":{"self":[{"href":"https:\/\/revnink.com\/en\/wp-json\/wp\/v2\/product\/7990","targetHints":{"allow":["GET"]}}],"collection":[{"href":"https:\/\/revnink.com\/en\/wp-json\/wp\/v2\/product"}],"about":[{"href":"https:\/\/revnink.com\/en\/wp-json\/wp\/v2\/types\/product"}],"wp:featuredmedia":[{"embeddable":true,"href":"https:\/\/revnink.com\/en\/wp-json\/wp\/v2\/media\/7993"}],"wp:attachment":[{"href":"https:\/\/revnink.com\/en\/wp-json\/wp\/v2\/media?parent=7990"}],"wp:term":[{"taxonomy":"product_brand","embeddable":true,"href":"https:\/\/revnink.com\/en\/wp-json\/wp\/v2\/product_brand?post=7990"},{"taxonomy":"product_cat","embeddable":true,"href":"https:\/\/revnink.com\/en\/wp-json\/wp\/v2\/product_cat?post=7990"},{"taxonomy":"product_tag","embeddable":true,"href":"https:\/\/revnink.com\/en\/wp-json\/wp\/v2\/product_tag?post=7990"}],"curies":[{"name":"wp","href":"https:\/\/api.w.org\/{rel}","templated":true}]}}