{"id":7798,"date":"2025-03-20T18:48:17","date_gmt":"2025-03-20T18:48:17","guid":{"rendered":"https:\/\/revnink.com\/?page_id=7798"},"modified":"2025-03-20T18:56:01","modified_gmt":"2025-03-20T18:56:01","slug":"servicii-modelare-3d","status":"publish","type":"page","link":"https:\/\/revnink.com\/ro\/servicii-modelare-3d\/","title":{"rendered":"Servicii &#8211; Modelare 3D"},"content":{"rendered":"\t\t<div data-elementor-type=\"wp-page\" data-elementor-id=\"7798\" class=\"elementor elementor-7798\">\n\t\t\t\t<div class=\"elementor-element elementor-element-85f0bdf e-flex e-con-boxed e-con e-parent\" data-id=\"85f0bdf\" data-element_type=\"container\" data-e-type=\"container\">\n\t\t\t\t\t<div class=\"e-con-inner\">\n\t\t<div class=\"elementor-element elementor-element-8c9c35e e-con-full e-flex e-con e-child\" data-id=\"8c9c35e\" data-element_type=\"container\" data-e-type=\"container\">\n\t\t\t\t<div class=\"elementor-element elementor-element-00b9c0e elementor-widget elementor-widget-heading\" data-id=\"00b9c0e\" data-element_type=\"widget\" data-e-type=\"widget\" data-widget_type=\"heading.default\">\n\t\t\t\t<div class=\"elementor-widget-container\">\n\t\t\t\t\t<h2 class=\"elementor-heading-title elementor-size-default\">Servicii - MODELARE 3D<\/h2>\t\t\t\t<\/div>\n\t\t\t\t<\/div>\n\t\t\t\t<\/div>\n\t\t\t\t\t<\/div>\n\t\t\t\t<\/div>\n\t\t<div class=\"elementor-element elementor-element-d0c27de e-flex e-con-boxed e-con e-parent\" data-id=\"d0c27de\" data-element_type=\"container\" data-e-type=\"container\">\n\t\t\t\t\t<div class=\"e-con-inner\">\n\t\t<div class=\"elementor-element elementor-element-3cc7e80 e-con-full e-flex e-con e-child\" data-id=\"3cc7e80\" data-element_type=\"container\" data-e-type=\"container\">\n\t\t\t\t<div class=\"elementor-element elementor-element-bc38e6d elementor-widget-divider--view-line elementor-widget elementor-widget-divider\" data-id=\"bc38e6d\" data-element_type=\"widget\" data-e-type=\"widget\" data-widget_type=\"divider.default\">\n\t\t\t\t<div class=\"elementor-widget-container\">\n\t\t\t\t\t\t\t<div class=\"elementor-divider\">\n\t\t\t<span class=\"elementor-divider-separator\">\n\t\t\t\t\t\t<\/span>\n\t\t<\/div>\n\t\t\t\t\t\t<\/div>\n\t\t\t\t<\/div>\n\t\t\t\t<\/div>\n\t\t\t\t\t<\/div>\n\t\t\t\t<\/div>\n\t\t<div class=\"elementor-element elementor-element-5342b0a e-flex e-con-boxed e-con e-parent\" data-id=\"5342b0a\" data-element_type=\"container\" data-e-type=\"container\">\n\t\t\t\t\t<div class=\"e-con-inner\">\n\t\t<div class=\"elementor-element elementor-element-38e3026 e-con-full e-flex e-con e-child\" data-id=\"38e3026\" data-element_type=\"container\" data-e-type=\"container\">\n\t\t\t\t<div class=\"elementor-element elementor-element-8e49ebd elementor-widget elementor-widget-text-editor\" data-id=\"8e49ebd\" data-element_type=\"widget\" data-e-type=\"widget\" data-widget_type=\"text-editor.default\">\n\t\t\t\t<div class=\"elementor-widget-container\">\n\t\t\t\t\t\t\t\t\t<h5 style=\"text-align: center;\">Dac\u0103 ai nevoie de ajutor cu proiectarea \/ modelarea obiectelor 3D, \u00ee\u021bi st\u0103m la dispozi\u021bie.<\/h5>\t\t\t\t\t\t\t\t<\/div>\n\t\t\t\t<\/div>\n\t\t\t\t<\/div>\n\t\t\t\t\t<\/div>\n\t\t\t\t<\/div>\n\t\t<div class=\"elementor-element elementor-element-a87d6ed e-flex e-con-boxed e-con e-parent\" data-id=\"a87d6ed\" data-element_type=\"container\" data-e-type=\"container\">\n\t\t\t\t\t<div class=\"e-con-inner\">\n\t\t<div class=\"elementor-element elementor-element-97f5de7 e-con-full e-flex e-con e-child\" data-id=\"97f5de7\" data-element_type=\"container\" data-e-type=\"container\">\n\t\t<div class=\"elementor-element elementor-element-6d08928 e-con-full e-flex e-con e-child\" data-id=\"6d08928\" data-element_type=\"container\" data-e-type=\"container\">\n\t\t\t\t<div class=\"elementor-element elementor-element-30b3e99 elementor-widget elementor-widget-text-editor\" data-id=\"30b3e99\" data-element_type=\"widget\" data-e-type=\"widget\" data-widget_type=\"text-editor.default\">\n\t\t\t\t<div class=\"elementor-widget-container\">\n\t\t\t\t\t\t\t\t\t<p style=\"text-align: left;\">\u00a0 \u00a0Indiferent de tipul de modelare, <strong>realizarea unui design pentru imprimare 3D necesit\u0103 expertiz\u0103 \u0219i o \u00een\u021belegere aprofundat\u0103 a structurii \u0219i func\u021bionalit\u0103\u021bii finale a obiectului.<\/strong><\/p><p style=\"text-align: left;\">\u2022\u00a0<strong>Modelarea tehnic\u0103<\/strong>\u00a0\u2013 se adreseaz\u0103 obiectelor cu cerin\u021be de precizie \u0219i func\u021bionalitate, cum ar fi piese de mecanic\u0103, elemente de \u00eembinare sau prototipuri. Aceasta presupune o abordare metodic\u0103 \u0219i calculat\u0103, astfel \u00eenc\u00e2t fiecare detaliu s\u0103 corespund\u0103 scopului final al piesei. Modelarea tehnic\u0103 necesit\u0103 o evaluare atent\u0103 a dimensiunilor, toleran\u021belor \u0219i, uneori, a materialelor utilizate, pentru a se asigura c\u0103 obiectul se comport\u0103 conform a\u0219tept\u0103rilor.<\/p><p style=\"text-align: left;\">\u2022\u00a0<strong>Modelarea artistic\u0103<\/strong>\u00a0\u2013 se concentreaz\u0103 pe crearea de obiecte vizuale \u0219i decorative, cu un accent deosebit pe formele complexe \u0219i expresivitate. Aceasta include modele de art\u0103, figurine, obiecte decorative \u0219i alte piese care impresioneaz\u0103 prin detaliu \u0219i estetic\u0103. \u00cen acest caz, flexibilitatea artistic\u0103 este mai mare, \u00eens\u0103 trebuie respectate limitele tehnice ale imprimantei \u0219i cerin\u021bele materialului.<\/p><p style=\"text-align: left;\">\u00a0 \u00a0 Dac\u0103 dore\u0219ti s\u0103 modifici un model existent sau s\u0103 creeze un model complet nou, <strong>procesul poate include ajust\u0103ri suplimentare<\/strong>\u00a0pentru a respecta specifica\u021biile dorite. \u00cen aceste cazuri, pre\u021bul final al unui model personalizat va fi stabilit dup\u0103 ce clientul confirm\u0103 c\u0103 modelul digital realizat corespunde a\u0219tept\u0103rilor sale \u0219i este bun de printat.\u00a0<strong>Numai \u00een urma acestui OK final, vom putea oferi un cost precis, adaptat complexit\u0103\u021bii \u0219i specifica\u021biilor modelului.<\/strong><\/p><h3 style=\"text-align: left;\" data-start=\"1162\" data-end=\"1195\"><strong data-start=\"1166\" data-end=\"1193\">Transmiterea fi\u0219ierelor<\/strong><\/h3><p style=\"text-align: left;\" data-start=\"1197\" data-end=\"1231\">Fi\u0219ierul poate fi transmis prin:<\/p><ul data-start=\"1233\" data-end=\"1359\" data-is-last-node=\"\" data-is-only-node=\"\"><li style=\"text-align: left;\" data-start=\"1233\" data-end=\"1281\"><strong data-start=\"1235\" data-end=\"1245\">E-mail<\/strong>: la adresa <strong data-start=\"1257\" data-end=\"1279\"><a rel=\"noopener\" data-start=\"1259\" data-end=\"1277\">office@revnink.com<\/a><\/strong><\/li><li style=\"text-align: left;\" data-start=\"1282\" data-end=\"1359\" data-is-last-node=\"\"><strong data-start=\"1284\" data-end=\"1307\">Formular de comand\u0103<\/strong>: prin ata\u0219area unui link de desc\u0103rcare a fi\u0219ierului<\/li><\/ul>\t\t\t\t\t\t\t\t<\/div>\n\t\t\t\t<\/div>\n\t\t\t\t<\/div>\n\t\t<div class=\"elementor-element elementor-element-2c943ae e-con-full e-flex e-con e-child\" data-id=\"2c943ae\" data-element_type=\"container\" data-e-type=\"container\">\n\t\t\t\t<div class=\"elementor-element elementor-element-54e4f69 elementor-widget__width-initial elementor-widget elementor-widget-wpforms\" data-id=\"54e4f69\" data-element_type=\"widget\" data-e-type=\"widget\" data-widget_type=\"wpforms.default\">\n\t\t\t\t<div class=\"elementor-widget-container\">\n\t\t\t\t\t<div class=\"wpforms-container \" id=\"wpforms-7803\"><form id=\"wpforms-form-7803\" class=\"wpforms-validate wpforms-form wpforms-ajax-form\" data-formid=\"7803\" method=\"post\" enctype=\"multipart\/form-data\" action=\"\/ro\/wp-json\/wp\/v2\/pages\/7798\" data-token=\"6f5a0ce4ba19ec117f99784bd2aa1740\" data-token-time=\"1776436621\"><noscript class=\"wpforms-error-noscript\">Please enable JavaScript in your browser to complete this form.<\/noscript><div class=\"wpforms-field-container\"><div id=\"wpforms-7803-field_2-container\" class=\"wpforms-field wpforms-field-text\" data-field-id=\"2\"><label class=\"wpforms-field-label\" for=\"wpforms-7803-field_2\">Nume <span class=\"wpforms-required-label\">*<\/span><\/label><input type=\"text\" id=\"wpforms-7803-field_2\" class=\"wpforms-field-medium wpforms-field-required\" name=\"wpforms[fields][2]\" required><\/div><div id=\"wpforms-7803-field_5-container\" class=\"wpforms-field wpforms-field-text\" data-field-id=\"5\"><label class=\"wpforms-field-label\" for=\"wpforms-7803-field_5\">Firm\u0103<\/label><input type=\"text\" id=\"wpforms-7803-field_5\" class=\"wpforms-field-medium\" name=\"wpforms[fields][5]\" ><\/div>\t\t<div id=\"wpforms-7803-field_1-container\"\n\t\t\tclass=\"wpforms-field wpforms-field-text\"\n\t\t\tdata-field-type=\"text\"\n\t\t\tdata-field-id=\"1\"\n\t\t\t>\n\t\t\t<label class=\"wpforms-field-label\" for=\"wpforms-7803-field_1\" >Firm\u0103 Important! Link<\/label>\n\t\t\t<input type=\"text\" id=\"wpforms-7803-field_1\" class=\"wpforms-field-medium\" name=\"wpforms[fields][1]\" >\n\t\t<\/div>\n\t\t<div id=\"wpforms-7803-field_3-container\" class=\"wpforms-field wpforms-field-email\" data-field-id=\"3\"><label class=\"wpforms-field-label\" for=\"wpforms-7803-field_3\">Email <span class=\"wpforms-required-label\">*<\/span><\/label><input type=\"email\" id=\"wpforms-7803-field_3\" class=\"wpforms-field-medium wpforms-field-required\" name=\"wpforms[fields][3]\" spellcheck=\"false\" required><\/div><div id=\"wpforms-7803-field_7-container\" class=\"wpforms-field wpforms-field-text\" data-field-id=\"7\"><label class=\"wpforms-field-label\" for=\"wpforms-7803-field_7\">Link desc\u0103rcare fi\u0219ier<\/label><input type=\"text\" id=\"wpforms-7803-field_7\" class=\"wpforms-field-medium\" name=\"wpforms[fields][7]\" ><div class=\"wpforms-field-description\">\u00cencarc\u0103 fi\u0219ierul pe o platform\u0103 de distribuire (ex: wetransfer.com) copiaz\u0103 link-ul \u0219i plaseaz\u0103-l \u00een acest c\u00e2mp.<\/div><\/div><div id=\"wpforms-7803-field_6-container\" class=\"wpforms-field wpforms-field-textarea\" data-field-id=\"6\"><label class=\"wpforms-field-label\" for=\"wpforms-7803-field_6\">Mesaj <span class=\"wpforms-required-label\">*<\/span><\/label><textarea id=\"wpforms-7803-field_6\" class=\"wpforms-field-medium wpforms-field-required\" name=\"wpforms[fields][6]\" required><\/textarea><div class=\"wpforms-field-description\">Informa\u021biile furnizate \u00een comand\u0103 trebuie s\u0103 fie clare \u0219i relevante, pentru a putea calcula corect oferta de pre\u021b \u0219i pentru a evita erori sau \u00eent\u00e2rzieri \u00een procesul de produc\u021bie \u0219i livrare. <\/div><\/div><div id=\"wpforms-7803-field_9-container\" class=\"wpforms-field wpforms-field-payment-checkbox\" data-field-id=\"9\"><label class=\"wpforms-field-label\">Important! <span class=\"wpforms-required-label\">*<\/span><\/label><ul id=\"wpforms-7803-field_9\" class=\"wpforms-field-required\"><li class=\"choice-1\"><input type=\"checkbox\" id=\"wpforms-7803-field_9_1\" class=\"wpforms-payment-price\" data-amount=\"0.00\" name=\"wpforms[fields][9][]\" value=\"1\" required ><label class=\"wpforms-field-label-inline\" for=\"wpforms-7803-field_9_1\">Am citit \u0219i sunt de acord cu <a href=\"https:\/\/revnink.com\/ro\/termene-si-conditii\/\" target=\"_blank\">termenele \u0219i condi\u021biile<\/a> de colaborare.<\/label><\/li><\/ul><\/div><script>\n\t\t\t\t( function() {\n\t\t\t\t\tconst style = document.createElement( 'style' );\n\t\t\t\t\tstyle.appendChild( document.createTextNode( '#wpforms-7803-field_1-container { position: absolute !important; overflow: hidden !important; display: inline !important; height: 1px !important; width: 1px !important; z-index: -1000 !important; padding: 0 !important; } #wpforms-7803-field_1-container input { visibility: hidden; } #wpforms-conversational-form-page #wpforms-7803-field_1-container label { counter-increment: none; }' ) );\n\t\t\t\t\tdocument.head.appendChild( style );\n\t\t\t\t\tdocument.currentScript?.remove();\n\t\t\t\t} )();\n\t\t\t<\/script><\/div><!-- .wpforms-field-container --><div class=\"wpforms-submit-container\" ><input type=\"hidden\" name=\"wpforms[id]\" value=\"7803\"><input type=\"hidden\" name=\"page_title\" value=\"\"><input type=\"hidden\" name=\"page_url\" value=\"https:\/\/revnink.com\/ro\/wp-json\/wp\/v2\/pages\/7798\"><input type=\"hidden\" name=\"url_referer\" value=\"\"><button type=\"submit\" name=\"wpforms[submit]\" id=\"wpforms-submit-7803\" class=\"wpforms-submit\" data-alt-text=\"Se trimite...\" data-submit-text=\"Trimite\" aria-live=\"assertive\" value=\"wpforms-submit\">Trimite<\/button><img decoding=\"async\" src=\"https:\/\/revnink.com\/wp-content\/plugins\/wpforms-lite\/assets\/images\/submit-spin.svg\" class=\"wpforms-submit-spinner\" style=\"display: none;\" width=\"26\" height=\"26\" alt=\"Loading\"><\/div><\/form><\/div>  <!-- .wpforms-container -->\t\t\t\t<\/div>\n\t\t\t\t<\/div>\n\t\t\t\t<\/div>\n\t\t\t\t<\/div>\n\t\t\t\t\t<\/div>\n\t\t\t\t<\/div>\n\t\t<div class=\"elementor-element elementor-element-e98788a e-flex e-con-boxed e-con e-parent\" data-id=\"e98788a\" data-element_type=\"container\" data-e-type=\"container\">\n\t\t\t\t\t<div class=\"e-con-inner\">\n\t\t<div class=\"elementor-element elementor-element-8c24af3 e-con-full e-flex e-con e-child\" data-id=\"8c24af3\" data-element_type=\"container\" data-e-type=\"container\">\n\t\t\t\t<div class=\"elementor-element elementor-element-9666ea6 elementor-widget elementor-widget-text-editor\" data-id=\"9666ea6\" data-element_type=\"widget\" data-e-type=\"widget\" data-widget_type=\"text-editor.default\">\n\t\t\t\t<div class=\"elementor-widget-container\">\n\t\t\t\t\t\t\t\t\t<p><strong>Aten\u021bionare privind condi\u021biile de colaborare pentru acest serviciu!<\/strong><\/p><p>RevnInk SRL ofer\u0103 o serie de servicii suplimentare (directe sau prin parteneriate) \u00een completarea activit\u0103\u021bii principale de v\u00e2nzare a produselor. Aceste servicii se desf\u0103\u0219oar\u0103 \u00een condi\u021bii distincte, iar pre\u021burile, termenele de execu\u021bie \u0219i livrare pot varia \u00een func\u021bie de specificul fiec\u0103rei comenzi \u0219i de anumi\u021bi factori particulari fiec\u0103rui proiect. Iar acestea se achit\u0103 100% \u00een avans.<\/p><p>Prin apelarea la aceste servicii, clientul \u00ee\u0219i exprim\u0103 acordul de a colabora \u00een conformitate cu termenii, condi\u021biile \u0219i regulamentul intern stabilit de RevnInk SRL. Totodat\u0103, compania \u00ee\u0219i rezerv\u0103 dreptul de a selecta clientela \u0219i de a refuza comenzile care nu se aliniaz\u0103 politicii \u0219i criteriilor noastre de colaborare.<\/p>\t\t\t\t\t\t\t\t<\/div>\n\t\t\t\t<\/div>\n\t\t\t\t<\/div>\n\t\t\t\t\t<\/div>\n\t\t\t\t<\/div>\n\t\t\t\t<\/div>\n\t\t","protected":false},"excerpt":{"rendered":"<p>Servicii &#8211; MODELARE 3D Dac\u0103 ai nevoie de ajutor cu proiectarea \/ modelarea obiectelor 3D, \u00ee\u021bi st\u0103m la dispozi\u021bie. \u00a0 \u00a0Indiferent de tipul de modelare, realizarea unui design pentru imprimare 3D necesit\u0103 expertiz\u0103 \u0219i o \u00een\u021belegere aprofundat\u0103 a structurii \u0219i func\u021bionalit\u0103\u021bii finale a obiectului. \u2022\u00a0Modelarea tehnic\u0103\u00a0\u2013 se adreseaz\u0103 obiectelor cu cerin\u021be de precizie \u0219i func\u021bionalitate, [&hellip;]<\/p>\n","protected":false},"author":1,"featured_media":0,"parent":0,"menu_order":0,"comment_status":"closed","ping_status":"closed","template":"","meta":{"site-sidebar-layout":"no-sidebar","site-content-layout":"page-builder","ast-site-content-layout":"full-width-container","site-content-style":"default","site-sidebar-style":"default","ast-global-header-display":"","ast-banner-title-visibility":"","ast-main-header-display":"","ast-hfb-above-header-display":"","ast-hfb-below-header-display":"","ast-hfb-mobile-header-display":"","site-post-title":"disabled","ast-breadcrumbs-content":"","ast-featured-img":"disabled","footer-sml-layout":"","ast-disable-related-posts":"","theme-transparent-header-meta":"","adv-header-id-meta":"","stick-header-meta":"","header-above-stick-meta":"","header-main-stick-meta":"","header-below-stick-meta":"","astra-migrate-meta-layouts":"set","ast-page-background-enabled":"default","ast-page-background-meta":{"desktop":{"background-color":"","background-image":"","background-repeat":"repeat","background-position":"center center","background-size":"auto","background-attachment":"scroll","background-type":"","background-media":"","overlay-type":"","overlay-color":"","overlay-opacity":"","overlay-gradient":""},"tablet":{"background-color":"","background-image":"","background-repeat":"repeat","background-position":"center center","background-size":"auto","background-attachment":"scroll","background-type":"","background-media":"","overlay-type":"","overlay-color":"","overlay-opacity":"","overlay-gradient":""},"mobile":{"background-color":"","background-image":"","background-repeat":"repeat","background-position":"center center","background-size":"auto","background-attachment":"scroll","background-type":"","background-media":"","overlay-type":"","overlay-color":"","overlay-opacity":"","overlay-gradient":""}},"ast-content-background-meta":{"desktop":{"background-color":"var(--ast-global-color-5)","background-image":"","background-repeat":"repeat","background-position":"center center","background-size":"auto","background-attachment":"scroll","background-type":"","background-media":"","overlay-type":"","overlay-color":"","overlay-opacity":"","overlay-gradient":""},"tablet":{"background-color":"var(--ast-global-color-5)","background-image":"","background-repeat":"repeat","background-position":"center center","background-size":"auto","background-attachment":"scroll","background-type":"","background-media":"","overlay-type":"","overlay-color":"","overlay-opacity":"","overlay-gradient":""},"mobile":{"background-color":"var(--ast-global-color-5)","background-image":"","background-repeat":"repeat","background-position":"center center","background-size":"auto","background-attachment":"scroll","background-type":"","background-media":"","overlay-type":"","overlay-color":"","overlay-opacity":"","overlay-gradient":""}},"footnotes":""},"class_list":["post-7798","page","type-page","status-publish","hentry"],"_links":{"self":[{"href":"https:\/\/revnink.com\/ro\/wp-json\/wp\/v2\/pages\/7798","targetHints":{"allow":["GET"]}}],"collection":[{"href":"https:\/\/revnink.com\/ro\/wp-json\/wp\/v2\/pages"}],"about":[{"href":"https:\/\/revnink.com\/ro\/wp-json\/wp\/v2\/types\/page"}],"author":[{"embeddable":true,"href":"https:\/\/revnink.com\/ro\/wp-json\/wp\/v2\/users\/1"}],"replies":[{"embeddable":true,"href":"https:\/\/revnink.com\/ro\/wp-json\/wp\/v2\/comments?post=7798"}],"version-history":[{"count":0,"href":"https:\/\/revnink.com\/ro\/wp-json\/wp\/v2\/pages\/7798\/revisions"}],"wp:attachment":[{"href":"https:\/\/revnink.com\/ro\/wp-json\/wp\/v2\/media?parent=7798"}],"curies":[{"name":"wp","href":"https:\/\/api.w.org\/{rel}","templated":true}]}}