{"id":6040,"date":"2024-08-24T12:49:15","date_gmt":"2024-08-24T12:49:15","guid":{"rendered":"https:\/\/revnink.com\/?post_type=product&#038;p=6040"},"modified":"2025-05-10T11:17:23","modified_gmt":"2025-05-10T11:17:23","slug":"tricou-dama-personalizat","status":"publish","type":"product","link":"https:\/\/revnink.com\/ro\/product\/tricou-dama-personalizat\/","title":{"rendered":".Tricou Dam\u0103 Personalizat"},"content":{"rendered":"<p>Aceste tricouri personalizabile sunt solu\u021bia perfect\u0103 pentru cei care doresc s\u0103-\u0219i exprime individualitatea sau s\u0103 creeze un impact memorabil pentru diverse ocazii. Fabricate din material de \u00eenalt\u0103 calitate, ofer\u0103 un confort superior \u0219i durabilitate \u00een timp.<\/p>\n<p>Tricourile pot fi personalizate cu orice design, text sau logo.<\/p>\n<p><strong>Avantaje:<\/strong><br \/>\n&#8211; Versatilitate: Posibilitatea de personalizare face ca aceste tricouri s\u0103 fie potrivite pentru o gam\u0103 larg\u0103 de utiliz\u0103ri, de la uniforme corporate, echipamente pentru echipe sportive, la cadouri unice sau suveniruri pentru evenimente speciale.<br \/>\n&#8211; Promovare: Tricourile personalizate sunt un instrument excelent de marketing, fiind ideale pentru promovarea afacerii, campanii publicitare sau evenimente.<br \/>\n&#8211; Creativitate: Ai libertatea de a crea un design unic care s\u0103 reflecte exact mesajul sau stilul t\u0103u.<\/p>\n<p><strong>Utiliz\u0103ri:<\/strong><br \/>\n&#8211; Evenimente corporative<br \/>\n&#8211; Echipamente pentru echipe sportive<br \/>\n&#8211; Cadouri personalizate pentru prieteni sau familie<br \/>\n&#8211; Campanii de promovare \u0219i publicitate<br \/>\n&#8211; Suveniruri pentru evenimente speciale<\/p>\n<p>Fie c\u0103 vrei s\u0103 creezi un aspect uniform pentru echipa ta sau s\u0103 oferi un cadou personalizat, aceste tricouri sunt op\u021biunea ideal\u0103 pentru a-\u021bi aduce ideile la via\u021b\u0103!<\/p>\n","protected":false},"excerpt":{"rendered":"<p><span style=\"color: #800000;\">Orice interven\u021bie asupra graficii sau necesitatea de<br \/>\n<\/span><span style=\"color: #800000;\">concep\u021bie grafic\u0103 se taxeaz\u0103 suplimentar.<br \/>\n<\/span><strong>Pentru a plasa comanda:<\/strong><br \/>\n\u2022 Selecteaz\u0103 culoarea, m\u0103rimea \u0219i zona de personalizare.<br \/>\n\u2022 Adaug\u0103 detalii relevante \u00een c\u00e2mpul &#8216;Not\u0103 la comand\u0103&#8217;.<br \/>\n\u2022 \u00cencarc\u0103 grafica dorit\u0103 pentru personalizare tricoului.<br \/>\n\u2022 Selecteaz\u0103 cantitatea \u0219i apas\u0103 \u201eAdaug\u0103 \u00een co\u0219\u201d.<\/p>\n","protected":false},"featured_media":6008,"template":"","meta":{"site-sidebar-layout":"no-sidebar","site-content-layout":"","ast-site-content-layout":"default","site-content-style":"default","site-sidebar-style":"default","ast-global-header-display":"","ast-banner-title-visibility":"","ast-main-header-display":"","ast-hfb-above-header-display":"","ast-hfb-below-header-display":"","ast-hfb-mobile-header-display":"","site-post-title":"","ast-breadcrumbs-content":"","ast-featured-img":"","footer-sml-layout":"","ast-disable-related-posts":"","theme-transparent-header-meta":"default","adv-header-id-meta":"","stick-header-meta":"","header-above-stick-meta":"","header-main-stick-meta":"","header-below-stick-meta":"","astra-migrate-meta-layouts":"set","ast-page-background-enabled":"default","ast-page-background-meta":{"desktop":{"background-color":"","background-image":"","background-repeat":"repeat","background-position":"center center","background-size":"auto","background-attachment":"scroll","background-type":"","background-media":"","overlay-type":"","overlay-color":"","overlay-opacity":"","overlay-gradient":""},"tablet":{"background-color":"","background-image":"","background-repeat":"repeat","background-position":"center center","background-size":"auto","background-attachment":"scroll","background-type":"","background-media":"","overlay-type":"","overlay-color":"","overlay-opacity":"","overlay-gradient":""},"mobile":{"background-color":"","background-image":"","background-repeat":"repeat","background-position":"center center","background-size":"auto","background-attachment":"scroll","background-type":"","background-media":"","overlay-type":"","overlay-color":"","overlay-opacity":"","overlay-gradient":""}},"ast-content-background-meta":{"desktop":{"background-color":"var(--ast-global-color-5)","background-image":"","background-repeat":"repeat","background-position":"center center","background-size":"auto","background-attachment":"scroll","background-type":"","background-media":"","overlay-type":"","overlay-color":"","overlay-opacity":"","overlay-gradient":""},"tablet":{"background-color":"var(--ast-global-color-5)","background-image":"","background-repeat":"repeat","background-position":"center center","background-size":"auto","background-attachment":"scroll","background-type":"","background-media":"","overlay-type":"","overlay-color":"","overlay-opacity":"","overlay-gradient":""},"mobile":{"background-color":"var(--ast-global-color-5)","background-image":"","background-repeat":"repeat","background-position":"center center","background-size":"auto","background-attachment":"scroll","background-type":"","background-media":"","overlay-type":"","overlay-color":"","overlay-opacity":"","overlay-gradient":""}}},"product_brand":[],"product_cat":[27],"product_tag":[90,89,87],"class_list":{"0":"post-6040","1":"product","2":"type-product","3":"status-publish","4":"has-post-thumbnail","6":"product_cat-imbracaminte","7":"product_tag-dama","8":"product_tag-personalizat","9":"product_tag-tricou","10":"pa_culori-alb","11":"pa_culori-negru","12":"pa_pozitionare-grafica-fata","13":"pa_pozitionare-grafica-fata-spate","14":"pa_pozitionare-grafica-spate","15":"desktop-align-center","16":"tablet-align-center","17":"mobile-align-center","18":"wcpa_has_options","20":"first","21":"instock","22":"featured","23":"shipping-taxable","24":"purchasable","25":"product-type-variable"},"_links":{"self":[{"href":"https:\/\/revnink.com\/ro\/wp-json\/wp\/v2\/product\/6040","targetHints":{"allow":["GET"]}}],"collection":[{"href":"https:\/\/revnink.com\/ro\/wp-json\/wp\/v2\/product"}],"about":[{"href":"https:\/\/revnink.com\/ro\/wp-json\/wp\/v2\/types\/product"}],"wp:featuredmedia":[{"embeddable":true,"href":"https:\/\/revnink.com\/ro\/wp-json\/wp\/v2\/media\/6008"}],"wp:attachment":[{"href":"https:\/\/revnink.com\/ro\/wp-json\/wp\/v2\/media?parent=6040"}],"wp:term":[{"taxonomy":"product_brand","embeddable":true,"href":"https:\/\/revnink.com\/ro\/wp-json\/wp\/v2\/product_brand?post=6040"},{"taxonomy":"product_cat","embeddable":true,"href":"https:\/\/revnink.com\/ro\/wp-json\/wp\/v2\/product_cat?post=6040"},{"taxonomy":"product_tag","embeddable":true,"href":"https:\/\/revnink.com\/ro\/wp-json\/wp\/v2\/product_tag?post=6040"}],"curies":[{"name":"wp","href":"https:\/\/api.w.org\/{rel}","templated":true}]}}