{"id":6694,"date":"2025-01-05T13:15:44","date_gmt":"2025-01-05T13:15:44","guid":{"rendered":"https:\/\/revnink.com\/?post_type=product&#038;p=6694"},"modified":"2026-04-01T16:58:41","modified_gmt":"2026-04-01T16:58:41","slug":"figurina-mewtwo-copy","status":"publish","type":"product","link":"https:\/\/revnink.com\/ro\/product\/figurina-mewtwo-copy\/","title":{"rendered":"Figurin\u0103 &#8211; Mewtwo &#8211; Monocrom"},"content":{"rendered":"<p>Aceast\u0103 figurin\u0103 unic\u0103, printat\u0103 3D, \u00eel reprezint\u0103 pe Mewtwo, unul dintre cele mai iconice personaje din universul Pok\u00e9mon.<br \/>\nRealizat\u0103 cu aten\u021bie la detalii, figurina surprinde perfect caracteristicile acestui personaj legendar.<br \/>\nPoate fi expus\u0103 \u00een forma sa monocrom\u0103 pentru un aspect modern \u0219i minimalist, sau po\u021bi s\u0103 o pictezi \u0219i s\u0103 \u00eei dai astfel via\u021b\u0103 \u0219i vivacitate.<br \/>\nLas\u0103-\u021bi imagina\u021bia s\u0103 dea culori acestei figurine \u0219i adu astfel un plus de personalitate camerei tale.<br \/>\nIdeal\u0103 pentru colec\u021bionarii \u0219i fanii seriei Pok\u00e9mon, aceast\u0103 figurin\u0103 este nu doar un obiect decorativ, ci \u0219i o oportunitate de a-\u021bi pune \u00een valoare creativitatea!<\/p>\n","protected":false},"excerpt":{"rendered":"<p>Figurin\u0103 Mewtwo, unul dintre cele mai iconice personaje din universul Pok\u00e9mon.<\/p>\n<p><span style=\"color: #800000;\"><span style=\"color: #333333;\"><strong>Alte detalii:<\/strong><\/span><\/span><br \/>\nMONOCORM &#8211; toate componentele vor fi aceea\u0219i culoare;<br \/>\n<span style=\"color: #800000;\"><span style=\"color: #333333;\">Produsele sunt realizate \u00een culorile standard: <strong>alb sau negru<\/strong>.<\/span><br \/>\n<span style=\"color: #333333;\">Pentru alte culori,<\/span> <a style=\"color: #808000; font-weight: bold;\" href=\"https:\/\/revnink.com\/ro\/contact\/\">solicita\u021bi o ofert\u0103 de pre\u021b<\/a><span style=\"color: #808000;\">.<\/span><br \/>\n<span style=\"color: #800000; font-size: 13px;\">*<span style=\"color: #808080;\">Imaginea este cu titlu informativ \u0219i poate s\u0103 difere fa\u021b\u0103 de produsul final.<\/span>*<\/span><\/span><\/p>\n","protected":false},"featured_media":5993,"template":"","meta":{"site-sidebar-layout":"no-sidebar","site-content-layout":"","ast-site-content-layout":"default","site-content-style":"default","site-sidebar-style":"default","ast-global-header-display":"","ast-banner-title-visibility":"","ast-main-header-display":"","ast-hfb-above-header-display":"","ast-hfb-below-header-display":"","ast-hfb-mobile-header-display":"","site-post-title":"","ast-breadcrumbs-content":"","ast-featured-img":"","footer-sml-layout":"","ast-disable-related-posts":"","theme-transparent-header-meta":"default","adv-header-id-meta":"","stick-header-meta":"","header-above-stick-meta":"","header-main-stick-meta":"","header-below-stick-meta":"","astra-migrate-meta-layouts":"set","ast-page-background-enabled":"default","ast-page-background-meta":{"desktop":{"background-color":"","background-image":"","background-repeat":"repeat","background-position":"center center","background-size":"auto","background-attachment":"scroll","background-type":"","background-media":"","overlay-type":"","overlay-color":"","overlay-opacity":"","overlay-gradient":""},"tablet":{"background-color":"","background-image":"","background-repeat":"repeat","background-position":"center center","background-size":"auto","background-attachment":"scroll","background-type":"","background-media":"","overlay-type":"","overlay-color":"","overlay-opacity":"","overlay-gradient":""},"mobile":{"background-color":"","background-image":"","background-repeat":"repeat","background-position":"center center","background-size":"auto","background-attachment":"scroll","background-type":"","background-media":"","overlay-type":"","overlay-color":"","overlay-opacity":"","overlay-gradient":""}},"ast-content-background-meta":{"desktop":{"background-color":"var(--ast-global-color-5)","background-image":"","background-repeat":"repeat","background-position":"center center","background-size":"auto","background-attachment":"scroll","background-type":"","background-media":"","overlay-type":"","overlay-color":"","overlay-opacity":"","overlay-gradient":""},"tablet":{"background-color":"var(--ast-global-color-5)","background-image":"","background-repeat":"repeat","background-position":"center center","background-size":"auto","background-attachment":"scroll","background-type":"","background-media":"","overlay-type":"","overlay-color":"","overlay-opacity":"","overlay-gradient":""},"mobile":{"background-color":"var(--ast-global-color-5)","background-image":"","background-repeat":"repeat","background-position":"center center","background-size":"auto","background-attachment":"scroll","background-type":"","background-media":"","overlay-type":"","overlay-color":"","overlay-opacity":"","overlay-gradient":""}}},"product_brand":[],"product_cat":[29],"product_tag":[66,75,76,65],"class_list":{"0":"post-6694","1":"product","2":"type-product","3":"status-publish","4":"has-post-thumbnail","6":"product_cat-print3d","7":"product_tag-3d","8":"product_tag-figurina","9":"product_tag-pokemon","10":"product_tag-print","11":"pa_optiuni-3d-colorat","12":"pa_optiuni-3d-monocrom","13":"pa_optiuni-3d-pictat","14":"desktop-align-center","15":"tablet-align-center","16":"mobile-align-center","17":"wcpa_has_options","19":"first","20":"instock","21":"featured","22":"shipping-taxable","23":"purchasable","24":"product-type-simple"},"_links":{"self":[{"href":"https:\/\/revnink.com\/ro\/wp-json\/wp\/v2\/product\/6694","targetHints":{"allow":["GET"]}}],"collection":[{"href":"https:\/\/revnink.com\/ro\/wp-json\/wp\/v2\/product"}],"about":[{"href":"https:\/\/revnink.com\/ro\/wp-json\/wp\/v2\/types\/product"}],"wp:featuredmedia":[{"embeddable":true,"href":"https:\/\/revnink.com\/ro\/wp-json\/wp\/v2\/media\/5993"}],"wp:attachment":[{"href":"https:\/\/revnink.com\/ro\/wp-json\/wp\/v2\/media?parent=6694"}],"wp:term":[{"taxonomy":"product_brand","embeddable":true,"href":"https:\/\/revnink.com\/ro\/wp-json\/wp\/v2\/product_brand?post=6694"},{"taxonomy":"product_cat","embeddable":true,"href":"https:\/\/revnink.com\/ro\/wp-json\/wp\/v2\/product_cat?post=6694"},{"taxonomy":"product_tag","embeddable":true,"href":"https:\/\/revnink.com\/ro\/wp-json\/wp\/v2\/product_tag?post=6694"}],"curies":[{"name":"wp","href":"https:\/\/api.w.org\/{rel}","templated":true}]}}