{"id":7082,"date":"2025-02-03T10:35:03","date_gmt":"2025-02-03T10:35:03","guid":{"rendered":"https:\/\/revnink.com\/?post_type=product&#038;p=7082"},"modified":"2026-04-01T16:44:32","modified_gmt":"2026-04-01T16:44:32","slug":"suport-de-telefon","status":"publish","type":"product","link":"https:\/\/revnink.com\/ro\/product\/suport-de-telefon\/","title":{"rendered":"Suport de telefon"},"content":{"rendered":"<p>Suport pentru telefon, realizat prin imprimare 3D, este solu\u021bia ideal\u0103 pentru a-\u021bi men\u021bine dispozitivul \u00eentr-o pozi\u021bie stabil\u0103.<br \/>\nIdeal pentru apeluri video, urm\u0103rirea tutorialelor sau lucrul hands-free.<br \/>\nCu un design modern \u0219i o suprafa\u021b\u0103 texturat\u0103 pentru aderen\u021b\u0103 maxim\u0103, acest accesoriu este perfect pentru birou, acas\u0103 sau \u00een deplasare.<br \/>\nAcest suport este alegerea perfect\u0103 pentru oricine dore\u0219te un accesoriu practic, elegant \u0219i func\u021bional pentru telefonul mobil!<\/p>\n","protected":false},"excerpt":{"rendered":"<p>Suport elegant \u0219i func\u021bional pentru telefonul mobil.<\/p>\n<p><span style=\"color: #800000;\"><span style=\"color: #333333;\"><strong>Alte detalii:<br \/>\n<\/strong>Produsele sunt realizate \u00een culorile standard: <strong>alb sau negru<\/strong>.<\/span><br \/>\n<span style=\"color: #333333;\">Pentru alte culori,<\/span> <a style=\"color: #808000; font-weight: bold;\" href=\"https:\/\/revnink.com\/ro\/contact\/\">solicita\u021bi o ofert\u0103 de pre\u021b<\/a><span style=\"color: #808000;\">.<\/span><br \/>\n<span style=\"color: #800000; font-size: 13px;\">*<span style=\"color: #808080;\">Imaginea este cu titlu informativ \u0219i poate s\u0103 difere fa\u021b\u0103 de produsul final.<\/span>*<\/span><\/span><\/p>\n","protected":false},"featured_media":7085,"template":"","meta":{"site-sidebar-layout":"no-sidebar","site-content-layout":"","ast-site-content-layout":"default","site-content-style":"default","site-sidebar-style":"default","ast-global-header-display":"","ast-banner-title-visibility":"","ast-main-header-display":"","ast-hfb-above-header-display":"","ast-hfb-below-header-display":"","ast-hfb-mobile-header-display":"","site-post-title":"","ast-breadcrumbs-content":"","ast-featured-img":"","footer-sml-layout":"","ast-disable-related-posts":"","theme-transparent-header-meta":"default","adv-header-id-meta":"","stick-header-meta":"","header-above-stick-meta":"","header-main-stick-meta":"","header-below-stick-meta":"","astra-migrate-meta-layouts":"set","ast-page-background-enabled":"default","ast-page-background-meta":{"desktop":{"background-color":"","background-image":"","background-repeat":"repeat","background-position":"center center","background-size":"auto","background-attachment":"scroll","background-type":"","background-media":"","overlay-type":"","overlay-color":"","overlay-opacity":"","overlay-gradient":""},"tablet":{"background-color":"","background-image":"","background-repeat":"repeat","background-position":"center center","background-size":"auto","background-attachment":"scroll","background-type":"","background-media":"","overlay-type":"","overlay-color":"","overlay-opacity":"","overlay-gradient":""},"mobile":{"background-color":"","background-image":"","background-repeat":"repeat","background-position":"center center","background-size":"auto","background-attachment":"scroll","background-type":"","background-media":"","overlay-type":"","overlay-color":"","overlay-opacity":"","overlay-gradient":""}},"ast-content-background-meta":{"desktop":{"background-color":"var(--ast-global-color-5)","background-image":"","background-repeat":"repeat","background-position":"center center","background-size":"auto","background-attachment":"scroll","background-type":"","background-media":"","overlay-type":"","overlay-color":"","overlay-opacity":"","overlay-gradient":""},"tablet":{"background-color":"var(--ast-global-color-5)","background-image":"","background-repeat":"repeat","background-position":"center center","background-size":"auto","background-attachment":"scroll","background-type":"","background-media":"","overlay-type":"","overlay-color":"","overlay-opacity":"","overlay-gradient":""},"mobile":{"background-color":"var(--ast-global-color-5)","background-image":"","background-repeat":"repeat","background-position":"center center","background-size":"auto","background-attachment":"scroll","background-type":"","background-media":"","overlay-type":"","overlay-color":"","overlay-opacity":"","overlay-gradient":""}}},"product_brand":[],"product_cat":[29],"product_tag":[66,63,131],"class_list":{"0":"post-7082","1":"product","2":"type-product","3":"status-publish","4":"has-post-thumbnail","6":"product_cat-print3d","7":"product_tag-3d","8":"product_tag-suport","9":"product_tag-telefon","10":"pa_culori-3d-alb-negru","11":"pa_culori-3d-alte-culori","12":"desktop-align-center","13":"tablet-align-center","14":"mobile-align-center","15":"wcpa_has_options","17":"first","18":"instock","19":"featured","20":"shipping-taxable","21":"purchasable","22":"product-type-simple"},"_links":{"self":[{"href":"https:\/\/revnink.com\/ro\/wp-json\/wp\/v2\/product\/7082","targetHints":{"allow":["GET"]}}],"collection":[{"href":"https:\/\/revnink.com\/ro\/wp-json\/wp\/v2\/product"}],"about":[{"href":"https:\/\/revnink.com\/ro\/wp-json\/wp\/v2\/types\/product"}],"wp:featuredmedia":[{"embeddable":true,"href":"https:\/\/revnink.com\/ro\/wp-json\/wp\/v2\/media\/7085"}],"wp:attachment":[{"href":"https:\/\/revnink.com\/ro\/wp-json\/wp\/v2\/media?parent=7082"}],"wp:term":[{"taxonomy":"product_brand","embeddable":true,"href":"https:\/\/revnink.com\/ro\/wp-json\/wp\/v2\/product_brand?post=7082"},{"taxonomy":"product_cat","embeddable":true,"href":"https:\/\/revnink.com\/ro\/wp-json\/wp\/v2\/product_cat?post=7082"},{"taxonomy":"product_tag","embeddable":true,"href":"https:\/\/revnink.com\/ro\/wp-json\/wp\/v2\/product_tag?post=7082"}],"curies":[{"name":"wp","href":"https:\/\/api.w.org\/{rel}","templated":true}]}}