{"id":7509,"date":"2025-03-20T12:05:22","date_gmt":"2025-03-20T12:05:22","guid":{"rendered":"https:\/\/revnink.com\/?post_type=product&#038;p=7509"},"modified":"2025-03-20T13:12:08","modified_gmt":"2025-03-20T13:12:08","slug":"tricou-voluntar","status":"publish","type":"product","link":"https:\/\/revnink.com\/ro\/product\/tricou-voluntar\/","title":{"rendered":"Tricou &#8211; VOLUNTAR"},"content":{"rendered":"<p>Tricou dedicat voluntarilor, ideal pentru evenimente \u0219i activit\u0103\u021bi de implicare comunitar\u0103.<\/p>\n<p>Mesajul <strong>&#8222;VOLUNTAR&#8221;<\/strong> este eviden\u021biat \u00eentr-un font clar \u0219i vizibil, reflect\u00e2nd dedicarea \u0219i spiritul de ajutorare al celor implica\u021bi.<\/p>\n<p><strong>Disponibil \u00een culorile:<\/strong> negru \u0219i alb<br \/>\n<strong>Ideal pentru:<\/strong> evenimente de voluntariat, ac\u021biuni caritabile, tabere, festivaluri \u0219i orice activitate unde implicarea conteaz\u0103.<\/p>\n<p>Acest tricou este perfect pentru cei care \u00ee\u0219i dedic\u0103 timpul \u0219i energia pentru a face o diferen\u021b\u0103 \u00een comunitate, simboliz\u00e2nd angajamentul \u0219i altruismul.<\/p>\n","protected":false},"excerpt":{"rendered":"<p>Tricou dedicat voluntarilor!<br \/>\n<strong>Pentru a plasa comanda:<\/strong><br \/>\n\u2022 Selecteaz\u0103 culoarea, modelul, m\u0103rimea \u0219i pozi\u021bia grafici;<br \/>\n\u2022 La nevoie adaug\u0103 detalii relevante \u00een c\u00e2mpul &#8216;Not\u0103 la comand\u0103&#8217;.<br \/>\n\u2022 Selecteaz\u0103 cantitatea \u0219i apas\u0103 \u201eAdaug\u0103 \u00een co\u0219\u201d.<\/p>\n","protected":false},"featured_media":7537,"template":"","meta":{"site-sidebar-layout":"no-sidebar","site-content-layout":"","ast-site-content-layout":"default","site-content-style":"default","site-sidebar-style":"default","ast-global-header-display":"","ast-banner-title-visibility":"","ast-main-header-display":"","ast-hfb-above-header-display":"","ast-hfb-below-header-display":"","ast-hfb-mobile-header-display":"","site-post-title":"","ast-breadcrumbs-content":"","ast-featured-img":"","footer-sml-layout":"","ast-disable-related-posts":"","theme-transparent-header-meta":"default","adv-header-id-meta":"","stick-header-meta":"","header-above-stick-meta":"","header-main-stick-meta":"","header-below-stick-meta":"","astra-migrate-meta-layouts":"set","ast-page-background-enabled":"default","ast-page-background-meta":{"desktop":{"background-color":"","background-image":"","background-repeat":"repeat","background-position":"center center","background-size":"auto","background-attachment":"scroll","background-type":"","background-media":"","overlay-type":"","overlay-color":"","overlay-opacity":"","overlay-gradient":""},"tablet":{"background-color":"","background-image":"","background-repeat":"repeat","background-position":"center center","background-size":"auto","background-attachment":"scroll","background-type":"","background-media":"","overlay-type":"","overlay-color":"","overlay-opacity":"","overlay-gradient":""},"mobile":{"background-color":"","background-image":"","background-repeat":"repeat","background-position":"center center","background-size":"auto","background-attachment":"scroll","background-type":"","background-media":"","overlay-type":"","overlay-color":"","overlay-opacity":"","overlay-gradient":""}},"ast-content-background-meta":{"desktop":{"background-color":"var(--ast-global-color-5)","background-image":"","background-repeat":"repeat","background-position":"center center","background-size":"auto","background-attachment":"scroll","background-type":"","background-media":"","overlay-type":"","overlay-color":"","overlay-opacity":"","overlay-gradient":""},"tablet":{"background-color":"var(--ast-global-color-5)","background-image":"","background-repeat":"repeat","background-position":"center center","background-size":"auto","background-attachment":"scroll","background-type":"","background-media":"","overlay-type":"","overlay-color":"","overlay-opacity":"","overlay-gradient":""},"mobile":{"background-color":"var(--ast-global-color-5)","background-image":"","background-repeat":"repeat","background-position":"center center","background-size":"auto","background-attachment":"scroll","background-type":"","background-media":"","overlay-type":"","overlay-color":"","overlay-opacity":"","overlay-gradient":""}}},"product_brand":[],"product_cat":[27],"product_tag":[161,90,87,162],"class_list":{"0":"post-7509","1":"product","2":"type-product","3":"status-publish","4":"has-post-thumbnail","6":"product_cat-imbracaminte","7":"product_tag-barbat","8":"product_tag-dama","9":"product_tag-tricou","10":"product_tag-voluntar","11":"pa_culori-alb","12":"pa_culori-negru","13":"pa_pozitionare-grafica-fata","14":"pa_pozitionare-grafica-spate","15":"desktop-align-center","16":"tablet-align-center","17":"mobile-align-center","18":"wcpa_has_options","20":"first","21":"instock","22":"featured","23":"shipping-taxable","24":"purchasable","25":"product-type-variable"},"_links":{"self":[{"href":"https:\/\/revnink.com\/ro\/wp-json\/wp\/v2\/product\/7509","targetHints":{"allow":["GET"]}}],"collection":[{"href":"https:\/\/revnink.com\/ro\/wp-json\/wp\/v2\/product"}],"about":[{"href":"https:\/\/revnink.com\/ro\/wp-json\/wp\/v2\/types\/product"}],"wp:featuredmedia":[{"embeddable":true,"href":"https:\/\/revnink.com\/ro\/wp-json\/wp\/v2\/media\/7537"}],"wp:attachment":[{"href":"https:\/\/revnink.com\/ro\/wp-json\/wp\/v2\/media?parent=7509"}],"wp:term":[{"taxonomy":"product_brand","embeddable":true,"href":"https:\/\/revnink.com\/ro\/wp-json\/wp\/v2\/product_brand?post=7509"},{"taxonomy":"product_cat","embeddable":true,"href":"https:\/\/revnink.com\/ro\/wp-json\/wp\/v2\/product_cat?post=7509"},{"taxonomy":"product_tag","embeddable":true,"href":"https:\/\/revnink.com\/ro\/wp-json\/wp\/v2\/product_tag?post=7509"}],"curies":[{"name":"wp","href":"https:\/\/api.w.org\/{rel}","templated":true}]}}